{"id":114860,"date":"2026-02-03T14:06:08","date_gmt":"2026-02-03T13:06:08","guid":{"rendered":"https:\/\/www.raschvin.com\/?post_type=product&#038;p=114860"},"modified":"2026-02-03T14:10:48","modified_gmt":"2026-02-03T13:10:48","slug":"momento-rosa-tempranillo-rose-2023-eco-75-cl-kopier","status":"publish","type":"product","link":"https:\/\/www.raschvin.com\/sv\/produkt\/momento-rosa-tempranillo-rose-2023-eco-75-cl-kopier\/","title":{"rendered":"Born Ros\u00e9 2024 Organic (ECO) 75 cl."},"content":{"rendered":"<p data-start=\"1741\" data-end=\"2241\">Born Ros\u00e9 Organic, \u00e5rg\u00e5ng 2024, har sina r\u00f6tter i soliga Pened\u00e8s i nord\u00f6stra Spanien, inte l\u00e5ngt fr\u00e5n Barcelona. Omr\u00e5det \u00e4r k\u00e4nt f\u00f6r sitt milda medelhavsklimat med varma dagar, svala n\u00e4tter och en frisk bris fr\u00e5n havet, vilket ger druvorna en balanserad mognad och naturlig syra. Vinstockarna odlas i kalkrik jord som bidrar till vinets finess och elegans. Ett h\u00e5llbart arbetss\u00e4tt i ving\u00e5rden respekterar b\u00e5de naturen och druvornas karakt\u00e4r, och det speglas tydligt i vinets rena och livliga uttryck.<\/p>\n<p data-start=\"2243\" data-end=\"2593\">Vinet presenterar sig med en elegant, ljus laxrosa f\u00e4rg och en inbjudande doft av vilda jordgubbar, r\u00f6da k\u00f6rsb\u00e4r och en liten ton av citrusblom. I munnen \u00e4r det l\u00e4tt och friskt med krispig syra och en silkeslen textur. Smaknoterna bjuder p\u00e5 hallon, rosa grapefrukt och en antydan av persika, som rundas av i en mineralisk och uppfriskande avslutning.<\/p>\n<p data-start=\"2595\" data-end=\"2652\"><strong data-start=\"2595\" data-end=\"2607\">91 PO\u00c4NG<\/strong><br data-start=\"2607\" data-end=\"2610\" \/>Mad &amp; Monopolet<br data-start=\"2625\" data-end=\"2628\" \/>\u201cVERKLIGEN EN L\u00c4CKERBIT\u201d<\/p>\n<p data-start=\"2654\" data-end=\"3037\">Du beh\u00f6ver inte sitta p\u00e5 Ramblaen i Barcelona och betala 8 euro f\u00f6r ett glas ros\u00e9 f\u00f6r att k\u00e4nna att du \u00e4r p\u00e5 semester \u2013 du kan betala lite mer och f\u00e5 en flaska som f\u00e5r dig att k\u00e4nna att du \u00e4r p\u00e5 semester. Det h\u00e4r \u00e4r verkligen en l\u00e4ckerbit \u2013 gjord p\u00e5 Tempranillo med doft av citrus, hallon, persika, apelsinskal och vita blommor. I munnen \u00e4r den frisk, rund och har en h\u00e4rlig elegans.<\/p>\n<h3 data-start=\"3039\" data-end=\"3055\">Om Born Ros\u00e9<\/h3>\n<p data-start=\"3056\" data-end=\"3306\">Born Ros\u00e9 best\u00e5r av en grupp kvinnor fr\u00e5n Barcelona som brinner f\u00f6r ros\u00e9vin. S\u00e5 mycket att de har lagt all sin k\u00e4rlek, energi och sina sparpengar i projektet Born Ros\u00e9. Alla vinerna \u00e4r 100% ekologiska, l\u00e4tta, friska, torra och med en l\u00e5g alkoholhalt.<\/p>\n<p data-start=\"3308\" data-end=\"3421\">Born Ros\u00e9 har inte funnits p\u00e5 marknaden s\u00e4rskilt l\u00e4nge, men har redan under sin korta tid f\u00e5tt flera utm\u00e4rkelser.<\/p>\n","protected":false},"excerpt":{"rendered":"<p>Born Ros\u00e9 &#8211; Spain<\/p>\n","protected":false},"featured_media":114879,"template":"","meta":{"_acf_changed":false,"rs_blank_template":"","rs_page_bg_color":"","slide_template_v7":""},"product_brand":[],"product_cat":[7779,2788,2796],"product_tag":[],"class_list":{"0":"post-114860","1":"product","2":"type-product","3":"status-publish","4":"has-post-thumbnail","6":"product_cat-sommar-rose","7":"product_cat-vin-sv","8":"product_cat-rosevin-sv","9":"pa_aargang-2024-sv","10":"pa_drue-grenache-sv","11":"pa_drue-tempranillo-sv","12":"pa_land-spanien-sv","13":"pa_oekologisk-yes-sv","14":"pa_procent-12-sv","15":"pa_producent-born-rose-sv","16":"pa_region-barcelona-sv","17":"pa_serveringstemperatur-8-10-sv","18":"pa_volume-75-sv","20":"first","21":"instock","22":"taxable","23":"shipping-taxable","24":"purchasable","25":"product-type-simple"},"bundled_by":[],"bundle_stock_status":"instock","bundle_stock_quantity":null,"bundle_virtual":false,"bundle_layout":"","bundle_add_to_cart_form_location":"","bundle_editable_in_cart":false,"bundle_sold_individually_context":"","bundle_item_grouping":"","bundle_min_size":"","bundle_max_size":"","bundle_price":[],"bundled_items":[],"bundle_sell_ids":[],"acf":[],"_links":{"self":[{"href":"https:\/\/www.raschvin.com\/sv\/wp-json\/wp\/v2\/product\/114860","targetHints":{"allow":["GET"]}}],"collection":[{"href":"https:\/\/www.raschvin.com\/sv\/wp-json\/wp\/v2\/product"}],"about":[{"href":"https:\/\/www.raschvin.com\/sv\/wp-json\/wp\/v2\/types\/product"}],"wp:featuredmedia":[{"embeddable":true,"href":"https:\/\/www.raschvin.com\/sv\/wp-json\/wp\/v2\/media\/114879"}],"wp:attachment":[{"href":"https:\/\/www.raschvin.com\/sv\/wp-json\/wp\/v2\/media?parent=114860"}],"wp:term":[{"taxonomy":"product_brand","embeddable":true,"href":"https:\/\/www.raschvin.com\/sv\/wp-json\/wp\/v2\/product_brand?post=114860"},{"taxonomy":"product_cat","embeddable":true,"href":"https:\/\/www.raschvin.com\/sv\/wp-json\/wp\/v2\/product_cat?post=114860"},{"taxonomy":"product_tag","embeddable":true,"href":"https:\/\/www.raschvin.com\/sv\/wp-json\/wp\/v2\/product_tag?post=114860"}],"curies":[{"name":"wp","href":"https:\/\/api.w.org\/{rel}","templated":true}]}}