{"id":114547,"date":"2026-01-30T08:29:53","date_gmt":"2026-01-30T07:29:53","guid":{"rendered":"https:\/\/www.raschvin.com\/?post_type=product&#038;p=114547"},"modified":"2026-01-30T08:36:25","modified_gmt":"2026-01-30T07:36:25","slug":"leo-steen-grenache-rose-2022-eco-75-cl-kopier","status":"publish","type":"product","link":"https:\/\/www.raschvin.com\/sv\/produkt\/leo-steen-grenache-rose-2022-eco-75-cl-kopier\/","title":{"rendered":"Momento Rosa Tempranillo Ros\u00e9 2023 (ECO) 75 cl."},"content":{"rendered":"<p data-start=\"11\" data-end=\"466\">Det \u00e4r Bodegas Yuntero \/ Cooperativa Jes\u00fas del Perd\u00f3n n\u00e4ra Manzanares Membrilla (Castilla-La Mancha) som producerar denna ros\u00e9. Vinhuset grundades 1954 och f\u00e5r idag druvor fr\u00e5n inte mindre \u00e4n 102 odlare, varav en del odlar sina marker ekologiskt. Spaniens mest ber\u00f6mda r\u00f6dvinsdruva, Tempranillo, har ocks\u00e5 visat sig ge utm\u00e4rkta ros\u00e9viner med mycket arom, saftighet och omedelbar frukt. Det \u00e4r just denna druva som Bodegas Yuntero anv\u00e4nder till denna ros\u00e9.<\/p>\n<p data-start=\"468\" data-end=\"809\">Efter cirka 12 timmars skalmaceration av de ekologiskt odlade druvorna \u2013 d\u00e4r musten f\u00e5r sin skira rosa f\u00e4rg \u2013 leds saften till temperaturkontrollerade st\u00e5ltankar (6\u20138 \u00b0C), d\u00e4r den klarnar naturligt genom sedimentering i 48 timmar. D\u00e4refter j\u00e4ser den svalt och l\u00e5ngsamt (14\u201316 \u00b0C i 20 dagar) f\u00f6r att fr\u00e4mja arom, fruktkarakt\u00e4r och krispighet.<\/p>\n<p data-start=\"811\" data-end=\"1140\">Momento Rosa har en vacker rosa jordgubbsf\u00e4rg och en h\u00e4rlig doft av jordgubbar, hallon och granat\u00e4pple. Smaken \u00e4r mycket frisk, fruktrik och spr\u00f6d, med milda kryddtoner och en fin struktur i avslutet. En charmig sommarros\u00e9 f\u00f6r de okomplicerade stunderna \u2013 men ocks\u00e5 utm\u00e4rkt till vegetariska r\u00e4tter, skaldjur, fisk och ljust k\u00f6tt.<\/p>\n","protected":false},"excerpt":{"rendered":"<p>Roots Beverages &#8211; Spain<\/p>\n","protected":false},"featured_media":114557,"template":"","meta":{"_acf_changed":false,"rs_blank_template":"","rs_page_bg_color":"","slide_template_v7":""},"product_brand":[],"product_cat":[2796,7779,2788],"product_tag":[],"class_list":{"0":"post-114547","1":"product","2":"type-product","3":"status-publish","4":"has-post-thumbnail","6":"product_cat-rosevin-sv","7":"product_cat-sommar-rose","8":"product_cat-vin-sv","9":"pa_aargang-2023-sv","10":"pa_drue-tempranillo-sv","11":"pa_land-spanien-sv","12":"pa_oekologisk-yes-sv","13":"pa_procent-11-5-sv","14":"pa_producent-leo-steen-wines","15":"pa_region-la-mancha-sv","16":"pa_serveringstemperatur-8-10-sv","17":"pa_volume-75-sv","19":"first","20":"instock","21":"sale","22":"taxable","23":"shipping-taxable","24":"purchasable","25":"product-type-simple"},"bundled_by":[],"bundle_stock_status":"instock","bundle_stock_quantity":null,"bundle_virtual":false,"bundle_layout":"","bundle_add_to_cart_form_location":"","bundle_editable_in_cart":false,"bundle_sold_individually_context":"","bundle_item_grouping":"","bundle_min_size":"","bundle_max_size":"","bundle_price":[],"bundled_items":[],"bundle_sell_ids":[],"acf":[],"_links":{"self":[{"href":"https:\/\/www.raschvin.com\/sv\/wp-json\/wp\/v2\/product\/114547","targetHints":{"allow":["GET"]}}],"collection":[{"href":"https:\/\/www.raschvin.com\/sv\/wp-json\/wp\/v2\/product"}],"about":[{"href":"https:\/\/www.raschvin.com\/sv\/wp-json\/wp\/v2\/types\/product"}],"wp:featuredmedia":[{"embeddable":true,"href":"https:\/\/www.raschvin.com\/sv\/wp-json\/wp\/v2\/media\/114557"}],"wp:attachment":[{"href":"https:\/\/www.raschvin.com\/sv\/wp-json\/wp\/v2\/media?parent=114547"}],"wp:term":[{"taxonomy":"product_brand","embeddable":true,"href":"https:\/\/www.raschvin.com\/sv\/wp-json\/wp\/v2\/product_brand?post=114547"},{"taxonomy":"product_cat","embeddable":true,"href":"https:\/\/www.raschvin.com\/sv\/wp-json\/wp\/v2\/product_cat?post=114547"},{"taxonomy":"product_tag","embeddable":true,"href":"https:\/\/www.raschvin.com\/sv\/wp-json\/wp\/v2\/product_tag?post=114547"}],"curies":[{"name":"wp","href":"https:\/\/api.w.org\/{rel}","templated":true}]}}