{"id":114311,"date":"2026-01-27T09:10:56","date_gmt":"2026-01-27T08:10:56","guid":{"rendered":"https:\/\/www.raschvin.com\/?post_type=product&#038;p=114311"},"modified":"2026-01-27T09:18:47","modified_gmt":"2026-01-27T08:18:47","slug":"woodstock-deep-sands-shiraz-2022-75-cl-kopier-2","status":"publish","type":"product","link":"https:\/\/www.raschvin.com\/sv\/produkt\/woodstock-deep-sands-shiraz-2022-75-cl-kopier-2\/","title":{"rendered":"Woodstock Grenache Ros\u00e9 2023 75 cl."},"content":{"rendered":"<p data-start=\"1039\" data-end=\"1342\">Det h\u00e4r \u00e4r en h\u00e4rlig halvtorr\/halvs\u00f6t ros\u00e9 gjord p\u00e5 grenache-druvor, som strax efter sk\u00f6rden avstj\u00e4lkades, krossades och kallmacererades f\u00f6re den alkoholhaltiga j\u00e4sningen, tills \u00f6nskad f\u00e4rg uppn\u00e5ddes. D\u00e4refter j\u00e4stes vinet vid l\u00e5g temperatur p\u00e5 st\u00e5ltank f\u00f6r att bevara mustens fruktiga, blommiga aromer.<\/p>\n<p data-start=\"1344\" data-end=\"1545\">I glaset m\u00f6ts man av en intensivt f\u00e4rgad ros\u00e9 med fullmogna jordgubbar, hallon och vita sommarblommor, samlade i ett fint samspel mellan naturlig druvs\u00f6tma och frisk syra \u2013 som i en somrig fruktsallad.<\/p>\n<p data-start=\"1547\" data-end=\"1776\">Det h\u00e4r \u00e4r ett vin med okomplicerad charm \u2013 helt i linje med australiernas egen framtoning. En ros\u00e9 man inte beh\u00f6ver fundera s\u00e5 mycket \u00f6ver; den smakar bara intuitivt gott utan n\u00e5gra vidlyftiga ambitioner om att f\u00f6r\u00e4ndra v\u00e4rlden.<\/p>\n<p data-start=\"1778\" data-end=\"1912\">Woodstock Grenache Ros\u00e9 \u00e4r en utm\u00e4rkt t\u00f6rstsl\u00e4ckare som passar fint till kryddstark, het mat och\/eller en varm sommardag i tr\u00e4dg\u00e5rden.<\/p>\n<p data-start=\"1914\" data-end=\"1978\">Njut v\u00e4l kyld \u2013 direkt fr\u00e5n kylsk\u00e5pet eller fr\u00e5n en hink med is.<\/p>\n","protected":false},"excerpt":{"rendered":"<p>McLaren Vale Australia<\/p>\n","protected":false},"featured_media":114317,"template":"","meta":{"_acf_changed":false,"rs_blank_template":"","rs_page_bg_color":"","slide_template_v7":""},"product_brand":[],"product_cat":[2796,7779,2788],"product_tag":[],"class_list":{"0":"post-114311","1":"product","2":"type-product","3":"status-publish","4":"has-post-thumbnail","6":"product_cat-rosevin-sv","7":"product_cat-sommar-rose","8":"product_cat-vin-sv","9":"pa_aargang-2023-sv","10":"pa_drue-bobal-grenache-garnacha-syrah-shiraz-sv","11":"pa_land-australien-sv","12":"pa_procent-13-5-sv","13":"pa_producent-woodstock-sv","14":"pa_region-mclaren-vale-sv","15":"pa_serveringstemperatur-10-12-sv-2","16":"pa_volume-75-sv","18":"first","19":"instock","20":"taxable","21":"shipping-taxable","22":"purchasable","23":"product-type-simple"},"bundled_by":["120295"],"bundle_stock_status":"instock","bundle_stock_quantity":null,"bundle_virtual":false,"bundle_layout":"","bundle_add_to_cart_form_location":"","bundle_editable_in_cart":false,"bundle_sold_individually_context":"","bundle_item_grouping":"","bundle_min_size":"","bundle_max_size":"","bundle_price":[],"bundled_items":[],"bundle_sell_ids":[],"acf":[],"_links":{"self":[{"href":"https:\/\/www.raschvin.com\/sv\/wp-json\/wp\/v2\/product\/114311","targetHints":{"allow":["GET"]}}],"collection":[{"href":"https:\/\/www.raschvin.com\/sv\/wp-json\/wp\/v2\/product"}],"about":[{"href":"https:\/\/www.raschvin.com\/sv\/wp-json\/wp\/v2\/types\/product"}],"wp:featuredmedia":[{"embeddable":true,"href":"https:\/\/www.raschvin.com\/sv\/wp-json\/wp\/v2\/media\/114317"}],"wp:attachment":[{"href":"https:\/\/www.raschvin.com\/sv\/wp-json\/wp\/v2\/media?parent=114311"}],"wp:term":[{"taxonomy":"product_brand","embeddable":true,"href":"https:\/\/www.raschvin.com\/sv\/wp-json\/wp\/v2\/product_brand?post=114311"},{"taxonomy":"product_cat","embeddable":true,"href":"https:\/\/www.raschvin.com\/sv\/wp-json\/wp\/v2\/product_cat?post=114311"},{"taxonomy":"product_tag","embeddable":true,"href":"https:\/\/www.raschvin.com\/sv\/wp-json\/wp\/v2\/product_tag?post=114311"}],"curies":[{"name":"wp","href":"https:\/\/api.w.org\/{rel}","templated":true}]}}