{"id":114009,"date":"2026-01-23T10:25:53","date_gmt":"2026-01-23T09:25:53","guid":{"rendered":"https:\/\/www.raschvin.com\/?post_type=product&#038;p=114009"},"modified":"2026-01-23T10:30:34","modified_gmt":"2026-01-23T09:30:34","slug":"domaine-fourrey-chablis-2023-75-cl-kopier","status":"publish","type":"product","link":"https:\/\/www.raschvin.com\/sv\/produkt\/domaine-fourrey-chablis-2023-75-cl-kopier\/","title":{"rendered":"Domaine Fourrey H\u00e9ritage Chablis Le Vin d\u2019Emile 2022 75 cl."},"content":{"rendered":"<p data-start=\"11\" data-end=\"364\">H\u00e9ritage \u00e4r en cuv\u00e9e baserad p\u00e5 druvor fr\u00e5n tv\u00e5 sm\u00e5 parceller p\u00e5 strax under en hektar \u2013 den ena sydv\u00e4nd, den andra nordv\u00e4nd. Den h\u00e4r Chablis f\u00e5r en tydligt l\u00e4ngre lagring sur lie \u00e4n Fourreys ordinarie version och uppvisar d\u00e4rf\u00f6r st\u00f6rre t\u00e4thet, bredd, mognad och komplexitet. F\u00f6r en modest merpris f\u00e5r Chablis-entusiasten helt enkelt \u201clite mer av allt\u201d.<\/p>\n<p data-start=\"366\" data-end=\"523\">Familjen Fourrey \u00e4r en mindre producent som uteslutande g\u00f6r Chablis av druvor fr\u00e5n egna ving\u00e5rdar. Man anv\u00e4nder inga herbicider och g\u00f6dslar enbart organiskt.<\/p>\n<p data-start=\"525\" data-end=\"814\">Vinet kallas ocks\u00e5 <strong data-start=\"544\" data-end=\"562\">Le Vin d\u2019Emile<\/strong>, efter sonen Emile som f\u00f6ddes 2012. Vinifieringen sker uteslutande i rostfritt st\u00e5l och \u2013 till skillnad fr\u00e5n Fourreys bas-Chablis \u2013 f\u00e5r H\u00e9ritage ligga <strong data-start=\"714\" data-end=\"749\">ett \u00e5r l\u00e4ngre p\u00e5 j\u00e4stf\u00e4llningen<\/strong>, vilket inneb\u00e4r att det buteljeras efter <strong data-start=\"791\" data-end=\"813\">18 m\u00e5nader sur lie<\/strong>.<\/p>\n<p data-start=\"816\" data-end=\"1162\">Doft och smak \u00e4r klassiskt Chablis: torr citrusfrukt och gr\u00f6na \u00e4pplen, med mer komplexitet fr\u00e5n den l\u00e4ngre kontakten med finj\u00e4sten. Det ger inte bara en subtil ton som kan dra \u00e5t h\u00f6, utan p\u00e5verkar ocks\u00e5 strukturen: vinet k\u00e4nns kr\u00e4migare, fylligare och bredare \u00e4n basutg\u00e5van. Jordm\u00e5nen av <strong data-start=\"1104\" data-end=\"1127\">kimmeridgisk m\u00e4rgel<\/strong> bidrar med en fin mineralisk nerv.<\/p>\n<p data-start=\"1164\" data-end=\"1324\">Njut Domaine Fourrey Chablis vid cirka <strong data-start=\"1203\" data-end=\"1213\">10\u201315\u00b0<\/strong> beroende p\u00e5 preferens \u2013 men servera den helst inte f\u00f6r kallt, eftersom vinet d\u00e5 inte f\u00e5r visa sina kvaliteter.<\/p>\n<p data-start=\"1326\" data-end=\"1542\">Prova g\u00e4rna vinet till en fiskr\u00e4tt, g\u00e4rna med plattfisk eller torsk och en enkel, smakrik s\u00e5s som beurre blanc eller hollandaise. \u00c4ven ljusa k\u00f6ttr\u00e4tter passar fint, s\u00e5 l\u00e4nge r\u00e4tterna inte \u00e4r alltf\u00f6r feta eller tunga.<\/p>\n","protected":false},"excerpt":{"rendered":"<p>Vin De Bourgogne &#8211; France <\/p>\n","protected":false},"featured_media":114019,"template":"","meta":{"_acf_changed":false,"rs_blank_template":"","rs_page_bg_color":"","slide_template_v7":""},"product_brand":[],"product_cat":[2788,2792],"product_tag":[],"class_list":{"0":"post-114009","1":"product","2":"type-product","3":"status-publish","4":"has-post-thumbnail","6":"product_cat-vin-sv","7":"product_cat-vitt-vin","8":"pa_aargang-2022-sv","9":"pa_drue-chardonnay-sv","10":"pa_land-frankrike","11":"pa_procent-13-5-sv","12":"pa_producent-fourrey-sv","13":"pa_region-bourgogne-sv","14":"pa_serveringstemperatur-10-15-sv","15":"pa_volume-75-sv","17":"first","18":"instock","19":"taxable","20":"shipping-taxable","21":"purchasable","22":"product-type-simple"},"bundled_by":["119623","119715","120876"],"bundle_stock_status":"instock","bundle_stock_quantity":null,"bundle_virtual":false,"bundle_layout":"","bundle_add_to_cart_form_location":"","bundle_editable_in_cart":false,"bundle_sold_individually_context":"","bundle_item_grouping":"","bundle_min_size":"","bundle_max_size":"","bundle_price":[],"bundled_items":[],"bundle_sell_ids":[],"acf":[],"_links":{"self":[{"href":"https:\/\/www.raschvin.com\/sv\/wp-json\/wp\/v2\/product\/114009","targetHints":{"allow":["GET"]}}],"collection":[{"href":"https:\/\/www.raschvin.com\/sv\/wp-json\/wp\/v2\/product"}],"about":[{"href":"https:\/\/www.raschvin.com\/sv\/wp-json\/wp\/v2\/types\/product"}],"wp:featuredmedia":[{"embeddable":true,"href":"https:\/\/www.raschvin.com\/sv\/wp-json\/wp\/v2\/media\/114019"}],"wp:attachment":[{"href":"https:\/\/www.raschvin.com\/sv\/wp-json\/wp\/v2\/media?parent=114009"}],"wp:term":[{"taxonomy":"product_brand","embeddable":true,"href":"https:\/\/www.raschvin.com\/sv\/wp-json\/wp\/v2\/product_brand?post=114009"},{"taxonomy":"product_cat","embeddable":true,"href":"https:\/\/www.raschvin.com\/sv\/wp-json\/wp\/v2\/product_cat?post=114009"},{"taxonomy":"product_tag","embeddable":true,"href":"https:\/\/www.raschvin.com\/sv\/wp-json\/wp\/v2\/product_tag?post=114009"}],"curies":[{"name":"wp","href":"https:\/\/api.w.org\/{rel}","templated":true}]}}