{"id":113921,"date":"2026-01-23T09:20:38","date_gmt":"2026-01-23T08:20:38","guid":{"rendered":"https:\/\/www.raschvin.com\/?post_type=product&#038;p=113921"},"modified":"2026-01-23T09:25:59","modified_gmt":"2026-01-23T08:25:59","slug":"the-secretary-bird-sauvignon-blanc-75-cl-kopier","status":"publish","type":"product","link":"https:\/\/www.raschvin.com\/sv\/produkt\/the-secretary-bird-sauvignon-blanc-75-cl-kopier\/","title":{"rendered":"The Secretary Bird &#8211; Reserve Chardonnay 75 cl."},"content":{"rendered":"<p data-start=\"11\" data-end=\"166\">Det h\u00e4r \u00e4r en torr, slank och v\u00e4lgjord sydafrikansk chardonnay med l\u00e4tt och naturlig fyllighet \u2013 riktigt bra value for money fr\u00e5n Western Cape i Sydafrika.<\/p>\n<p data-start=\"168\" data-end=\"502\">Chardonnay-druvorna till Secretary Bird kommer fr\u00e5n ving\u00e5rdar strax nordost om Cape Town, d\u00e4r det flacka landskapet mellan havet i v\u00e4ster och bergen i \u00f6ster l\u00e4mpar sig v\u00e4l f\u00f6r vinodling. Andra gr\u00f6dor har det tuffare i den steniga jorden och det regnfattiga klimatet, men vinrankorna gynnas av att v\u00e4rmen d\u00e4mpas av n\u00e4rheten till havet.<\/p>\n<p data-start=\"504\" data-end=\"821\">F\u00f6r att bevara vinets fr\u00e4scha profil sk\u00f6rdas druvorna under de tidigaste morgontimmarna n\u00e4r de \u00e4r som svalast. D\u00e4refter kyls de aktivt ned och j\u00e4ses kallt i st\u00e5ltank. Vinet lagras helt p\u00e5 tank tillsammans med j\u00e4stf\u00e4llningen, vilket ger denna ekfria chardonnay mer komplexitet och samtidigt lite extra \u201ck\u00f6tt p\u00e5 benen\u201d.<\/p>\n<p data-start=\"823\" data-end=\"1076\">Aromatiskt r\u00f6r det sig mot nektarin, gula plommon, lite tropisk frukt samt ett subtilt inslag av nyklippt h\u00f6. Eftersom vinet inte har sett skymten av ek \u00e4r det en druvtypisk chardonnay \u2013 l\u00e5ngt fr\u00e5n den mer ekpr\u00e4glade stil man ofta f\u00f6rknippar med druvan.<\/p>\n<p data-start=\"1078\" data-end=\"1241\">Det \u00e4r ett m\u00e5ngsidigt vin: lika bra i s\u00e4llskapsglaset som till inte alltf\u00f6r tunga fiskr\u00e4tter, en rustik sallad, onsdagskycklingen eller pasta med gr\u00e4ddbaserad s\u00e5s.<\/p>\n<p data-start=\"1243\" data-end=\"1265\">Serveras vid ca 7\u201311\u00b0.<\/p>\n","protected":false},"excerpt":{"rendered":"<p>Western Cape South Africa<\/p>\n","protected":false},"featured_media":113999,"template":"","meta":{"_acf_changed":false,"rs_blank_template":"","rs_page_bg_color":"","slide_template_v7":""},"product_brand":[],"product_cat":[2788,2792],"product_tag":[],"class_list":{"0":"post-113921","1":"product","2":"type-product","3":"status-publish","4":"has-post-thumbnail","6":"product_cat-vin-sv","7":"product_cat-vitt-vin","8":"pa_drue-chardonnay-sv","9":"pa_land-sydafrika-sv","10":"pa_procent-13-sv","11":"pa_region-western-cape-sv","12":"pa_serveringstemperatur-8-sv","13":"pa_volume-75-sv","15":"first","16":"instock","17":"taxable","18":"shipping-taxable","19":"purchasable","20":"product-type-simple"},"bundled_by":["119659"],"bundle_stock_status":"instock","bundle_stock_quantity":null,"bundle_virtual":false,"bundle_layout":"","bundle_add_to_cart_form_location":"","bundle_editable_in_cart":false,"bundle_sold_individually_context":"","bundle_item_grouping":"","bundle_min_size":"","bundle_max_size":"","bundle_price":[],"bundled_items":[],"bundle_sell_ids":[],"acf":[],"_links":{"self":[{"href":"https:\/\/www.raschvin.com\/sv\/wp-json\/wp\/v2\/product\/113921","targetHints":{"allow":["GET"]}}],"collection":[{"href":"https:\/\/www.raschvin.com\/sv\/wp-json\/wp\/v2\/product"}],"about":[{"href":"https:\/\/www.raschvin.com\/sv\/wp-json\/wp\/v2\/types\/product"}],"wp:featuredmedia":[{"embeddable":true,"href":"https:\/\/www.raschvin.com\/sv\/wp-json\/wp\/v2\/media\/113999"}],"wp:attachment":[{"href":"https:\/\/www.raschvin.com\/sv\/wp-json\/wp\/v2\/media?parent=113921"}],"wp:term":[{"taxonomy":"product_brand","embeddable":true,"href":"https:\/\/www.raschvin.com\/sv\/wp-json\/wp\/v2\/product_brand?post=113921"},{"taxonomy":"product_cat","embeddable":true,"href":"https:\/\/www.raschvin.com\/sv\/wp-json\/wp\/v2\/product_cat?post=113921"},{"taxonomy":"product_tag","embeddable":true,"href":"https:\/\/www.raschvin.com\/sv\/wp-json\/wp\/v2\/product_tag?post=113921"}],"curies":[{"name":"wp","href":"https:\/\/api.w.org\/{rel}","templated":true}]}}