{"id":113918,"date":"2026-01-23T09:15:20","date_gmt":"2026-01-23T08:15:20","guid":{"rendered":"https:\/\/www.raschvin.com\/?post_type=product&#038;p=113918"},"modified":"2026-01-23T09:18:53","modified_gmt":"2026-01-23T08:18:53","slug":"the-secretary-bird-merlot-75-cl-kopier","status":"publish","type":"product","link":"https:\/\/www.raschvin.com\/sv\/produkt\/the-secretary-bird-merlot-75-cl-kopier\/","title":{"rendered":"The Secretary Bird &#8211; Shriaz 75 cl."},"content":{"rendered":"<p data-start=\"11\" data-end=\"90\">\u201dSekret\u00e4rf\u00e5geln\u201d \u00e4r en utm\u00e4rkt representant f\u00f6r Sydafrikas budgetv\u00e4nliga viner.<\/p>\n<p data-start=\"92\" data-end=\"287\">I Western Cape s\u00e5g vinmakaren Robin Naylor, under en rundtur i ving\u00e5rdarna, en sekret\u00e4rf\u00e5gel som vandrade runt bland vinrankorna \u2013 och han best\u00e4mde sig d\u00e4rf\u00f6r spontant f\u00f6r att ge vinet sitt namn.<\/p>\n<p data-start=\"289\" data-end=\"624\">R\u00e5materialet till denna shiraz kommer huvudsakligen fr\u00e5n Swartland. Medan andra gr\u00f6dor odlas p\u00e5 den fetare jorden nere p\u00e5 dalbottnen tar vinodlingarna vid vid foten av de pittoreska sm\u00e5bergen som reser sig brant \u00f6ver dalen, d\u00e4r jordarna \u00e4r granitrika och n\u00e4ringsfattiga. Shiraz \u00e4r en druva som trivs v\u00e4l under dessa karga f\u00f6rh\u00e5llanden.<\/p>\n<p data-start=\"626\" data-end=\"832\">Vinifieringen har skett i st\u00e5ltank, med en liten andel hela klasar i macerationen. Fokus p\u00e5 remontage under j\u00e4sningen har gett vinet lagom med syre, s\u00e5 att det redan nu upplevs avrundat och l\u00e4tt att dricka.<\/p>\n<p data-start=\"834\" data-end=\"1059\">Secretary Bird Shiraz har en djup f\u00e4rg och bjuder p\u00e5 aromer av m\u00f6rk frukt i form av bj\u00f6rnb\u00e4r och bl\u00e5b\u00e4r, med en l\u00e4tt kryddig ton. I munnen dominerar den m\u00f6rka b\u00e4rfrukten, som ger fyllighet och riktigt mycket vin f\u00f6r pengarna.<\/p>\n<p data-start=\"1061\" data-end=\"1131\">Serveras vid 15\u201318\u00b0 och g\u00e4rna till r\u00e4tter fr\u00e5n det enkla vardagsk\u00f6ket.<\/p>\n","protected":false},"excerpt":{"rendered":"<p>Western Cape South Africa<\/p>\n","protected":false},"featured_media":114005,"template":"","meta":{"_acf_changed":false,"rs_blank_template":"","rs_page_bg_color":"","slide_template_v7":""},"product_brand":[],"product_cat":[2788,2798],"product_tag":[],"class_list":{"0":"post-113918","1":"product","2":"type-product","3":"status-publish","4":"has-post-thumbnail","6":"product_cat-vin-sv","7":"product_cat-roedvin-sv","8":"pa_drue-shiraz-sv","9":"pa_land-sydafrika-sv","10":"pa_procent-14-5-sv","11":"pa_region-western-cape-sv","12":"pa_serveringstemperatur-16-sv","13":"pa_volume-75-sv","15":"first","16":"instock","17":"taxable","18":"shipping-taxable","19":"purchasable","20":"product-type-simple"},"bundled_by":["119760"],"bundle_stock_status":"instock","bundle_stock_quantity":null,"bundle_virtual":false,"bundle_layout":"","bundle_add_to_cart_form_location":"","bundle_editable_in_cart":false,"bundle_sold_individually_context":"","bundle_item_grouping":"","bundle_min_size":"","bundle_max_size":"","bundle_price":[],"bundled_items":[],"bundle_sell_ids":[],"acf":[],"_links":{"self":[{"href":"https:\/\/www.raschvin.com\/sv\/wp-json\/wp\/v2\/product\/113918","targetHints":{"allow":["GET"]}}],"collection":[{"href":"https:\/\/www.raschvin.com\/sv\/wp-json\/wp\/v2\/product"}],"about":[{"href":"https:\/\/www.raschvin.com\/sv\/wp-json\/wp\/v2\/types\/product"}],"wp:featuredmedia":[{"embeddable":true,"href":"https:\/\/www.raschvin.com\/sv\/wp-json\/wp\/v2\/media\/114005"}],"wp:attachment":[{"href":"https:\/\/www.raschvin.com\/sv\/wp-json\/wp\/v2\/media?parent=113918"}],"wp:term":[{"taxonomy":"product_brand","embeddable":true,"href":"https:\/\/www.raschvin.com\/sv\/wp-json\/wp\/v2\/product_brand?post=113918"},{"taxonomy":"product_cat","embeddable":true,"href":"https:\/\/www.raschvin.com\/sv\/wp-json\/wp\/v2\/product_cat?post=113918"},{"taxonomy":"product_tag","embeddable":true,"href":"https:\/\/www.raschvin.com\/sv\/wp-json\/wp\/v2\/product_tag?post=113918"}],"curies":[{"name":"wp","href":"https:\/\/api.w.org\/{rel}","templated":true}]}}