{"id":113756,"date":"2026-01-22T09:00:04","date_gmt":"2026-01-22T08:00:04","guid":{"rendered":"https:\/\/www.raschvin.com\/?post_type=product&#038;p=113756"},"modified":"2026-01-22T09:04:35","modified_gmt":"2026-01-22T08:04:35","slug":"bottega-nero-50-cl-15-kopier","status":"publish","type":"product","link":"https:\/\/www.raschvin.com\/sv\/produkt\/bottega-nero-50-cl-15-kopier\/","title":{"rendered":"Bottega Raspberry 50 cl. 15%"},"content":{"rendered":"<p data-start=\"11\" data-end=\"423\"><strong data-start=\"11\" data-end=\"32\">Bottega Raspberry<\/strong> \u00e4r en len, dessertinspirerad <strong data-start=\"62\" data-end=\"81\">hallonkr\u00e4mlik\u00f6r<\/strong> fr\u00e5n Veneto i Italien. Den bygger p\u00e5 en aromatisk hallonbas d\u00e4r hallon f\u00e5r macerera i vatten och alkohol, varefter aromerna koncentreras genom destillation. D\u00e4refter tills\u00e4tts <strong data-start=\"258\" data-end=\"278\">mj\u00f6lk och gr\u00e4dde<\/strong> f\u00f6r en mjuk, sammetslen textur \u2013 och till sist en <strong data-start=\"329\" data-end=\"356\">diskret touch av grappa<\/strong> som ger extra lyft, v\u00e4rme och ett mer \u201cvuxet\u201d djup i avslutningen.<\/p>\n<p data-start=\"425\" data-end=\"743\">I doften \u00e4r hallonet tydligt och friskt, med en b\u00e4rig intensitet som m\u00f6ter en mjuk, kr\u00e4mig ton. Smaken \u00e4r s\u00f6t och silkeslen med klar hallonkarakt\u00e4r, d\u00e4r gr\u00e4ddigheten rundar av och grappan bidrar med en l\u00e4tt v\u00e4rmande ryggrad. Eftersmaken dr\u00f6jer kvar med hallon och en mjuk kr\u00e4mighet, avrundad av en fin aromatisk v\u00e4rme.<\/p>\n<p data-start=\"745\" data-end=\"959\">Serveras b\u00e4st <strong data-start=\"759\" data-end=\"771\">v\u00e4l kyld<\/strong> och fungerar utm\u00e4rkt som dessertlik\u00f6r efter maten, men ocks\u00e5 som ingrediens i cocktails eller till dessert \u2013 s\u00e4rskilt gott till <strong data-start=\"900\" data-end=\"915\">panna cotta<\/strong> eller \u00f6ver <strong data-start=\"927\" data-end=\"936\">glass<\/strong>. Alkoholhalt: <strong data-start=\"951\" data-end=\"958\">15%<\/strong>.<\/p>\n<p data-start=\"745\" data-end=\"959\">\n<p data-start=\"745\" data-end=\"959\">Bottega \u00e4r ett familje\u00e4gt f\u00f6retag fr\u00e5n Veneto i norra Italien som producerar och distribuerar premiumdrycker som grappa, vin\/prosecco och lik\u00f6rer. Bolaget grundades 1977 av Aldo Bottega och drivs i dag av tredje generationen (syskonen Barbara, Sandro och Stefano). Hj\u00e4rtat av verksamheten finns i <strong data-start=\"335\" data-end=\"380\">Bibano di Godega di Sant\u2019Urbano (Treviso)<\/strong>, cirka 50 km norr om Venedig, d\u00e4r man kombinerar klassiskt italienskt hantverk med modern teknik och stor kontroll \u00f6ver r\u00e5varor och destillation. Bottega \u00e4r s\u00e4rskilt k\u00e4nda f\u00f6r sin grappa-tradition, men har ocks\u00e5 byggt ett starkt internationellt varum\u00e4rke inom prosecco och moderna lik\u00f6rer\/creams.<\/p>\n","protected":false},"excerpt":{"rendered":"<p>Raspberry Cream Liqueur &#8211; Veneto Italy<\/p>\n","protected":false},"featured_media":113775,"template":"","meta":{"_acf_changed":false,"rs_blank_template":"","rs_page_bg_color":"","slide_template_v7":""},"product_brand":[],"product_cat":[2387,4673,4670,2390],"product_tag":[],"class_list":{"0":"post-113756","1":"product","2":"type-product","3":"status-publish","4":"has-post-thumbnail","6":"product_cat-avec-sv","7":"product_cat-creme-sv","8":"product_cat-frukt","9":"product_cat-sprit","10":"pa_land-italien-sv","11":"pa_procent-15-sv","12":"pa_producent-bottega-spa-sv","13":"pa_region-veneto-sv","14":"pa_serveringstemperatur-3-5-sv","15":"pa_volume-50-sv","17":"first","18":"instock","19":"sale","20":"taxable","21":"shipping-taxable","22":"purchasable","23":"product-type-simple"},"bundled_by":[],"bundle_stock_status":"instock","bundle_stock_quantity":null,"bundle_virtual":false,"bundle_layout":"","bundle_add_to_cart_form_location":"","bundle_editable_in_cart":false,"bundle_sold_individually_context":"","bundle_item_grouping":"","bundle_min_size":"","bundle_max_size":"","bundle_price":[],"bundled_items":[],"bundle_sell_ids":[],"acf":[],"_links":{"self":[{"href":"https:\/\/www.raschvin.com\/sv\/wp-json\/wp\/v2\/product\/113756","targetHints":{"allow":["GET"]}}],"collection":[{"href":"https:\/\/www.raschvin.com\/sv\/wp-json\/wp\/v2\/product"}],"about":[{"href":"https:\/\/www.raschvin.com\/sv\/wp-json\/wp\/v2\/types\/product"}],"wp:featuredmedia":[{"embeddable":true,"href":"https:\/\/www.raschvin.com\/sv\/wp-json\/wp\/v2\/media\/113775"}],"wp:attachment":[{"href":"https:\/\/www.raschvin.com\/sv\/wp-json\/wp\/v2\/media?parent=113756"}],"wp:term":[{"taxonomy":"product_brand","embeddable":true,"href":"https:\/\/www.raschvin.com\/sv\/wp-json\/wp\/v2\/product_brand?post=113756"},{"taxonomy":"product_cat","embeddable":true,"href":"https:\/\/www.raschvin.com\/sv\/wp-json\/wp\/v2\/product_cat?post=113756"},{"taxonomy":"product_tag","embeddable":true,"href":"https:\/\/www.raschvin.com\/sv\/wp-json\/wp\/v2\/product_tag?post=113756"}],"curies":[{"name":"wp","href":"https:\/\/api.w.org\/{rel}","templated":true}]}}