{"id":113749,"date":"2026-01-22T08:29:56","date_gmt":"2026-01-22T07:29:56","guid":{"rendered":"https:\/\/www.raschvin.com\/?post_type=product&#038;p=113749"},"modified":"2026-01-22T08:37:16","modified_gmt":"2026-01-22T07:37:16","slug":"jaegermeister-manifest-50-cl-38-kopier-2","status":"publish","type":"product","link":"https:\/\/www.raschvin.com\/sv\/produkt\/jaegermeister-manifest-50-cl-38-kopier-2\/","title":{"rendered":"J\u00e4germeister ORANGE 100 cl. 33%"},"content":{"rendered":"<p data-start=\"11\" data-end=\"550\">J\u00e4germeister Orange \u00e4r en modernare, citrusdriven tolkning av klassiska J\u00e4germeister \u2013 fortfarande byggd p\u00e5 originalets <strong data-start=\"131\" data-end=\"148\">56 botanicals<\/strong> (\u00f6rter, r\u00f6tter, blommor och frukter), men med en tydlig, solig twist av <strong data-start=\"221\" data-end=\"245\">apelsin och mandarin<\/strong>. Den f\u00e5r sin fruktiga profil genom att <strong data-start=\"285\" data-end=\"307\">citrusolja\/extrakt<\/strong> tills\u00e4tts till basen, vilket g\u00f6r den mjukare och mer \u201dfrisk\u201d i uttrycket \u00e4n originalet, samtidigt som den beh\u00e5ller en elegant, \u00f6rtig bitterkant. Alkoholhalten ligger p\u00e5 <strong data-start=\"477\" data-end=\"484\">33%<\/strong>, vilket ocks\u00e5 bidrar till en rundare och mer l\u00e4ttillg\u00e4nglig stil.<\/p>\n<p data-start=\"552\" data-end=\"1010\">I doften kommer apelsinzest och citrus direkt \u2013 snarare skal och oljor \u00e4n godis-apelsin \u2013 f\u00f6ljt av \u00f6rtighet och en diskret s\u00f6tma. Smaken \u00e4r fyllig men fr\u00e4sch: saftig citrus i front, sedan de klassiska J\u00e4ger-tonerna av \u00f6rter och kryddor, och ett avslut som drar \u00e5t mild bitterhet med varm kryddighet. Den \u00e4r framf\u00f6r allt gjord f\u00f6r att drickas <strong data-start=\"894\" data-end=\"913\">iskall som shot<\/strong>, men fungerar ocks\u00e5 v\u00e4ldigt bra i enkla longdrinks med mycket is, soda\/lemonad eller ginger ale.<\/p>\n","protected":false},"excerpt":{"rendered":"<p>Orange-Herbal Liqueur-Shot<\/p>\n","protected":false},"featured_media":113802,"template":"","meta":{"_acf_changed":false,"rs_blank_template":"","rs_page_bg_color":"","slide_template_v7":""},"product_brand":[],"product_cat":[2387,4714,2407,2390,2402],"product_tag":[],"class_list":{"0":"post-113749","1":"product","2":"type-product","3":"status-publish","4":"has-post-thumbnail","6":"product_cat-avec-sv","7":"product_cat-ort","8":"product_cat-shots-sv","9":"product_cat-sprit","10":"product_cat-sprit-sv","11":"pa_land-tyskland-sv","12":"pa_procent-33-sv","13":"pa_producent-jaegermeister-sv","14":"pa_volume-100-sv","16":"first","17":"instock","18":"sale","19":"featured","20":"taxable","21":"shipping-taxable","22":"purchasable","23":"product-type-simple"},"bundled_by":[],"bundle_stock_status":"instock","bundle_stock_quantity":null,"bundle_virtual":false,"bundle_layout":"","bundle_add_to_cart_form_location":"","bundle_editable_in_cart":false,"bundle_sold_individually_context":"","bundle_item_grouping":"","bundle_min_size":"","bundle_max_size":"","bundle_price":[],"bundled_items":[],"bundle_sell_ids":[],"acf":[],"_links":{"self":[{"href":"https:\/\/www.raschvin.com\/sv\/wp-json\/wp\/v2\/product\/113749","targetHints":{"allow":["GET"]}}],"collection":[{"href":"https:\/\/www.raschvin.com\/sv\/wp-json\/wp\/v2\/product"}],"about":[{"href":"https:\/\/www.raschvin.com\/sv\/wp-json\/wp\/v2\/types\/product"}],"wp:featuredmedia":[{"embeddable":true,"href":"https:\/\/www.raschvin.com\/sv\/wp-json\/wp\/v2\/media\/113802"}],"wp:attachment":[{"href":"https:\/\/www.raschvin.com\/sv\/wp-json\/wp\/v2\/media?parent=113749"}],"wp:term":[{"taxonomy":"product_brand","embeddable":true,"href":"https:\/\/www.raschvin.com\/sv\/wp-json\/wp\/v2\/product_brand?post=113749"},{"taxonomy":"product_cat","embeddable":true,"href":"https:\/\/www.raschvin.com\/sv\/wp-json\/wp\/v2\/product_cat?post=113749"},{"taxonomy":"product_tag","embeddable":true,"href":"https:\/\/www.raschvin.com\/sv\/wp-json\/wp\/v2\/product_tag?post=113749"}],"curies":[{"name":"wp","href":"https:\/\/api.w.org\/{rel}","templated":true}]}}