{"id":113743,"date":"2026-01-22T08:18:34","date_gmt":"2026-01-22T07:18:34","guid":{"rendered":"https:\/\/www.raschvin.com\/?post_type=product&#038;p=113743"},"modified":"2026-01-22T08:23:51","modified_gmt":"2026-01-22T07:23:51","slug":"grants-triple-wood-original-100-cl-40-kopier","status":"publish","type":"product","link":"https:\/\/www.raschvin.com\/sv\/produkt\/grants-triple-wood-original-100-cl-40-kopier\/","title":{"rendered":"Grant&#8217;s Tropical Fiesta 70 cl. 30%"},"content":{"rendered":"<p data-start=\"11\" data-end=\"409\">Grant\u2019s Tropical Fiesta \u00e4r en modern, fruktig <strong data-start=\"57\" data-end=\"73\">spirit drink<\/strong> baserad p\u00e5 <strong data-start=\"85\" data-end=\"110\">blended Scotch whisky<\/strong>, d\u00e4r man har lyft fram en l\u00e4ttare och mer l\u00e4ttdrucket stil genom att addera <strong data-start=\"187\" data-end=\"225\">tropiska toner av ananas och mango<\/strong>. Det \u00e4r inte t\u00e4nkt som en klassisk whiskyupplevelse \u2013 utan som en solig, okomplicerad flaska f\u00f6r dig som vill ha whiskyv\u00e4rme i bakgrunden, men med frukt, s\u00f6tma och friskhet i centrum.<\/p>\n<p data-start=\"411\" data-end=\"821\">I doften kommer tropiken direkt: saftig ananas och mjuk mango, ofta med en fr\u00e4sch, n\u00e4stan citruslik k\u00e4nsla ovanp\u00e5. Under frukten finns en mild vaniljs\u00f6tma och en diskret whiskynot som ger djup utan att ta \u00f6ver. Smaken \u00e4r rund och l\u00e4ttsam med tydlig fruktighet \u2013 ananasen ger en pigg, saftig topp medan mangon bidrar med en mjuk, s\u00f6t fyllighet. Whiskyn ligger som en varm bas och ger struktur, snarare \u00e4n kraft.<\/p>\n<p data-start=\"823\" data-end=\"1060\">Med <strong data-start=\"827\" data-end=\"834\">30%<\/strong> blir uttrycket extra tillg\u00e4ngligt och gjort f\u00f6r enkla serveringar: mycket is, bubblor och g\u00e4rna en limeklyfta. Den fungerar s\u00e4rskilt bra i en tropisk highball med soda eller lemonad, eller med ginger ale f\u00f6r lite extra sting.<\/p>\n","protected":false},"excerpt":{"rendered":"<p>Whisky-Based Spirit Drink<\/p>\n","protected":false},"featured_media":113793,"template":"","meta":{"_acf_changed":false,"rs_blank_template":"","rs_page_bg_color":"","slide_template_v7":""},"product_brand":[],"product_cat":[2387,4765,2390,2392,4682],"product_tag":[],"class_list":{"0":"post-113743","1":"product","2":"type-product","3":"status-publish","4":"has-post-thumbnail","6":"product_cat-avec-sv","7":"product_cat-blended-sv","8":"product_cat-sprit","9":"product_cat-whisky-sv","10":"product_cat-whiskylikor","11":"pa_land-skottland","12":"pa_procent-30-sv","13":"pa_producent-william-grant-sons-sv","14":"pa_volume-70-sv-2","16":"first","17":"instock","18":"sale","19":"taxable","20":"shipping-taxable","21":"purchasable","22":"product-type-simple"},"bundled_by":[],"bundle_stock_status":"instock","bundle_stock_quantity":null,"bundle_virtual":false,"bundle_layout":"","bundle_add_to_cart_form_location":"","bundle_editable_in_cart":false,"bundle_sold_individually_context":"","bundle_item_grouping":"","bundle_min_size":"","bundle_max_size":"","bundle_price":[],"bundled_items":[],"bundle_sell_ids":[],"acf":[],"_links":{"self":[{"href":"https:\/\/www.raschvin.com\/sv\/wp-json\/wp\/v2\/product\/113743","targetHints":{"allow":["GET"]}}],"collection":[{"href":"https:\/\/www.raschvin.com\/sv\/wp-json\/wp\/v2\/product"}],"about":[{"href":"https:\/\/www.raschvin.com\/sv\/wp-json\/wp\/v2\/types\/product"}],"wp:featuredmedia":[{"embeddable":true,"href":"https:\/\/www.raschvin.com\/sv\/wp-json\/wp\/v2\/media\/113793"}],"wp:attachment":[{"href":"https:\/\/www.raschvin.com\/sv\/wp-json\/wp\/v2\/media?parent=113743"}],"wp:term":[{"taxonomy":"product_brand","embeddable":true,"href":"https:\/\/www.raschvin.com\/sv\/wp-json\/wp\/v2\/product_brand?post=113743"},{"taxonomy":"product_cat","embeddable":true,"href":"https:\/\/www.raschvin.com\/sv\/wp-json\/wp\/v2\/product_cat?post=113743"},{"taxonomy":"product_tag","embeddable":true,"href":"https:\/\/www.raschvin.com\/sv\/wp-json\/wp\/v2\/product_tag?post=113743"}],"curies":[{"name":"wp","href":"https:\/\/api.w.org\/{rel}","templated":true}]}}