{"id":113118,"date":"2026-01-16T08:44:16","date_gmt":"2026-01-16T07:44:16","guid":{"rendered":"https:\/\/www.raschvin.com\/?post_type=product&#038;p=113118"},"modified":"2026-01-16T08:47:27","modified_gmt":"2026-01-16T07:47:27","slug":"foursquare-convocation-14y-exceptional-cask-selection-70-cl-62-kopier","status":"publish","type":"product","link":"https:\/\/www.raschvin.com\/sv\/produkt\/foursquare-convocation-14y-exceptional-cask-selection-70-cl-62-kopier\/","title":{"rendered":"Foursquare Mandamus 16Y Exceptional Cask Selection 70 cl. 57%"},"content":{"rendered":"<p data-start=\"145\" data-end=\"724\">Vi \u00e4r glada att presentera <strong data-start=\"172\" data-end=\"207\">Foursquare Mandamus (Mark XXIX)<\/strong> \u2013 det senaste tillskottet i Foursquares hyllade serie <strong data-start=\"262\" data-end=\"292\">Exceptional Cask Selection<\/strong>. Denna limiterade utg\u00e5va \u00e4r en m\u00e4sterligt komponerad <strong data-start=\"346\" data-end=\"368\">Single Blended Rum<\/strong>, skapad av b\u00e5de pot still- och column still-destillat och lagrad i <strong data-start=\"436\" data-end=\"445\">16 \u00e5r<\/strong> genom en <strong data-start=\"455\" data-end=\"472\">dubbel mognad<\/strong>: <strong data-start=\"474\" data-end=\"483\">10 \u00e5r<\/strong> i f\u00f6re detta bourbonfat f\u00f6ljt av <strong data-start=\"517\" data-end=\"525\">6 \u00e5r<\/strong> i f\u00f6re detta tawny portvinsfat. Mandamus buteljeras vid <strong data-start=\"582\" data-end=\"593\">57% ABV<\/strong>, \u00e4r <strong data-start=\"598\" data-end=\"619\">inte kylfiltrerad<\/strong> och helt fri fr\u00e5n <strong data-start=\"638\" data-end=\"655\">s\u00f6tningsmedel<\/strong> och <strong data-start=\"660\" data-end=\"673\">f\u00e4rg\u00e4mnen<\/strong> \u2013 ett tydligt uttryck f\u00f6r autenticitet och balans.<\/p>\n<p data-start=\"726\" data-end=\"1163\">Det som verkligen s\u00e4rskiljer Mandamus \u00e4r dess rika <strong data-start=\"777\" data-end=\"799\">portvinsfatspr\u00e4gel<\/strong>, en signatur som f\u00f6rst f\u00e5ngade Foursquare-entusiasternas intresse redan <strong data-start=\"872\" data-end=\"880\">2014<\/strong>. Denna utg\u00e5va \u00e5terv\u00e4nder till den \u00e4lskade stilen och bjuder p\u00e5 en lyxig, marmeladig smakdjup med lager av m\u00f6rk frukt, karamell, n\u00f6tter och subtil kryddighet. Det \u00e4r en rom som b\u00e5de speglar Foursquares arv och deras innovativa anda \u2013 en bro mellan tradition och fortsatt utforskande.<\/p>\n<p data-start=\"1165\" data-end=\"1424\">Med begr\u00e4nsad tillg\u00e5ng och stor f\u00f6rv\u00e4ntan \u00e4r <strong data-start=\"1210\" data-end=\"1233\">Foursquare Mandamus<\/strong> p\u00e5 v\u00e4g att bli en av \u00e5rets mest eftertraktade utg\u00e5vor. Missa inte chansen att erbjuda denna exceptionella buteljering till era kunder \u2013 ett sj\u00e4lvklart tillskott i varje premiumrom-sortiment.<\/p>\n<p data-start=\"1426\" data-end=\"1943\"><strong data-start=\"1426\" data-end=\"1435\">Doft:<\/strong> En rik explosion av bj\u00f6rnb\u00e4r, mogen ananas, syrlig plommon och k\u00f6rsb\u00e4r. Massor av sultanrussin, vanilj och karamell, samt inslag av ingef\u00e4ra, hasseln\u00f6tter, valn\u00f6tter och svarta vinb\u00e4rsblad\/vinrankor.<br data-start=\"1635\" data-end=\"1638\" \/><strong data-start=\"1638\" data-end=\"1647\">Smak:<\/strong> Mjuk och s\u00f6t i anslaget, med saftiga mogna svarta k\u00f6rsb\u00e4r, hallon och Victoria-plommon. Mer sultanrussin och en hint av frisk apelsinzest.<br data-start=\"1786\" data-end=\"1789\" \/><strong data-start=\"1789\" data-end=\"1800\">Finish:<\/strong> Bitter choklad och svart te. Vitpeppar och en l\u00e4tt v\u00e4rme av chili i ett l\u00e5ngvarigt, rostat, milt r\u00f6kigt och ekdrivet avslut med tydligt grepp.<\/p>\n","protected":false},"excerpt":{"rendered":"<p>Single Blended Rum \u2013 Barbados<\/p>\n","protected":false},"featured_media":113230,"template":"","meta":{"_acf_changed":false,"rs_blank_template":"","rs_page_bg_color":"","slide_template_v7":""},"product_brand":[],"product_cat":[2387,4634,2391],"product_tag":[],"class_list":{"0":"post-113118","1":"product","2":"type-product","3":"status-publish","4":"has-post-thumbnail","6":"product_cat-avec-sv","7":"product_cat-premium-aged-sv","8":"product_cat-rom-sv","9":"pa_land-barbados-sv","10":"pa_procent-57-sv","11":"pa_producent-foursquare-sv","12":"pa_volume-70-sv-2","14":"first","15":"instock","16":"taxable","17":"shipping-taxable","18":"purchasable","19":"product-type-simple"},"bundled_by":[],"bundle_stock_status":"instock","bundle_stock_quantity":5,"bundle_virtual":false,"bundle_layout":"","bundle_add_to_cart_form_location":"","bundle_editable_in_cart":false,"bundle_sold_individually_context":"","bundle_item_grouping":"","bundle_min_size":"","bundle_max_size":"","bundle_price":[],"bundled_items":[],"bundle_sell_ids":[],"acf":[],"_links":{"self":[{"href":"https:\/\/www.raschvin.com\/sv\/wp-json\/wp\/v2\/product\/113118","targetHints":{"allow":["GET"]}}],"collection":[{"href":"https:\/\/www.raschvin.com\/sv\/wp-json\/wp\/v2\/product"}],"about":[{"href":"https:\/\/www.raschvin.com\/sv\/wp-json\/wp\/v2\/types\/product"}],"wp:featuredmedia":[{"embeddable":true,"href":"https:\/\/www.raschvin.com\/sv\/wp-json\/wp\/v2\/media\/113230"}],"wp:attachment":[{"href":"https:\/\/www.raschvin.com\/sv\/wp-json\/wp\/v2\/media?parent=113118"}],"wp:term":[{"taxonomy":"product_brand","embeddable":true,"href":"https:\/\/www.raschvin.com\/sv\/wp-json\/wp\/v2\/product_brand?post=113118"},{"taxonomy":"product_cat","embeddable":true,"href":"https:\/\/www.raschvin.com\/sv\/wp-json\/wp\/v2\/product_cat?post=113118"},{"taxonomy":"product_tag","embeddable":true,"href":"https:\/\/www.raschvin.com\/sv\/wp-json\/wp\/v2\/product_tag?post=113118"}],"curies":[{"name":"wp","href":"https:\/\/api.w.org\/{rel}","templated":true}]}}