{"id":112966,"date":"2025-11-04T18:12:12","date_gmt":"2025-11-04T17:12:12","guid":{"rendered":"https:\/\/www.raschvin.com\/produkt\/spanish-wine-tasting-saturday-5-6-1700-399-person\/"},"modified":"2026-01-15T11:07:02","modified_gmt":"2026-01-15T10:07:02","slug":"spanish-wine-tasting-saturday-5-6-1700-399-person","status":"publish","type":"product","link":"https:\/\/www.raschvin.com\/sv\/produkt\/spanish-wine-tasting-saturday-5-6-1700-399-person\/","title":{"rendered":"Spanish Wine Tasting Friday 5\/6 @ 17:00 399.-\/ person"},"content":{"rendered":"<p data-start=\"923\" data-end=\"971\"><strong data-start=\"923\" data-end=\"971\">Spansk vinprovning \u2013 fredag 5 juni kl. 17.00<\/strong><\/p>\n<p data-start=\"973\" data-end=\"1185\">F\u00f6lj med p\u00e5 en sinnlig resa genom Spaniens vinlandskap! Under cirka en och en halv timme provar vi noggrant utvalda viner fr\u00e5n v\u00e4lk\u00e4nda producenter \u2013 och inte minst sm\u00e5, g\u00f6mda guldkorn med massor av personlighet.<\/p>\n<p data-start=\"1187\" data-end=\"1423\">F\u00f6rv\u00e4nta dig saftiga tempranillo, eleganta albari\u00f1o och \u00f6verraskningar fr\u00e5n b\u00e5de klassiska och nya, sp\u00e4nnande omr\u00e5den. Vi pratar stil, terroir och historierna bakom flaskorna \u2013 avslappnat, nyfiket och med fullt fokus p\u00e5 ren drickgl\u00e4dje.<\/p>\n<p data-start=\"1425\" data-end=\"1562\"><strong data-start=\"1425\" data-end=\"1433\">N\u00e4r:<\/strong> Fredag 5 juni kl. 17.00<br data-start=\"1457\" data-end=\"1460\" \/><strong data-start=\"1460\" data-end=\"1470\">L\u00e4ngd:<\/strong> Ca. 1,5 timme<br data-start=\"1484\" data-end=\"1487\" \/><strong data-start=\"1487\" data-end=\"1504\">Spr\u00e5k &amp; v\u00e4rd:<\/strong> Provningen h\u00e5lls p\u00e5 b\u00e5de svenska och danska av Alexander.<\/p>\n<p data-start=\"1564\" data-end=\"1694\">Vill du veta mer? H\u00f6r g\u00e4rna av dig f\u00f6r mer information \u2013 vi hj\u00e4lper till med allt fr\u00e5n praktiska detaljer till s\u00e4rskilda \u00f6nskem\u00e5l.<\/p>\n<p data-start=\"1696\" data-end=\"1747\">Kom och smaka, och l\u00e5t dig inspireras \u2013 <strong data-start=\"1736\" data-end=\"1747\">\u00a1salud!<\/strong><\/p>\n","protected":false},"excerpt":{"rendered":"<p>Spansk vinprovning \u2013 fredag 5 juni kl. 17.00 F\u00f6lj med p\u00e5 en sinnlig resa genom Spaniens vinlandskap! Under cirka en och en halv timme provar vi noggrant utvalda viner fr\u00e5n&#8230;<\/p>\n","protected":false},"featured_media":104214,"template":"","meta":{"_acf_changed":false,"rs_blank_template":"","rs_page_bg_color":"","slide_template_v7":""},"product_brand":[],"product_cat":[4814],"product_tag":[],"class_list":{"0":"post-112966","1":"product","2":"type-product","3":"status-publish","4":"has-post-thumbnail","6":"product_cat-provsmakning","8":"first","9":"instock","10":"virtual","11":"taxable","12":"purchasable","13":"product-type-simple"},"bundled_by":[],"bundle_stock_status":"instock","bundle_stock_quantity":18,"bundle_virtual":false,"bundle_layout":"","bundle_add_to_cart_form_location":"","bundle_editable_in_cart":false,"bundle_sold_individually_context":"","bundle_item_grouping":"","bundle_min_size":"","bundle_max_size":"","bundle_price":[],"bundled_items":[],"bundle_sell_ids":[],"acf":[],"_links":{"self":[{"href":"https:\/\/www.raschvin.com\/sv\/wp-json\/wp\/v2\/product\/112966","targetHints":{"allow":["GET"]}}],"collection":[{"href":"https:\/\/www.raschvin.com\/sv\/wp-json\/wp\/v2\/product"}],"about":[{"href":"https:\/\/www.raschvin.com\/sv\/wp-json\/wp\/v2\/types\/product"}],"wp:featuredmedia":[{"embeddable":true,"href":"https:\/\/www.raschvin.com\/sv\/wp-json\/wp\/v2\/media\/104214"}],"wp:attachment":[{"href":"https:\/\/www.raschvin.com\/sv\/wp-json\/wp\/v2\/media?parent=112966"}],"wp:term":[{"taxonomy":"product_brand","embeddable":true,"href":"https:\/\/www.raschvin.com\/sv\/wp-json\/wp\/v2\/product_brand?post=112966"},{"taxonomy":"product_cat","embeddable":true,"href":"https:\/\/www.raschvin.com\/sv\/wp-json\/wp\/v2\/product_cat?post=112966"},{"taxonomy":"product_tag","embeddable":true,"href":"https:\/\/www.raschvin.com\/sv\/wp-json\/wp\/v2\/product_tag?post=112966"}],"curies":[{"name":"wp","href":"https:\/\/api.w.org\/{rel}","templated":true}]}}