{"id":112946,"date":"2026-01-15T08:48:47","date_gmt":"2026-01-15T07:48:47","guid":{"rendered":"https:\/\/www.raschvin.com\/?post_type=product&#038;p=112946"},"modified":"2026-01-15T08:52:10","modified_gmt":"2026-01-15T07:52:10","slug":"koskenkorva-cream-salmiakki-50-cl-15-kopier","status":"publish","type":"product","link":"https:\/\/www.raschvin.com\/sv\/produkt\/koskenkorva-cream-salmiakki-50-cl-15-kopier\/","title":{"rendered":"Koskenkorva Cream Cr\u00e8me Caramel 50 cl. 15%"},"content":{"rendered":"<p data-start=\"1428\" data-end=\"1864\"><strong data-start=\"1428\" data-end=\"1463\">Koskenkorva Cream Cr\u00e8me Caramel<\/strong> \u00e4r en finsk kr\u00e4mlik\u00f6r med tydlig dessertk\u00e4nsla, inspirerad av den klassiska efterr\u00e4tten cr\u00e8me caramel. Den har en fyllig och sammetslen konsistens d\u00e4r varm karamell och vanilj st\u00e5r i centrum. I bakgrunden finns l\u00e4tt rostade nyanser, och vissa upplever \u00e4ven toner av ljus choklad samt en diskret saltkaramell-k\u00e4nsla som rundar av s\u00f6tman och ger extra djup. Eftersmaken \u00e4r l\u00e5ng, kr\u00e4mig och karamellrik.<\/p>\n<p data-start=\"1866\" data-end=\"2243\">Den g\u00f6r sig b\u00e4st <strong data-start=\"1883\" data-end=\"1895\">v\u00e4l kyld<\/strong>: som shot, \u00f6ver is eller som en liten avec efter maten. Den passar ocks\u00e5 perfekt till dessert \u2013 ringla \u00f6ver vaniljglass, anv\u00e4nd i milkshake eller som smaklyft i bakverk och efterr\u00e4ttsserveringar. I baren \u00e4r den ett enkelt och gott val i kaffedrinkar och dessertcocktails, eller bara med en skv\u00e4tt kaffe\/espresso f\u00f6r en snabb \u201ckaramelllatte\u201d-twist.<\/p>\n<p data-start=\"2245\" data-end=\"2335\"><strong data-start=\"2245\" data-end=\"2269\">Tillverkad i Finland<\/strong> och baserad p\u00e5 Koskenkorvas kornspiritus.<br data-start=\"2311\" data-end=\"2314\" \/><strong data-start=\"2314\" data-end=\"2330\">Alkoholhalt:<\/strong> 15 %<\/p>\n<p data-start=\"2337\" data-end=\"2865\"><strong data-start=\"2337\" data-end=\"2355\">Om producenten<\/strong><br data-start=\"2355\" data-end=\"2358\" \/>Koskenkorva \u00e4r ett av Finlands mest v\u00e4lk\u00e4nda spritvarum\u00e4rken och kommer fr\u00e5n byn <strong data-start=\"2439\" data-end=\"2465\">Koskenkorva i Ilmajoki<\/strong> i s\u00f6dra \u00d6sterbotten. Varum\u00e4rket ing\u00e5r idag i <strong data-start=\"2511\" data-end=\"2520\">Anora<\/strong>, en av Nordens st\u00f6rre dryckesproducenter. Koskenkorvas destilleri \u00e4r k\u00e4nt f\u00f6r sitt arbete med lokala r\u00e5varor \u2013 framf\u00f6r allt finskt korn \u2013 och f\u00f6r ett uttalat h\u00e5llbarhetsfokus med cirkul\u00e4ra processer d\u00e4r hela spannm\u00e5let tas tillvara och stora delar av sidostr\u00f6mmarna \u00e5teranv\u00e4nds, bland annat genom energi\u00e5tervinning och andra anv\u00e4ndningsomr\u00e5den.<\/p>\n","protected":false},"excerpt":{"rendered":"<p>Vodka Licorice Liqueur -Shot<\/p>\n","protected":false},"featured_media":113058,"template":"","meta":{"_acf_changed":false,"rs_blank_template":"","rs_page_bg_color":"","slide_template_v7":""},"product_brand":[],"product_cat":[2387,4676,4673,2407,2390,2402],"product_tag":[],"class_list":{"0":"post-112946","1":"product","2":"type-product","3":"status-publish","4":"has-post-thumbnail","6":"product_cat-avec-sv","7":"product_cat-choklad","8":"product_cat-creme-sv","9":"product_cat-shots-sv","10":"product_cat-sprit","11":"product_cat-sprit-sv","12":"pa_land-finland-sv","13":"pa_procent-15-sv","14":"pa_producent-koskenkorva-sv","15":"pa_volume-50-sv","17":"first","18":"instock","19":"sale","20":"taxable","21":"shipping-taxable","22":"purchasable","23":"product-type-simple"},"bundled_by":[],"bundle_stock_status":"instock","bundle_stock_quantity":null,"bundle_virtual":false,"bundle_layout":"","bundle_add_to_cart_form_location":"","bundle_editable_in_cart":false,"bundle_sold_individually_context":"","bundle_item_grouping":"","bundle_min_size":"","bundle_max_size":"","bundle_price":[],"bundled_items":[],"bundle_sell_ids":[],"acf":[],"_links":{"self":[{"href":"https:\/\/www.raschvin.com\/sv\/wp-json\/wp\/v2\/product\/112946","targetHints":{"allow":["GET"]}}],"collection":[{"href":"https:\/\/www.raschvin.com\/sv\/wp-json\/wp\/v2\/product"}],"about":[{"href":"https:\/\/www.raschvin.com\/sv\/wp-json\/wp\/v2\/types\/product"}],"wp:featuredmedia":[{"embeddable":true,"href":"https:\/\/www.raschvin.com\/sv\/wp-json\/wp\/v2\/media\/113058"}],"wp:attachment":[{"href":"https:\/\/www.raschvin.com\/sv\/wp-json\/wp\/v2\/media?parent=112946"}],"wp:term":[{"taxonomy":"product_brand","embeddable":true,"href":"https:\/\/www.raschvin.com\/sv\/wp-json\/wp\/v2\/product_brand?post=112946"},{"taxonomy":"product_cat","embeddable":true,"href":"https:\/\/www.raschvin.com\/sv\/wp-json\/wp\/v2\/product_cat?post=112946"},{"taxonomy":"product_tag","embeddable":true,"href":"https:\/\/www.raschvin.com\/sv\/wp-json\/wp\/v2\/product_tag?post=112946"}],"curies":[{"name":"wp","href":"https:\/\/api.w.org\/{rel}","templated":true}]}}