{"id":112943,"date":"2026-01-15T08:37:38","date_gmt":"2026-01-15T07:37:38","guid":{"rendered":"https:\/\/www.raschvin.com\/?post_type=product&#038;p=112943"},"modified":"2026-01-15T08:44:07","modified_gmt":"2026-01-15T07:44:07","slug":"koskenkorva-salmiakki-50-cl-30-kopier","status":"publish","type":"product","link":"https:\/\/www.raschvin.com\/sv\/produkt\/koskenkorva-salmiakki-50-cl-30-kopier\/","title":{"rendered":"Koskenkorva Cream Salmiakki 50 cl. 15%"},"content":{"rendered":"<p data-start=\"1203\" data-end=\"1624\"><strong data-start=\"1203\" data-end=\"1234\">Koskenkorva Cream Salmiakki<\/strong> \u00e4r en finsk kr\u00e4mlik\u00f6r som f\u00f6renar den klassiska nordiska smaken av salmiak (salt lakrits) med en mjuk, fyllig och sammetslen kr\u00e4mighet. Smaken \u00e4r tydligt lakritsdriven men rundas av av gr\u00e4ddiga toner och en behaglig s\u00f6tma, vilket ger en l\u00e5ng, kr\u00e4mig eftersmak med l\u00e4tt s\u00e4lta. Doften \u00e4r intensivt salmiakig med mjuka, kr\u00e4miga inslag och helheten k\u00e4nns n\u00e4stan som en dessert i flytande form.<\/p>\n<p data-start=\"1626\" data-end=\"1848\">Den serveras b\u00e4st <strong data-start=\"1644\" data-end=\"1656\">v\u00e4l kyld<\/strong> \u2013 som shot eller \u00f6ver is. Den passar \u00e4ven perfekt i enklare dessertserveringar: ringla \u00f6ver vaniljglass, blanda i en milkshake eller ge varm choklad eller kaffe en lakrits- och gr\u00e4ddig twist.<\/p>\n<p data-start=\"1850\" data-end=\"2248\"><strong data-start=\"1850\" data-end=\"1865\">Producenten<\/strong> \u00e4r <strong data-start=\"1869\" data-end=\"1878\">Anora<\/strong> (Anora Group), en av Nordens st\u00f6rre dryckesproducenter. Koskenkorva har sitt ursprung i byn Koskenkorva i s\u00f6dra \u00d6sterbotten i Finland, d\u00e4r destillering har en l\u00e5ng historia. Varum\u00e4rket \u00e4r starkt f\u00f6rknippat med lokala r\u00e5varor som finskt korn (byg) och en tradition av rena, mjuka destillat \u2013 n\u00e5got som m\u00e4rks \u00e4ven i den h\u00e4r kr\u00e4miga salmiaklik\u00f6ren.<br data-start=\"2224\" data-end=\"2227\" \/><strong data-start=\"2227\" data-end=\"2243\">Alkoholhalt:<\/strong> 15 %<\/p>\n","protected":false},"excerpt":{"rendered":"<p>Vodka Licorice Liqueur -Shot<\/p>\n","protected":false},"featured_media":112991,"template":"","meta":{"_acf_changed":false,"rs_blank_template":"","rs_page_bg_color":"","slide_template_v7":""},"product_brand":[],"product_cat":[2387,4673,4666,2407,2390,2402],"product_tag":[],"class_list":{"0":"post-112943","1":"product","2":"type-product","3":"status-publish","4":"has-post-thumbnail","6":"product_cat-avec-sv","7":"product_cat-creme-sv","8":"product_cat-lakrits-sprit","9":"product_cat-shots-sv","10":"product_cat-sprit","11":"product_cat-sprit-sv","12":"pa_land-finland-sv","13":"pa_procent-15-sv","14":"pa_producent-koskenkorva-sv","15":"pa_volume-50-sv","17":"first","18":"instock","19":"sale","20":"taxable","21":"shipping-taxable","22":"purchasable","23":"product-type-simple"},"bundled_by":[],"bundle_stock_status":"instock","bundle_stock_quantity":null,"bundle_virtual":false,"bundle_layout":"","bundle_add_to_cart_form_location":"","bundle_editable_in_cart":false,"bundle_sold_individually_context":"","bundle_item_grouping":"","bundle_min_size":"","bundle_max_size":"","bundle_price":[],"bundled_items":[],"bundle_sell_ids":[],"acf":[],"_links":{"self":[{"href":"https:\/\/www.raschvin.com\/sv\/wp-json\/wp\/v2\/product\/112943","targetHints":{"allow":["GET"]}}],"collection":[{"href":"https:\/\/www.raschvin.com\/sv\/wp-json\/wp\/v2\/product"}],"about":[{"href":"https:\/\/www.raschvin.com\/sv\/wp-json\/wp\/v2\/types\/product"}],"wp:featuredmedia":[{"embeddable":true,"href":"https:\/\/www.raschvin.com\/sv\/wp-json\/wp\/v2\/media\/112991"}],"wp:attachment":[{"href":"https:\/\/www.raschvin.com\/sv\/wp-json\/wp\/v2\/media?parent=112943"}],"wp:term":[{"taxonomy":"product_brand","embeddable":true,"href":"https:\/\/www.raschvin.com\/sv\/wp-json\/wp\/v2\/product_brand?post=112943"},{"taxonomy":"product_cat","embeddable":true,"href":"https:\/\/www.raschvin.com\/sv\/wp-json\/wp\/v2\/product_cat?post=112943"},{"taxonomy":"product_tag","embeddable":true,"href":"https:\/\/www.raschvin.com\/sv\/wp-json\/wp\/v2\/product_tag?post=112943"}],"curies":[{"name":"wp","href":"https:\/\/api.w.org\/{rel}","templated":true}]}}