{"id":112940,"date":"2026-01-15T08:23:45","date_gmt":"2026-01-15T07:23:45","guid":{"rendered":"https:\/\/www.raschvin.com\/?post_type=product&#038;p=112940"},"modified":"2026-01-15T08:30:56","modified_gmt":"2026-01-15T07:30:56","slug":"hot-nsweet-tyrkisk-peber-100-cl-32-kopier","status":"publish","type":"product","link":"https:\/\/www.raschvin.com\/sv\/produkt\/hot-nsweet-tyrkisk-peber-100-cl-32-kopier\/","title":{"rendered":"Hot n&#8217;Sweet SHOT Raspberry Liquorice 70 cl. 16,4%"},"content":{"rendered":"<p data-start=\"443\" data-end=\"684\">Hot n\u2019Sweet SHOT Raspberry Liquorice \u00e4r en kaxig och intensiv shot med en perfekt balans mellan s\u00f6t hallonsmak och tydlig lakritston. Den fruktiga friskheten m\u00f6ter en djup, rund lakrits som ger en l\u00e5ng och behaglig eftersmak.<\/p>\n<p data-start=\"686\" data-end=\"873\" data-is-last-node=\"\" data-is-only-node=\"\">Serveras iskall som shot \u2013 eller anv\u00e4nd i drinkar f\u00f6r extra sting (testa med lemon-lime l\u00e4sk eller som en twist i en sour). Perfekt f\u00f6r fest, bar och kv\u00e4llar n\u00e4r du vill ha lite mer smak.<\/p>\n","protected":false},"excerpt":{"rendered":"<p>The Original Shot Since 1993<\/p>\n","protected":false},"featured_media":112994,"template":"","meta":{"_acf_changed":false,"rs_blank_template":"","rs_page_bg_color":"","slide_template_v7":""},"product_brand":[],"product_cat":[2387,4666,2407,2390,2402],"product_tag":[],"class_list":{"0":"post-112940","1":"product","2":"type-product","3":"status-publish","4":"has-post-thumbnail","6":"product_cat-avec-sv","7":"product_cat-lakrits-sprit","8":"product_cat-shots-sv","9":"product_cat-sprit","10":"product_cat-sprit-sv","11":"pa_land-danmark-sv","12":"pa_procent-16-4-sv","13":"pa_producent-hotn-sweet-sv-2","14":"pa_volume-70-sv-2","16":"first","17":"instock","18":"sale","19":"taxable","20":"shipping-taxable","21":"purchasable","22":"product-type-simple"},"bundled_by":[],"bundle_stock_status":"instock","bundle_stock_quantity":null,"bundle_virtual":false,"bundle_layout":"","bundle_add_to_cart_form_location":"","bundle_editable_in_cart":false,"bundle_sold_individually_context":"","bundle_item_grouping":"","bundle_min_size":"","bundle_max_size":"","bundle_price":[],"bundled_items":[],"bundle_sell_ids":[],"acf":[],"_links":{"self":[{"href":"https:\/\/www.raschvin.com\/sv\/wp-json\/wp\/v2\/product\/112940","targetHints":{"allow":["GET"]}}],"collection":[{"href":"https:\/\/www.raschvin.com\/sv\/wp-json\/wp\/v2\/product"}],"about":[{"href":"https:\/\/www.raschvin.com\/sv\/wp-json\/wp\/v2\/types\/product"}],"wp:featuredmedia":[{"embeddable":true,"href":"https:\/\/www.raschvin.com\/sv\/wp-json\/wp\/v2\/media\/112994"}],"wp:attachment":[{"href":"https:\/\/www.raschvin.com\/sv\/wp-json\/wp\/v2\/media?parent=112940"}],"wp:term":[{"taxonomy":"product_brand","embeddable":true,"href":"https:\/\/www.raschvin.com\/sv\/wp-json\/wp\/v2\/product_brand?post=112940"},{"taxonomy":"product_cat","embeddable":true,"href":"https:\/\/www.raschvin.com\/sv\/wp-json\/wp\/v2\/product_cat?post=112940"},{"taxonomy":"product_tag","embeddable":true,"href":"https:\/\/www.raschvin.com\/sv\/wp-json\/wp\/v2\/product_tag?post=112940"}],"curies":[{"name":"wp","href":"https:\/\/api.w.org\/{rel}","templated":true}]}}