{"id":111702,"date":"2025-12-27T07:49:40","date_gmt":"2025-12-27T06:49:40","guid":{"rendered":"https:\/\/www.raschvin.com\/?post_type=product&#038;p=111702"},"modified":"2025-12-27T08:02:24","modified_gmt":"2025-12-27T07:02:24","slug":"nine-leaves-7-years-2018-single-cask-spanish-oak-70-cl-59-kopier","status":"publish","type":"product","link":"https:\/\/www.raschvin.com\/sv\/produkt\/nine-leaves-7-years-2018-single-cask-spanish-oak-70-cl-59-kopier\/","title":{"rendered":"Nine Leaves 5 Years 2020 Single Cask PX #51 70 cl. 60%"},"content":{"rendered":"<p data-start=\"2108\" data-end=\"2802\">F\u00f6r att g\u00f6ra sina rom anv\u00e4nder Yoshiharu Takeuchi <strong data-start=\"2158\" data-end=\"2168\">kokuto<\/strong>, ett brunt socker som ocks\u00e5 \u00e4r k\u00e4nt som <strong data-start=\"2209\" data-end=\"2237\">Okinawas \u201csvarta socker\u201d<\/strong>. Det kommer fr\u00e5n \u00f6n <strong data-start=\"2258\" data-end=\"2272\">Taramajima<\/strong> i <strong data-start=\"2275\" data-end=\"2298\">Okinawa-arkipelagen<\/strong>. Precis som i agricole-rom startas j\u00e4sningen med noggrant utvalda <strong data-start=\"2365\" data-end=\"2387\">lokala j\u00e4ststammar<\/strong>, och fermenteringen p\u00e5g\u00e5r i omkring <strong data-start=\"2424\" data-end=\"2438\">fyra dagar<\/strong>. Som en tydlig parallell till det small batch som ocks\u00e5 lagrats p\u00e5 Pedro Xim\u00e9nez-fat i samma Itin\u00e9raires-katalog visar detta <strong data-start=\"2564\" data-end=\"2579\">single cask<\/strong> ett ovanligt djupt och detaljerat uttryck. Med noter av l\u00e4tt br\u00e4nt, m\u00f6rkt sockerr\u00f6rssocker r\u00f6r sig doft- och smakpaletten genom medicinska, florala, fruktiga och honungstonade sp\u00e5r, allt med en mogen, str\u00e5lande intensitet.<\/p>\n<p data-start=\"2804\" data-end=\"3229\"><strong data-start=\"2804\" data-end=\"2823\">Om producenten:<\/strong> Nine Leaves var ett japanskt mikrodestilleri grundat 2013 av Yoshiharu Takeuchi i \u014ctsu, Shiga (n\u00e4ra sj\u00f6n Biwa). Destilleriet blev k\u00e4nt f\u00f6r sm\u00e5 batcher, kompromissl\u00f6st hantverk och tydlig inspiration fr\u00e5n whiskyv\u00e4rlden \u2013 inte minst genom kontrollerade j\u00e4sningar och precis destillation. Takeuchi valde att st\u00e4nga destilleriet i slutet av 2023, vilket gjort kvarvarande buteljeringar s\u00e4rskilt eftertraktade.<\/p>\n<p data-start=\"3231\" data-end=\"3509\"><strong data-start=\"3231\" data-end=\"3240\">Doft:<\/strong> Rik och djup. Medicinsk (balsam), chokladig, mjukt kryddig (kanel, ingef\u00e4ra), gr\u00f6n och frisk (socker\u00f6rsf\u00e4lt) och intensivt blommig (tuberose, iris). Den forts\u00e4tter hela tiden att lyfta i glaset. Med luft kommer blodapelsin, lindhonung och skogsbotten (svamp, kastanj).<\/p>\n<p data-start=\"3511\" data-end=\"3540\"><strong data-start=\"3511\" data-end=\"3520\">F\u00e4rg:<\/strong> Djup koppar-orange.<\/p>\n<p data-start=\"3542\" data-end=\"3795\"><strong data-start=\"3542\" data-end=\"3551\">Smak:<\/strong> B\u00e5de livlig och fyllig. Fibrig (socker\u00f6r), empyreumatisk (aska, br\u00e4nt tr\u00e4) och samtidigt fruktig (dadlar, fikon) samt honungstonad (lavendel). Imponerande koncentration. Med tiden t\u00e4vlar marmelad, kvittengele och bourbonvanilj om att ta plats.<\/p>\n<p data-start=\"3797\" data-end=\"4131\"><strong data-start=\"3797\" data-end=\"3807\">Final:<\/strong> Silkeslen och l\u00e4tt. T\u00e4ckt av ett tunt lager <strong data-start=\"3852\" data-end=\"3869\">salt karamell<\/strong> r\u00f6r den sig snabbt mot tropiska, extra mjuka toner (mango, kaki, guava). Just h\u00e4r n\u00e5r p\u00e5verkan fr\u00e5n lagringen p\u00e5 <strong data-start=\"3983\" data-end=\"4004\">Pedro Xim\u00e9nez-fat<\/strong> sin topp. L\u00e5ngt efter\u00e5t \u00e5terger det tomma glaset i detalj den medicinska, chokladiga och \u00f6rtiga karakt\u00e4ren fr\u00e5n f\u00f6rsta doften.<\/p>\n","protected":false},"excerpt":{"rendered":"<p>Pure Single Japanese Rum<\/p>\n","protected":false},"featured_media":111706,"template":"","meta":{"_acf_changed":false,"rs_blank_template":"","rs_page_bg_color":"","slide_template_v7":""},"product_brand":[],"product_cat":[2391,4634,9225],"product_tag":[],"class_list":{"0":"post-111702","1":"product","2":"type-product","3":"status-publish","4":"has-post-thumbnail","6":"product_cat-rom-sv","7":"product_cat-premium-aged-sv","8":"product_cat-alternativa-romtyper","9":"pa_champagne-type-single-cask-sv","10":"pa_land-japan-sv","11":"pa_procent-59-sv","12":"pa_producent-nine-leaves","13":"pa_traefad-pedro-ximenez-px-sv","14":"pa_volume-70-sv-2","16":"first","17":"instock","18":"taxable","19":"shipping-taxable","20":"purchasable","21":"product-type-simple"},"bundled_by":[],"bundle_stock_status":"instock","bundle_stock_quantity":2,"bundle_virtual":false,"bundle_layout":"","bundle_add_to_cart_form_location":"","bundle_editable_in_cart":false,"bundle_sold_individually_context":"","bundle_item_grouping":"","bundle_min_size":"","bundle_max_size":"","bundle_price":[],"bundled_items":[],"bundle_sell_ids":[],"acf":[],"_links":{"self":[{"href":"https:\/\/www.raschvin.com\/sv\/wp-json\/wp\/v2\/product\/111702","targetHints":{"allow":["GET"]}}],"collection":[{"href":"https:\/\/www.raschvin.com\/sv\/wp-json\/wp\/v2\/product"}],"about":[{"href":"https:\/\/www.raschvin.com\/sv\/wp-json\/wp\/v2\/types\/product"}],"wp:featuredmedia":[{"embeddable":true,"href":"https:\/\/www.raschvin.com\/sv\/wp-json\/wp\/v2\/media\/111706"}],"wp:attachment":[{"href":"https:\/\/www.raschvin.com\/sv\/wp-json\/wp\/v2\/media?parent=111702"}],"wp:term":[{"taxonomy":"product_brand","embeddable":true,"href":"https:\/\/www.raschvin.com\/sv\/wp-json\/wp\/v2\/product_brand?post=111702"},{"taxonomy":"product_cat","embeddable":true,"href":"https:\/\/www.raschvin.com\/sv\/wp-json\/wp\/v2\/product_cat?post=111702"},{"taxonomy":"product_tag","embeddable":true,"href":"https:\/\/www.raschvin.com\/sv\/wp-json\/wp\/v2\/product_tag?post=111702"}],"curies":[{"name":"wp","href":"https:\/\/api.w.org\/{rel}","templated":true}]}}