{"id":111682,"date":"2025-12-27T07:31:34","date_gmt":"2025-12-27T06:31:34","guid":{"rendered":"https:\/\/www.raschvin.com\/?post_type=product&#038;p=111682"},"modified":"2025-12-27T07:37:59","modified_gmt":"2025-12-27T06:37:59","slug":"nine-leaves-5-years-2020-small-batch-px-cask-70-cl-59-kopier","status":"publish","type":"product","link":"https:\/\/www.raschvin.com\/sv\/produkt\/nine-leaves-5-years-2020-small-batch-px-cask-70-cl-59-kopier\/","title":{"rendered":"Nine Leaves 8 Years 2017 Single Cask Wente Red 70 cl. 60%"},"content":{"rendered":"<p data-start=\"1668\" data-end=\"2046\">I slutet av 2023 \u2013 n\u00e4r han stod inf\u00f6r att ta \u00f6ver ledningen av familjef\u00f6retaget \u2013 fattade <strong data-start=\"1758\" data-end=\"1780\">Yoshiharu Takeuchi<\/strong> beslutet att st\u00e4nga romdestilleriet han grundade 2013: <strong data-start=\"1836\" data-end=\"1851\">Nine Leaves<\/strong>. Sex m\u00e5nader senare \u00f6verl\u00e4t han samtliga fat som l\u00e5g under lagring till sin italienska distribut\u00f6r, huset <strong data-start=\"1958\" data-end=\"1968\">Velier<\/strong>, lett av <strong data-start=\"1978\" data-end=\"1994\">Luca Gargano<\/strong>, som r\u00e4knas som en av romv\u00e4rldens fr\u00e4msta experter.<\/p>\n<p data-start=\"2048\" data-end=\"2395\">Den h\u00e4r versionen har lagrats p\u00e5 ett fat som tidigare inneh\u00e5llit r\u00f6dvin fr\u00e5n <strong data-start=\"2125\" data-end=\"2134\">Wente<\/strong> i Kaliforniens <strong data-start=\"2150\" data-end=\"2170\">Livermore Valley<\/strong>. Utg\u00e5van briljerar med en elegant men ut\u00e5triktad karakt\u00e4r: ljus, str\u00e5lande och med en doft- och smakpalett som ibland flirtar med skotsk single malt-v\u00e4rld \u2013 allt f\u00f6r att lyfta fram ett intensivt fruktigt och floralt uttryck.<\/p>\n<p data-start=\"2397\" data-end=\"2658\"><strong data-start=\"2397\" data-end=\"2406\">Doft:<\/strong> B\u00e5de kraftfull och yppig. \u00c4delt ekig (merrain-ek), kryddig (nejlika) och pudrig (kakao). Gradvis kommer vanilj, hartsiga toner och en mjuk honungss\u00f6tma (akacia) som ger mer rond\u00f6r. Med luft fylls doften av intensiva blommor (kaprifol) och f\u00e4rsk fikon.<\/p>\n<p data-start=\"2660\" data-end=\"2676\"><strong data-start=\"2660\" data-end=\"2669\">F\u00e4rg:<\/strong> Topas.<\/p>\n<p data-start=\"2678\" data-end=\"2922\"><strong data-start=\"2678\" data-end=\"2687\">Smak:<\/strong> Livlig och sp\u00e4nstig. Pepprig och fruktig (p\u00e4ron, mirabelle) med en antydan av l\u00e4tt br\u00e4nt r\u00f6rsocker. Den gener\u00f6sa starten forts\u00e4tter i l\u00e4ckra toner av cr\u00e8me br\u00fbl\u00e9e och ris \u00e0 la malta\/risgrynsgr\u00f6t, samt inslag som drar \u00e5t mentholfriskt.<\/p>\n<p data-start=\"2924\" data-end=\"3309\"><strong data-start=\"2924\" data-end=\"2934\">Final:<\/strong> L\u00e5ng och mjuk. Den p\u00e5minner p\u00e5 flera s\u00e4tt om en Highland single malt: tropisk (rostad ananas, kanderad mango), \u00f6rtig (nyslaget h\u00f6) och mj\u00f6lkigt mjuk (kokos). D\u00e4refter tar toner av sockerr\u00f6r och r\u00f6rsirap vid och drar smaken in i ett frodigt, lyxigt landskap. I retron\u00e4san f\u00f6rl\u00e4nger f\u00f6rf\u00f6riska aromer av geranium och persika med aprikosdrag upplevelsen l\u00e5ngt efter sista sipp.<\/p>\n","protected":false},"excerpt":{"rendered":"<p>Pure Single Japanese Rum<\/p>\n","protected":false},"featured_media":111690,"template":"","meta":{"_acf_changed":false,"rs_blank_template":"","rs_page_bg_color":"","slide_template_v7":""},"product_brand":[],"product_cat":[2391,4634,9225],"product_tag":[],"class_list":{"0":"post-111682","1":"product","2":"type-product","3":"status-publish","4":"has-post-thumbnail","6":"product_cat-rom-sv","7":"product_cat-premium-aged-sv","8":"product_cat-alternativa-romtyper","9":"pa_champagne-type-single-cask-sv","10":"pa_land-japan-sv","11":"pa_procent-60-sv","12":"pa_producent-nine-leaves","13":"pa_traefad-red-wine-sv","14":"pa_volume-70-sv-2","16":"first","17":"instock","18":"taxable","19":"shipping-taxable","20":"purchasable","21":"product-type-simple"},"bundled_by":[],"bundle_stock_status":"instock","bundle_stock_quantity":2,"bundle_virtual":false,"bundle_layout":"","bundle_add_to_cart_form_location":"","bundle_editable_in_cart":false,"bundle_sold_individually_context":"","bundle_item_grouping":"","bundle_min_size":"","bundle_max_size":"","bundle_price":[],"bundled_items":[],"bundle_sell_ids":[],"acf":[],"_links":{"self":[{"href":"https:\/\/www.raschvin.com\/sv\/wp-json\/wp\/v2\/product\/111682","targetHints":{"allow":["GET"]}}],"collection":[{"href":"https:\/\/www.raschvin.com\/sv\/wp-json\/wp\/v2\/product"}],"about":[{"href":"https:\/\/www.raschvin.com\/sv\/wp-json\/wp\/v2\/types\/product"}],"wp:featuredmedia":[{"embeddable":true,"href":"https:\/\/www.raschvin.com\/sv\/wp-json\/wp\/v2\/media\/111690"}],"wp:attachment":[{"href":"https:\/\/www.raschvin.com\/sv\/wp-json\/wp\/v2\/media?parent=111682"}],"wp:term":[{"taxonomy":"product_brand","embeddable":true,"href":"https:\/\/www.raschvin.com\/sv\/wp-json\/wp\/v2\/product_brand?post=111682"},{"taxonomy":"product_cat","embeddable":true,"href":"https:\/\/www.raschvin.com\/sv\/wp-json\/wp\/v2\/product_cat?post=111682"},{"taxonomy":"product_tag","embeddable":true,"href":"https:\/\/www.raschvin.com\/sv\/wp-json\/wp\/v2\/product_tag?post=111682"}],"curies":[{"name":"wp","href":"https:\/\/api.w.org\/{rel}","templated":true}]}}