{"id":111666,"date":"2025-12-27T07:23:10","date_gmt":"2025-12-27T06:23:10","guid":{"rendered":"https:\/\/www.raschvin.com\/?post_type=product&#038;p=111666"},"modified":"2025-12-27T07:26:29","modified_gmt":"2025-12-27T06:26:29","slug":"nine-leaves-7-years-2018-small-batch-armagnac-cask-70-cl-59-kopier","status":"publish","type":"product","link":"https:\/\/www.raschvin.com\/sv\/produkt\/nine-leaves-7-years-2018-small-batch-armagnac-cask-70-cl-59-kopier\/","title":{"rendered":"Nine Leaves 5 Years 2020 Small Batch PX Cask 70 cl. 59%"},"content":{"rendered":"<p data-start=\"2270\" data-end=\"2657\">Med familjens vapensk\u00f6ld prydd av <strong data-start=\"2304\" data-end=\"2320\">nio bambul\u00f6v<\/strong> som stolt k\u00e4nnem\u00e4rke grundades destilleriet <strong data-start=\"2365\" data-end=\"2380\">Nine Leaves<\/strong> 2013 av <strong data-start=\"2389\" data-end=\"2411\">Yoshiharu Takeuchi<\/strong>. Destilleriet ligger i <strong data-start=\"2435\" data-end=\"2443\">\u014ctsu<\/strong> i <strong data-start=\"2446\" data-end=\"2467\">Shiga-prefekturen<\/strong>, n\u00e4ra en underjordisk k\u00e4lla som \u00e4r k\u00e4nd f\u00f6r sitt ovanligt <strong data-start=\"2526\" data-end=\"2551\">mjuka och rena vatten<\/strong> fr\u00e5n <strong data-start=\"2557\" data-end=\"2576\">Ishiyama-berget<\/strong> \u2013 en detalj som ofta lyfts fram som en nyckel till Nine Leaves stil och uttryck.<\/p>\n<p data-start=\"2659\" data-end=\"3072\"><strong data-start=\"2659\" data-end=\"2682\">Producenten (kort):<\/strong> Nine Leaves var ett japanskt mikrodestilleri med kompromissl\u00f6s hantverksfilosofi och fokus p\u00e5 sm\u00e5 batcher. Takeuchi-san arbetade med metoder inspirerade av whiskyv\u00e4rlden, d\u00e4r precision, tydlig fatkarakt\u00e4r och kvalitet i r\u00e5varor (inte minst vattnet) stod i centrum. Destilleriet upph\u00f6rde med produktionen <strong data-start=\"2987\" data-end=\"2995\">2023<\/strong>, vilket gjort kvarvarande buteljeringar extra intressanta och eftertraktade.<\/p>\n<p data-start=\"3074\" data-end=\"3434\">Detta <strong data-start=\"3080\" data-end=\"3095\">small batch<\/strong> \u00e4r en sammanst\u00e4llning av <strong data-start=\"3121\" data-end=\"3143\">tv\u00e5 400-liters fat<\/strong> som tidigare inneh\u00e5llit <strong data-start=\"3168\" data-end=\"3192\">Pedro Xim\u00e9nez-sherry<\/strong>. F\u00e4rgm\u00e4ssigt visar det upp ett levande spel av djupa kopparnyanser, orange och gult. Doft- och smakprofilen \u00e4r b\u00e5de solig och koncentrerad, men samtidigt uppbruten av fruktiga och \u201cinfuserade\u201d sekvenser som skapar tydliga fickor av fr\u00e4sch\u00f6r.<\/p>\n<p data-start=\"3436\" data-end=\"4104\">Doften \u00e4r fin och djup: f\u00f6rst pudriga toner av <strong data-start=\"3483\" data-end=\"3492\">kakao<\/strong> och <strong data-start=\"3497\" data-end=\"3515\">riven ingef\u00e4ra<\/strong>, tillsammans med <strong data-start=\"3533\" data-end=\"3544\">aprikos<\/strong> och en rostad ton av <strong data-start=\"3566\" data-end=\"3582\">grillat br\u00f6d<\/strong>, som ger en str\u00e5lande, n\u00e4stan andalusisk k\u00e4nsla. Med luft kommer <strong data-start=\"3648\" data-end=\"3657\">bivax<\/strong>, <strong data-start=\"3659\" data-end=\"3665\">ek<\/strong> och en antydan av <strong data-start=\"3684\" data-end=\"3701\">lack\/fernissa<\/strong>, som f\u00f6r tankarna till en m\u00f6belsnickares verkstad. I munnen \u00e4r den fyllig men samtidigt slank och distinkt: saftig <strong data-start=\"3817\" data-end=\"3828\">apelsin<\/strong>, <strong data-start=\"3830\" data-end=\"3841\">persika<\/strong> och <strong data-start=\"3846\" data-end=\"3858\">nektarin<\/strong>, och dessutom tydliga drag av torkad frukt som <strong data-start=\"3906\" data-end=\"3915\">fikon<\/strong> och <strong data-start=\"3920\" data-end=\"3930\">dadlar<\/strong>. D\u00e4refter smyger \u00e4dlare kryddor in \u2013 <strong data-start=\"3968\" data-end=\"3982\">kardemumma<\/strong>, <strong data-start=\"3984\" data-end=\"3995\">saffran<\/strong> och <strong data-start=\"4000\" data-end=\"4012\">ingef\u00e4ra<\/strong> \u2013 tillsammans med <strong data-start=\"4031\" data-end=\"4048\">bourbonvanilj<\/strong> och en mjuk, kr\u00e4mig ton som p\u00e5minner om <strong data-start=\"4089\" data-end=\"4103\">kokosmj\u00f6lk<\/strong>.<\/p>\n<p data-start=\"4106\" data-end=\"4526\">Avslutet \u00e4r mjukt, elegant och \u201cdunigt\u201d, med en fin mix av fylliga aromer (socker\u00f6rsblom), honungstoner (lavendel), \u00f6rtiga associationer (Havanna\/tobak), gourmanda nyanser (pepparkaka\/gingerbread) och frukt (kumquat). Det fr\u00e4schas gradvis upp av infusioner av <strong data-start=\"4366\" data-end=\"4377\">verbena<\/strong> och <strong data-start=\"4382\" data-end=\"4394\">kamomill<\/strong>, och till sist l\u00e4gger sig ett tunt lager av <strong data-start=\"4439\" data-end=\"4461\">lakrits och vanilj<\/strong> som extra mjukhet i retron\u00e4san, som str\u00e5lar av mogen intensitet.<\/p>\n","protected":false},"excerpt":{"rendered":"<p>Pure Single Japanese Rum<\/p>\n","protected":false},"featured_media":111673,"template":"","meta":{"_acf_changed":false,"rs_blank_template":"","rs_page_bg_color":"","slide_template_v7":""},"product_brand":[],"product_cat":[2391,4634,9225],"product_tag":[],"class_list":{"0":"post-111666","1":"product","2":"type-product","3":"status-publish","4":"has-post-thumbnail","6":"product_cat-rom-sv","7":"product_cat-premium-aged-sv","8":"product_cat-alternativa-romtyper","9":"pa_land-japan-sv","10":"pa_procent-59-sv","11":"pa_producent-nine-leaves","12":"pa_traefad-pedro-ximenez-px-sv","13":"pa_volume-70-sv-2","15":"first","16":"instock","17":"taxable","18":"shipping-taxable","19":"purchasable","20":"product-type-simple"},"bundled_by":[],"bundle_stock_status":"instock","bundle_stock_quantity":null,"bundle_virtual":false,"bundle_layout":"","bundle_add_to_cart_form_location":"","bundle_editable_in_cart":false,"bundle_sold_individually_context":"","bundle_item_grouping":"","bundle_min_size":"","bundle_max_size":"","bundle_price":[],"bundled_items":[],"bundle_sell_ids":[],"acf":[],"_links":{"self":[{"href":"https:\/\/www.raschvin.com\/sv\/wp-json\/wp\/v2\/product\/111666","targetHints":{"allow":["GET"]}}],"collection":[{"href":"https:\/\/www.raschvin.com\/sv\/wp-json\/wp\/v2\/product"}],"about":[{"href":"https:\/\/www.raschvin.com\/sv\/wp-json\/wp\/v2\/types\/product"}],"wp:featuredmedia":[{"embeddable":true,"href":"https:\/\/www.raschvin.com\/sv\/wp-json\/wp\/v2\/media\/111673"}],"wp:attachment":[{"href":"https:\/\/www.raschvin.com\/sv\/wp-json\/wp\/v2\/media?parent=111666"}],"wp:term":[{"taxonomy":"product_brand","embeddable":true,"href":"https:\/\/www.raschvin.com\/sv\/wp-json\/wp\/v2\/product_brand?post=111666"},{"taxonomy":"product_cat","embeddable":true,"href":"https:\/\/www.raschvin.com\/sv\/wp-json\/wp\/v2\/product_cat?post=111666"},{"taxonomy":"product_tag","embeddable":true,"href":"https:\/\/www.raschvin.com\/sv\/wp-json\/wp\/v2\/product_tag?post=111666"}],"curies":[{"name":"wp","href":"https:\/\/api.w.org\/{rel}","templated":true}]}}