{"id":111663,"date":"2025-12-27T07:20:44","date_gmt":"2025-12-27T06:20:44","guid":{"rendered":"https:\/\/www.raschvin.com\/produkt\/nine-leaves-7-years-2018-small-batch-armagnac-cask-70-cl-59\/"},"modified":"2025-12-27T07:22:50","modified_gmt":"2025-12-27T06:22:50","slug":"nine-leaves-7-years-2018-small-batch-armagnac-cask-70-cl-59","status":"publish","type":"product","link":"https:\/\/www.raschvin.com\/sv\/produkt\/nine-leaves-7-years-2018-small-batch-armagnac-cask-70-cl-59\/","title":{"rendered":"Nine Leaves 7 Years 2018 Small Batch Armagnac Cask 70 cl. 59%"},"content":{"rendered":"<p data-start=\"2056\" data-end=\"2468\">Efter att ha arbetat p\u00e5 <strong data-start=\"2080\" data-end=\"2105\">Chichibu-destilleriet<\/strong> tillsammans med Ichiro Akuto, och p\u00e5 hans r\u00e5d, utrustade Yoshiharu Takeuchi sitt destilleri <strong data-start=\"2198\" data-end=\"2213\">Nine Leaves<\/strong> med pannor konstruerade av det v\u00e4lk\u00e4nda skotska f\u00f6retaget <strong data-start=\"2272\" data-end=\"2285\">Forsyth\u2019s<\/strong> i Rothes (Speyside). Wash stillen \u00e4r stor och kompakt och p\u00e5minner om dem i Chichibu, medan spirit stillen \u00e4r slank med en l\u00e5ng svanhals, vilket f\u00f6r tankarna till Glenmorangie-typen.<\/p>\n<p data-start=\"2470\" data-end=\"2766\">Den h\u00e4r utg\u00e5van \u00e4r ett <strong data-start=\"2493\" data-end=\"2508\">small batch<\/strong> sammansatt av <strong data-start=\"2523\" data-end=\"2545\">tre 300-liters fat<\/strong> som tidigare inneh\u00e5llit <strong data-start=\"2570\" data-end=\"2582\">Armagnac<\/strong>. Det lyfter fram destillatets ovanliga renhet och komplexitet: en l\u00e4tt, \u201cluftig\u201d stil d\u00e4r frukt, kryddor, sirapstoner samt \u00f6rtiga och florala nyanser kommer i en mycket elegant f\u00f6ljd.<\/p>\n<p data-start=\"2768\" data-end=\"3153\"><strong data-start=\"2768\" data-end=\"2791\">Producenten (kort):<\/strong> Nine Leaves var ett japanskt mikrodestilleri grundat av Yoshiharu Takeuchi i <strong data-start=\"2869\" data-end=\"2890\">Shiga-prefekturen<\/strong>n\u00e4ra <strong data-start=\"2896\" data-end=\"2909\">sj\u00f6n Biwa<\/strong> (inte l\u00e5ngt fr\u00e5n Kyoto). Destilleriet blev k\u00e4nt f\u00f6r sitt kompromissl\u00f6sa hantverk, sm\u00e5 batcher och sin destillationsutrustning fr\u00e5n Forsyth\u2019s. Nine Leaves destillerade sin sista sprit <strong data-start=\"3093\" data-end=\"3101\">2023<\/strong>, vilket gjort buteljeringarna \u00e4n mer eftertraktade.<\/p>\n<p data-start=\"3155\" data-end=\"3485\"><strong data-start=\"3155\" data-end=\"3164\">Doft:<\/strong> Fin och luftig. Direkt m\u00f6ts man av saftiga toner av f\u00e4rsk ananas, kryddnejlika och citron. D\u00e4refter blir aromerna mer intensiva (socker\u00f6rsblom), mjukare och s\u00f6tare (socker\u00f6rssocker) och mer vaniljpr\u00e4glade. Sedan tillkommer eukalyptus och en r\u00f6kig\/harpiksartad \u201cincense paper\u201d-ton som ger en l\u00e4tt empyreumatisk dimension.<\/p>\n<p data-start=\"3487\" data-end=\"3507\"><strong data-start=\"3487\" data-end=\"3496\">F\u00e4rg:<\/strong> Gyllengul.<\/p>\n<p data-start=\"3509\" data-end=\"3786\"><strong data-start=\"3509\" data-end=\"3518\">Smak:<\/strong> Elegant och slank. \u00c4ven h\u00e4r fruktigt (citron, p\u00e4ron), men smaken r\u00f6r sig samtidigt med energi mot vegetala och \u00f6rtiga marker (socker\u00f6rsf\u00e4lt, nyslaget h\u00f6, vass) som str\u00e5lar av ljus och friskhet. Med tiden breder socker\u00f6rssirap ut sig och l\u00e4gger sig mjukt l\u00e4ngs gommen.<\/p>\n<p data-start=\"3788\" data-end=\"4045\"><strong data-start=\"3788\" data-end=\"3798\">Final:<\/strong> Delikat och l\u00e5ng. T\u00e4tsluten med smakprofilen och leder tillbaka till den friska ananastonen fr\u00e5n f\u00f6rsta doften. I eftersmaken\/retronasalt \u00e4r den s\u00e4rskilt mjuk och honungstonad (akacia), samtidigt mentolfrisk och fint \u201cinfuserad\u201d med citronmeliss.<\/p>\n","protected":false},"excerpt":{"rendered":"<p>Pure Single Japanese Rum<\/p>\n","protected":false},"featured_media":111679,"template":"","meta":{"_acf_changed":false,"rs_blank_template":"","rs_page_bg_color":"","slide_template_v7":""},"product_brand":[],"product_cat":[2391,4634,9225],"product_tag":[],"class_list":{"0":"post-111663","1":"product","2":"type-product","3":"status-publish","4":"has-post-thumbnail","6":"product_cat-rom-sv","7":"product_cat-premium-aged-sv","8":"product_cat-alternativa-romtyper","9":"pa_land-japan-sv","10":"pa_procent-59-sv","11":"pa_producent-nine-leaves","12":"pa_traefad-armagnac","13":"pa_volume-70-sv-2","15":"first","16":"instock","17":"taxable","18":"shipping-taxable","19":"purchasable","20":"product-type-simple"},"bundled_by":[],"bundle_stock_status":"instock","bundle_stock_quantity":null,"bundle_virtual":false,"bundle_layout":"","bundle_add_to_cart_form_location":"","bundle_editable_in_cart":false,"bundle_sold_individually_context":"","bundle_item_grouping":"","bundle_min_size":"","bundle_max_size":"","bundle_price":[],"bundled_items":[],"bundle_sell_ids":[],"acf":[],"_links":{"self":[{"href":"https:\/\/www.raschvin.com\/sv\/wp-json\/wp\/v2\/product\/111663","targetHints":{"allow":["GET"]}}],"collection":[{"href":"https:\/\/www.raschvin.com\/sv\/wp-json\/wp\/v2\/product"}],"about":[{"href":"https:\/\/www.raschvin.com\/sv\/wp-json\/wp\/v2\/types\/product"}],"wp:featuredmedia":[{"embeddable":true,"href":"https:\/\/www.raschvin.com\/sv\/wp-json\/wp\/v2\/media\/111679"}],"wp:attachment":[{"href":"https:\/\/www.raschvin.com\/sv\/wp-json\/wp\/v2\/media?parent=111663"}],"wp:term":[{"taxonomy":"product_brand","embeddable":true,"href":"https:\/\/www.raschvin.com\/sv\/wp-json\/wp\/v2\/product_brand?post=111663"},{"taxonomy":"product_cat","embeddable":true,"href":"https:\/\/www.raschvin.com\/sv\/wp-json\/wp\/v2\/product_cat?post=111663"},{"taxonomy":"product_tag","embeddable":true,"href":"https:\/\/www.raschvin.com\/sv\/wp-json\/wp\/v2\/product_tag?post=111663"}],"curies":[{"name":"wp","href":"https:\/\/api.w.org\/{rel}","templated":true}]}}