{"id":111273,"date":"2025-12-22T08:20:47","date_gmt":"2025-12-22T07:20:47","guid":{"rendered":"https:\/\/www.raschvin.com\/?post_type=product&#038;p=111273"},"modified":"2025-12-22T08:31:02","modified_gmt":"2025-12-22T07:31:02","slug":"riecine-chianti-classico-riserva-docg-2021-eco-75-cl-kopier","status":"publish","type":"product","link":"https:\/\/www.raschvin.com\/sv\/produkt\/riecine-chianti-classico-riserva-docg-2021-eco-75-cl-kopier\/","title":{"rendered":"Riecine La Gioia Rosso Toscana IGT 2019 (ECO) 75 cl."},"content":{"rendered":"<p data-start=\"12\" data-end=\"233\">Riecine \u00e4r en av Chiantis topproducenter med s\u00e4te i Gaiole och med n\u00e5gra av Chianti Classicos h\u00f6gst bel\u00e4gna ving\u00e5rdsl\u00e4gen. I sina chiantiviner \u2013 och i den h\u00e4r cuv\u00e9en, <strong data-start=\"179\" data-end=\"191\">La Gioia<\/strong> \u2013 anv\u00e4nder de uteslutande <strong data-start=\"218\" data-end=\"232\">sangiovese<\/strong>.<\/p>\n<p data-start=\"235\" data-end=\"463\">De \u00e4r ekologiskt certifierade utan att g\u00f6ra en stor sak av det; fokus ligger i st\u00e4llet p\u00e5 att skapa n\u00e5gra av Chiantis b\u00e4sta viner med stor sp\u00e4nst, elegans och en tydlig k\u00e4nsla f\u00f6r terroir. Vinerna osar av Chianti och sangiovese.<\/p>\n<p data-start=\"465\" data-end=\"630\">Vinmakaren <strong data-start=\"476\" data-end=\"501\">Alessandro Campatelli<\/strong> har sedan sin f\u00f6rsta \u00e5rg\u00e5ng p\u00e5 Riecine (2016) lyft vinerna ytterligare genom mindre fatp\u00e5verkan och ett klarare, renare uttryck.<\/p>\n<p data-start=\"632\" data-end=\"1042\">Som bevis p\u00e5 sitt stora engagemang f\u00f6r viner gjorda uteslutande p\u00e5 sangiovese mottog Alessandro i maj 2021 det prestigefyllda <strong data-start=\"758\" data-end=\"786\">\u201cPremio Giulio Gambelli\u201d<\/strong>. Utm\u00e4rkelsen ges till vinmakare under 40 \u00e5r som g\u00f6r sangiovese i en stil och anda som speglar sangiovese-m\u00e4staren Giulio Gambelli. Gambelli var fram till sin bortg\u00e5ng konsult \u00e5t flera av Toscanas fr\u00e4msta producenter och ett av Alessandros stora f\u00f6red\u00f6men.<\/p>\n<p data-start=\"1044\" data-end=\"1246\">Riecine <strong data-start=\"1052\" data-end=\"1064\">La Gioia<\/strong> \u00e4r, med en sliten men tr\u00e4ffande fras, husets \u201csupertoscan\u201d \u2013 men till skillnad fr\u00e5n m\u00e5nga andra \u201csuperviner\u201d fr\u00e5n Toscana g\u00f6rs den h\u00e4r uteslutande p\u00e5 hemmaplansfavoriten sangiovese.<\/p>\n<p data-start=\"1248\" data-end=\"1522\">Druvorna kommer fr\u00e5n olika h\u00f6gt bel\u00e4gna l\u00e4gen i Gaiole, alla t\u00e4tt planterade och med r\u00e4tt \u00e5lder f\u00f6r att ge sm\u00e5, smakintensiva druvor. Vinet j\u00e4ser i <strong data-start=\"1396\" data-end=\"1414\">Nomblot-betong<\/strong> och lagras i <strong data-start=\"1428\" data-end=\"1438\">tv\u00e5 \u00e5r<\/strong> p\u00e5 franska <strong data-start=\"1450\" data-end=\"1462\">tonneaux<\/strong> (500 L) som \u00e4r inne p\u00e5 sitt andra och tredje anv\u00e4ndnings\u00e5r.<\/p>\n<p data-start=\"1524\" data-end=\"1874\">La Gioia \u00e4r trogen supertoscan-stilen genom sina polerade tanniner, men bakom den sammetslena kraften finns ocks\u00e5 sangiovesens elegans med parfymerade r\u00f6da och m\u00f6rka b\u00e4r. En l\u00e4tt volatil ton lyfter aromerna s\u00e5 att intensiteten aldrig k\u00e4nns p\u00e5tr\u00e4ngande, utan snarare signalerar lyxvin av h\u00f6gsta klass. <strong data-start=\"1825\" data-end=\"1833\">2019<\/strong> \u00e4r en topp\u00e5rg\u00e5ng d\u00e4r allt f\u00f6ll p\u00e5 plats.<\/p>\n<p data-start=\"1876\" data-end=\"2047\">La Gioia \u00e4r ett h\u00e5llbart, lagringsdugligt vin som kan sparas <strong data-start=\"1937\" data-end=\"1949\">15\u201325 \u00e5r<\/strong> fr\u00e5n \u00e5rg\u00e5ng, men tack vare sina smidiga tanniner bjuder det ocks\u00e5 p\u00e5 mycket drickgl\u00e4dje redan nu.<\/p>\n<p data-start=\"2049\" data-end=\"2104\"><strong data-start=\"2049\" data-end=\"2078\">95 po\u00e4ng \u2013 Wine Spectator<\/strong><br data-start=\"2078\" data-end=\"2081\" \/><strong data-start=\"2081\" data-end=\"2104\">95 po\u00e4ng \u2013 Falstaff<\/strong><\/p>\n","protected":false},"excerpt":{"rendered":"<p>Toscana Rosso \u2013 Italy<\/p>\n","protected":false},"featured_media":111284,"template":"","meta":{"_acf_changed":false,"rs_blank_template":"","rs_page_bg_color":"","slide_template_v7":""},"product_brand":[],"product_cat":[2788,2798],"product_tag":[],"class_list":{"0":"post-111273","1":"product","2":"type-product","3":"status-publish","4":"has-post-thumbnail","6":"product_cat-vin-sv","7":"product_cat-roedvin-sv","8":"pa_aargang-2019-sv","9":"pa_drue-sangiovese-sv","10":"pa_land-italien-sv","11":"pa_oekologisk-ja-sv","12":"pa_procent-14-sv","13":"pa_producent-riecine-sv","14":"pa_region-toscana-sv","15":"pa_serveringstemperatur-14-17-sv","16":"pa_volume-75-sv","18":"first","19":"instock","20":"taxable","21":"shipping-taxable","22":"purchasable","23":"product-type-simple"},"bundled_by":[],"bundle_stock_status":"instock","bundle_stock_quantity":null,"bundle_virtual":false,"bundle_layout":"","bundle_add_to_cart_form_location":"","bundle_editable_in_cart":false,"bundle_sold_individually_context":"","bundle_item_grouping":"","bundle_min_size":"","bundle_max_size":"","bundle_price":[],"bundled_items":[],"bundle_sell_ids":[],"acf":[],"_links":{"self":[{"href":"https:\/\/www.raschvin.com\/sv\/wp-json\/wp\/v2\/product\/111273","targetHints":{"allow":["GET"]}}],"collection":[{"href":"https:\/\/www.raschvin.com\/sv\/wp-json\/wp\/v2\/product"}],"about":[{"href":"https:\/\/www.raschvin.com\/sv\/wp-json\/wp\/v2\/types\/product"}],"wp:featuredmedia":[{"embeddable":true,"href":"https:\/\/www.raschvin.com\/sv\/wp-json\/wp\/v2\/media\/111284"}],"wp:attachment":[{"href":"https:\/\/www.raschvin.com\/sv\/wp-json\/wp\/v2\/media?parent=111273"}],"wp:term":[{"taxonomy":"product_brand","embeddable":true,"href":"https:\/\/www.raschvin.com\/sv\/wp-json\/wp\/v2\/product_brand?post=111273"},{"taxonomy":"product_cat","embeddable":true,"href":"https:\/\/www.raschvin.com\/sv\/wp-json\/wp\/v2\/product_cat?post=111273"},{"taxonomy":"product_tag","embeddable":true,"href":"https:\/\/www.raschvin.com\/sv\/wp-json\/wp\/v2\/product_tag?post=111273"}],"curies":[{"name":"wp","href":"https:\/\/api.w.org\/{rel}","templated":true}]}}