{"id":110468,"date":"2025-12-16T17:32:09","date_gmt":"2025-12-16T16:32:09","guid":{"rendered":"https:\/\/www.raschvin.com\/produkt\/pagus-pisano-amarone-della-valpolicella-2016-75-cl\/"},"modified":"2025-12-16T17:32:09","modified_gmt":"2025-12-16T16:32:09","slug":"pagus-pisano-amarone-della-valpolicella-2016-75-cl","status":"publish","type":"product","link":"https:\/\/www.raschvin.com\/sv\/produkt\/pagus-pisano-amarone-della-valpolicella-2016-75-cl\/","title":{"rendered":"Pagus Pisano Amarone della Valpolicella 2016 75 cl."},"content":{"rendered":"<p data-start=\"0\" data-end=\"177\"><strong data-start=\"0\" data-end=\"24\">Pagus Bisano Amarone<\/strong> \u00e4r en kraftfull, gener\u00f6s <strong data-start=\"50\" data-end=\"77\">Amarone i klassisk stil<\/strong> \u2013 ett vin f\u00f6r dig som gillar djup frukt, varm kryddighet och en mjuk, sammetslik k\u00e4nsla i avslutet.<\/p>\n<p data-start=\"179\" data-end=\"632\">Amarone g\u00f6rs p\u00e5 druvor som f\u00e5r <strong data-start=\"210\" data-end=\"231\">torka efter sk\u00f6rd<\/strong> (appassimento), vilket koncentrerar b\u00e5de aromer och textur. I glaset brukar det ge en t\u00e4t, m\u00f6rk fruktprofil med toner av <strong data-start=\"353\" data-end=\"384\">torkade k\u00f6rsb\u00e4r och plommon<\/strong>, <strong data-start=\"386\" data-end=\"408\">kakao\/m\u00f6rk choklad<\/strong>, <strong data-start=\"410\" data-end=\"420\">vanilj<\/strong>, <strong data-start=\"422\" data-end=\"433\">kryddor<\/strong> och ibland en l\u00e4tt ton av <strong data-start=\"460\" data-end=\"469\">tobak<\/strong> eller <strong data-start=\"476\" data-end=\"494\">rostade n\u00f6tter<\/strong>. Smaken \u00e4r fyllig och rund med l\u00e5ng eftersmak \u2013 ofta med en fin balans mellan frukts\u00f6tma i aromerna och en mer torr, v\u00e4rmande avslutning.<\/p>\n<p data-start=\"634\" data-end=\"653\"><strong data-start=\"634\" data-end=\"653\">Servering &amp; mat<\/strong><\/p>\n<ul data-start=\"654\" data-end=\"937\">\n<li data-start=\"654\" data-end=\"746\">\n<p data-start=\"656\" data-end=\"746\">Servera runt <strong data-start=\"669\" data-end=\"680\">16\u201318\u00b0C<\/strong> och g\u00e4rna <strong data-start=\"691\" data-end=\"704\">dekantera<\/strong> 30\u201360 minuter f\u00f6r att \u00f6ppna upp doften.<\/p>\n<\/li>\n<li data-start=\"747\" data-end=\"847\">\n<p data-start=\"749\" data-end=\"847\">Perfekt till <strong data-start=\"762\" data-end=\"787\">l\u00e5ngkok, oxfil\u00e9, vilt<\/strong>, tryffelr\u00e4tter, svamprisotto eller <strong data-start=\"823\" data-end=\"844\">lagrade h\u00e5rdostar<\/strong>.<\/p>\n<\/li>\n<li data-start=\"848\" data-end=\"937\">\n<p data-start=\"850\" data-end=\"937\">Ocks\u00e5 en riktigt bra \u201csippa-vin\u201d efter middagen n\u00e4r man vill ha n\u00e5got stort och lyxigt.<\/p>\n<\/li>\n<\/ul>\n","protected":false},"excerpt":{"rendered":"<p>Valpolicella \u2013 Italy<\/p>\n","protected":false},"featured_media":110506,"template":"","meta":{"_acf_changed":false,"rs_blank_template":"","rs_page_bg_color":"","slide_template_v7":""},"product_brand":[],"product_cat":[2788,2798],"product_tag":[],"class_list":{"0":"post-110468","1":"product","2":"type-product","3":"status-publish","4":"has-post-thumbnail","6":"product_cat-vin-sv","7":"product_cat-roedvin-sv","8":"pa_aargang-2016-sv","9":"pa_drue-corvina-sv","10":"pa_drue-rondinella-sv","11":"pa_drue-molinara-sv","12":"pa_land-italien-sv","13":"pa_procent-15-sv","14":"pa_region-valpolicella-sv","15":"pa_serveringstemperatur-16-18-sv","16":"pa_volume-75-sv","18":"first","19":"instock","20":"sale","21":"taxable","22":"shipping-taxable","23":"purchasable","24":"product-type-simple"},"bundled_by":[],"bundle_stock_status":"instock","bundle_stock_quantity":null,"bundle_virtual":false,"bundle_layout":"","bundle_add_to_cart_form_location":"","bundle_editable_in_cart":false,"bundle_sold_individually_context":"","bundle_item_grouping":"","bundle_min_size":"","bundle_max_size":"","bundle_price":[],"bundled_items":[],"bundle_sell_ids":[],"acf":[],"_links":{"self":[{"href":"https:\/\/www.raschvin.com\/sv\/wp-json\/wp\/v2\/product\/110468","targetHints":{"allow":["GET"]}}],"collection":[{"href":"https:\/\/www.raschvin.com\/sv\/wp-json\/wp\/v2\/product"}],"about":[{"href":"https:\/\/www.raschvin.com\/sv\/wp-json\/wp\/v2\/types\/product"}],"wp:featuredmedia":[{"embeddable":true,"href":"https:\/\/www.raschvin.com\/sv\/wp-json\/wp\/v2\/media\/110506"}],"wp:attachment":[{"href":"https:\/\/www.raschvin.com\/sv\/wp-json\/wp\/v2\/media?parent=110468"}],"wp:term":[{"taxonomy":"product_brand","embeddable":true,"href":"https:\/\/www.raschvin.com\/sv\/wp-json\/wp\/v2\/product_brand?post=110468"},{"taxonomy":"product_cat","embeddable":true,"href":"https:\/\/www.raschvin.com\/sv\/wp-json\/wp\/v2\/product_cat?post=110468"},{"taxonomy":"product_tag","embeddable":true,"href":"https:\/\/www.raschvin.com\/sv\/wp-json\/wp\/v2\/product_tag?post=110468"}],"curies":[{"name":"wp","href":"https:\/\/api.w.org\/{rel}","templated":true}]}}