{"id":109437,"date":"2025-12-10T09:04:16","date_gmt":"2025-12-10T08:04:16","guid":{"rendered":"https:\/\/www.raschvin.com\/?post_type=product&#038;p=109437"},"modified":"2025-12-10T09:09:38","modified_gmt":"2025-12-10T08:09:38","slug":"compass-box-flaming-heart-25th-anniversary-edition-70-cl-489-kopier","status":"publish","type":"product","link":"https:\/\/www.raschvin.com\/sv\/produkt\/compass-box-flaming-heart-25th-anniversary-edition-70-cl-489-kopier\/","title":{"rendered":"Compass Box &#8211; Brulee Royale 70 cl. 49%"},"content":{"rendered":"<p data-start=\"13\" data-end=\"142\">Kliv tillbaka i tiden till Versailles, d\u00e4r en v\u00e4rld av innovation, alkemi och njutning v\u00e4xte fram djupt inne i palatsets salar.<\/p>\n<p data-start=\"144\" data-end=\"271\">Br\u00fbl\u00e9e Royale utforskar detta universum av s\u00f6t alkemi och bygger lager av vaniljkr\u00e4m, br\u00e4nt socker och ny\u00f6ppnade vaniljst\u00e4nger.<\/p>\n<p data-start=\"273\" data-end=\"312\"><strong data-start=\"273\" data-end=\"312\">En whisky v\u00e4rdig kungliga smakl\u00f6kar<\/strong><\/p>\n<p data-start=\"314\" data-end=\"571\">Socker f\u00f6rst\u00f6rs inte av eld \u2013 det f\u00f6rvandlas. Om du \u00e4r precis, f\u00f6rst\u00e5s. Br\u00fbl\u00e9e Royale \u00e4r inspirerad av Fran\u00e7ois Massialot, den vision\u00e4re franske kocken som arbetade i Versailles palatsk\u00f6k och skrev det f\u00f6rsta receptet p\u00e5 det vi idag k\u00e4nner som cr\u00e8me br\u00fbl\u00e9e.<\/p>\n<p data-start=\"573\" data-end=\"990\">Versailles p\u00e5 1600-talet var den bl\u00e4ndande mittpunkten f\u00f6r innovation inom konst, vetenskap och gastronomi. Det var Massialots lekplats och laboratorium, men n\u00e4r han skapade desserter f\u00f6r att stilla kungliga aptiter var felmarginalen minimal. I jakten p\u00e5 perfektion blev han k\u00e4nd b\u00e5de f\u00f6r sin innovationsf\u00f6rm\u00e5ga och sin exakthet. Att karamellisera socker med en gl\u00f6dhet eldskyffel kr\u00e4vde f\u00f6rmodligen \u00e5tskillig \u00f6vning.<\/p>\n<p data-start=\"992\" data-end=\"1280\">P\u00e5 samma s\u00e4tt som Massialot matade l\u00e5gorna i Versailles f\u00f6r att uppn\u00e5 den perfekta karamelliserade ytan, anv\u00e4nder v\u00e5ra v\u00e4nner p\u00e5 Independent Stave Co:s tunnbinderi i Missouri datorstyrd rostning och kolning f\u00f6r att, med stor precision, locka fram extraordin\u00e4ra smaker ur amerikansk vitek.<\/p>\n<p data-start=\"1282\" data-end=\"1296\"><strong data-start=\"1282\" data-end=\"1296\">Smakprofil<\/strong><\/p>\n<p data-start=\"1298\" data-end=\"1615\">Omedelbar cr\u00e8me br\u00fbl\u00e9e som \u00f6ppnar upp mot wienerbr\u00f6d med vaniljkr\u00e4m och br\u00e4nda sockerbrytningar. Smaken \u00e4r tjock och fyllig med clotted cream, honungss\u00f6t malt och grillade persikor, f\u00f6ljt av vaniljkr\u00e4m och Tarte Tatin. Pannacotta och mild muskotkrydda \u00f6verg\u00e5r i silkeslen jersey-mj\u00f6lk, rostat socker och banana split.<\/p>\n<p data-start=\"1617\" data-end=\"1637\"><strong data-start=\"1617\" data-end=\"1637\">Rekommendationer<\/strong><\/p>\n<p data-start=\"1639\" data-end=\"1672\">Alla former av franska desserter.<\/p>\n<p data-start=\"1674\" data-end=\"1695\"><strong data-start=\"1674\" data-end=\"1695\">Tekniska detaljer<\/strong><\/p>\n<p data-start=\"1697\" data-end=\"1831\">Buteljerad i augusti 2025.<br data-start=\"1723\" data-end=\"1726\" \/>Blended Malt Scotch Whisky.<br data-start=\"1753\" data-end=\"1756\" \/>Flasknummer: 8 556.<br data-start=\"1775\" data-end=\"1778\" \/>Buteljerad vid 49 % alkoholhalt.<br data-start=\"1810\" data-end=\"1813\" \/>Inte kylfiltrerad.<\/p>\n<p data-start=\"1833\" data-end=\"2036\">V\u00e5r br\u00fbl\u00e9e, skapad f\u00f6r alla med kunglig aptit, kombinerar silkeslena vaniljkr\u00e4msnoter fr\u00e5n maltwhisky lagrad p\u00e5 ex-bourbonfat med s\u00f6ta, kn\u00e4ckiga toffeesmaker fr\u00e5n specialtillverkade fat av amerikansk ek.<\/p>\n","protected":false},"excerpt":{"rendered":"<p>Blended Malt Scotch Whisky<\/p>\n","protected":false},"featured_media":109481,"template":"","meta":{"_acf_changed":false,"rs_blank_template":"","rs_page_bg_color":"","slide_template_v7":""},"product_brand":[],"product_cat":[2387,4648,2392],"product_tag":[],"class_list":{"0":"post-109437","1":"product","2":"type-product","3":"status-publish","4":"has-post-thumbnail","6":"product_cat-avec-sv","7":"product_cat-blended-malt","8":"product_cat-whisky-sv","9":"pa_land-skottland","10":"pa_procent-49-sv","11":"pa_producent-compass-box-sv","12":"pa_volume-70-sv-2","14":"first","15":"instock","16":"taxable","17":"shipping-taxable","18":"purchasable","19":"product-type-simple"},"bundled_by":[],"bundle_stock_status":"instock","bundle_stock_quantity":null,"bundle_virtual":false,"bundle_layout":"","bundle_add_to_cart_form_location":"","bundle_editable_in_cart":false,"bundle_sold_individually_context":"","bundle_item_grouping":"","bundle_min_size":"","bundle_max_size":"","bundle_price":[],"bundled_items":[],"bundle_sell_ids":[],"acf":[],"_links":{"self":[{"href":"https:\/\/www.raschvin.com\/sv\/wp-json\/wp\/v2\/product\/109437","targetHints":{"allow":["GET"]}}],"collection":[{"href":"https:\/\/www.raschvin.com\/sv\/wp-json\/wp\/v2\/product"}],"about":[{"href":"https:\/\/www.raschvin.com\/sv\/wp-json\/wp\/v2\/types\/product"}],"wp:featuredmedia":[{"embeddable":true,"href":"https:\/\/www.raschvin.com\/sv\/wp-json\/wp\/v2\/media\/109481"}],"wp:attachment":[{"href":"https:\/\/www.raschvin.com\/sv\/wp-json\/wp\/v2\/media?parent=109437"}],"wp:term":[{"taxonomy":"product_brand","embeddable":true,"href":"https:\/\/www.raschvin.com\/sv\/wp-json\/wp\/v2\/product_brand?post=109437"},{"taxonomy":"product_cat","embeddable":true,"href":"https:\/\/www.raschvin.com\/sv\/wp-json\/wp\/v2\/product_cat?post=109437"},{"taxonomy":"product_tag","embeddable":true,"href":"https:\/\/www.raschvin.com\/sv\/wp-json\/wp\/v2\/product_tag?post=109437"}],"curies":[{"name":"wp","href":"https:\/\/api.w.org\/{rel}","templated":true}]}}