{"id":108523,"date":"2025-12-02T11:29:45","date_gmt":"2025-12-02T10:29:45","guid":{"rendered":"https:\/\/www.raschvin.com\/?post_type=product&#038;p=108523"},"modified":"2025-12-02T11:32:56","modified_gmt":"2025-12-02T10:32:56","slug":"pure-lakrids-extra-strong-menthol-70-cl-30-kopier","status":"publish","type":"product","link":"https:\/\/www.raschvin.com\/sv\/produkt\/pure-lakrids-extra-strong-menthol-70-cl-30-kopier\/","title":{"rendered":"Pure Lakrids Extra Strong Menthol 3 cl. (Tasting Sample) 30%"},"content":{"rendered":"<p>Pure Lakrids Menthol 30% \u00e4r skapad med en frisk och distinkt mentolsmak som kompletterar den djupa och rena lakritssmaken. Till lakritsbasen tills\u00e4tts en fin m\u00e4ngd mentol, vilket ger en kylande och uppfriskande dimension till shoten. Detta skapar en unik smakupplevelse d\u00e4r mentolens fr\u00e4schhet tydligt framtr\u00e4der och harmonierar med den rena lakritsen.<br \/>\nPure Shot Pure Extra Strong \u00e4r den helt nya lakritslik\u00f6ren p\u00e5 30%, vilket ger det klassiska lakritsshotet en extra kick. Den \u00e4r sammansatt av uts\u00f6kt lakritspulver fr\u00e5n Mellan\u00f6stern, fint destillerad vodka och det renaste vattnet fr\u00e5n Aarhus.<\/p>\n<p>Pure Shots \u00e4r f\u00f6r dig som s\u00f6ker en smakupplevelse baserad p\u00e5 rena r\u00e5varor och danskt hantverk. Nu kan du uppleva den popul\u00e4ra favoriten med extra styrka.<\/p>\n<p>Pure Extra Strong inneh\u00e5ller n\u00e4mligen 30% alkohol, ist\u00e4llet f\u00f6r originalets 16,4%.<\/p>\n<p>Njut av ett shot och k\u00e4nn v\u00e4rmen sprida sig, medan den rena smaken av lakrits och salmiaksalt kittlar smakl\u00f6karna.<\/p>\n<p>B\u00f6r f\u00f6rvaras svalt och skakas f\u00f6re servering.<\/p>\n<p>PURE SHOTS<br \/>\nPure Shots produceras i Aarhus och har p\u00e5 bara n\u00e5gra \u00e5r blivit otroligt popul\u00e4ra i Danmark. F\u00f6retaget kallar sj\u00e4lva sina produkter f\u00f6r \u201dm\u00f6jligen Danmarks b\u00e4sta shot\u201d.<\/p>\n<p>Alla Pure Shots produkter \u00e4r skapade och bryggda efter samma princip: h\u00f6g kvalitet och god smak gjord p\u00e5 de b\u00e4sta r\u00e5varorna. Ingredienserna \u00e4r noggrant utvalda f\u00f6r att ge den b\u00e4sta och renaste smaken i varje variant.<br \/>\nI alla produkterna anv\u00e4nds ren vodka, gjord p\u00e5 mineralrikt vatten fr\u00e5n Aarhus. Vodkan framst\u00e4lls av korn och r\u00e5g, vilket ger en mjuk och rund smak. Detta g\u00f6r att den harmonierar med ingredienserna och inte tar \u00f6ver \u2013 hemligheten bakom shotens rena smak.<\/p>\n","protected":false},"excerpt":{"rendered":"<p>Spiritus Made In Aarhus (DK) \u2013 Mixxed By Hand<\/p>\n","protected":false},"featured_media":106012,"template":"","meta":{"_acf_changed":false,"rs_blank_template":"","rs_page_bg_color":"","slide_template_v7":""},"product_brand":[],"product_cat":[8818,8836,8625],"product_tag":[],"class_list":{"0":"post-108523","1":"product","2":"type-product","3":"status-publish","4":"has-post-thumbnail","6":"product_cat-likor-smakprove","7":"product_cat-shots-smakprove","8":"product_cat-samples-sv","9":"pa_land-danmark-sv","10":"pa_procent-30-sv","11":"pa_producent-pure-shots-sv","12":"pa_region-aarhus-sv","13":"pa_volume-3-sv","15":"first","16":"instock","17":"taxable","18":"shipping-taxable","19":"purchasable","20":"product-type-simple"},"bundled_by":[],"bundle_stock_status":"instock","bundle_stock_quantity":null,"bundle_virtual":false,"bundle_layout":"","bundle_add_to_cart_form_location":"","bundle_editable_in_cart":false,"bundle_sold_individually_context":"","bundle_item_grouping":"","bundle_min_size":"","bundle_max_size":"","bundle_price":[],"bundled_items":[],"bundle_sell_ids":[],"acf":[],"_links":{"self":[{"href":"https:\/\/www.raschvin.com\/sv\/wp-json\/wp\/v2\/product\/108523","targetHints":{"allow":["GET"]}}],"collection":[{"href":"https:\/\/www.raschvin.com\/sv\/wp-json\/wp\/v2\/product"}],"about":[{"href":"https:\/\/www.raschvin.com\/sv\/wp-json\/wp\/v2\/types\/product"}],"wp:featuredmedia":[{"embeddable":true,"href":"https:\/\/www.raschvin.com\/sv\/wp-json\/wp\/v2\/media\/106012"}],"wp:attachment":[{"href":"https:\/\/www.raschvin.com\/sv\/wp-json\/wp\/v2\/media?parent=108523"}],"wp:term":[{"taxonomy":"product_brand","embeddable":true,"href":"https:\/\/www.raschvin.com\/sv\/wp-json\/wp\/v2\/product_brand?post=108523"},{"taxonomy":"product_cat","embeddable":true,"href":"https:\/\/www.raschvin.com\/sv\/wp-json\/wp\/v2\/product_cat?post=108523"},{"taxonomy":"product_tag","embeddable":true,"href":"https:\/\/www.raschvin.com\/sv\/wp-json\/wp\/v2\/product_tag?post=108523"}],"curies":[{"name":"wp","href":"https:\/\/api.w.org\/{rel}","templated":true}]}}