{"id":108494,"date":"2025-12-02T10:17:59","date_gmt":"2025-12-02T09:17:59","guid":{"rendered":"https:\/\/www.raschvin.com\/?post_type=product&#038;p=108494"},"modified":"2025-12-02T10:19:55","modified_gmt":"2025-12-02T09:19:55","slug":"punch-club-mango-punch-bib-150-cl-125-kopier","status":"publish","type":"product","link":"https:\/\/www.raschvin.com\/sv\/produkt\/punch-club-mango-punch-bib-150-cl-125-kopier\/","title":{"rendered":"Punch Club \u2013 Watermelon Daiquiri BIB 150 cl. 12,5%"},"content":{"rendered":"<p data-start=\"1029\" data-end=\"1361\">Punch Club Watermelon \u00e4r en f\u00e4rdigblandad cocktail med tydlig sommark\u00e4nsla i glaset. Den saftiga smaken av mogen vattenmelon st\u00e5r i fokus och ger en fruktig, fr\u00e4sch upplevelse som \u00e4r lika l\u00e4tt att dricka som den \u00e4r att servera. S\u00f6tman \u00e4r behaglig utan att bli tung och balanseras av en diskret syra som g\u00f6r drinken riktigt l\u00e4skande.<\/p>\n<p data-start=\"1363\" data-end=\"1618\">I doften m\u00f6ts du av toner av nyskuren vattenmelon, ett inslag av r\u00f6da b\u00e4r och en l\u00e4tt godisliknande nyans som f\u00f6rst\u00e4rker den lekfulla stilen. I munnen \u00e4r den mjuk och rund med ren vattenmelonsmak och en mild alkoholv\u00e4rme som ger karakt\u00e4r utan att ta \u00f6ver.<\/p>\n<p data-start=\"1620\" data-end=\"2004\">Punch Club Watermelon passar perfekt till sommarfester, grillkv\u00e4llar, balkong- och tr\u00e4dg\u00e5rdsh\u00e4ng eller som enkel v\u00e4lkomstdrink n\u00e4r du f\u00e5r g\u00e4ster. Servera den v\u00e4l kyld \u00f6ver mycket is, g\u00e4rna i ett h\u00f6gt glas. Den kan drickas som den \u00e4r eller toppas med lite sodavatten f\u00f6r en l\u00e4ttare och mer spritsig k\u00e4nsla. En okomplicerad, somrig crowd-pleaser som bara \u00e4r att h\u00e4lla upp och sk\u00e5la med.<\/p>\n","protected":false},"excerpt":{"rendered":"<p>Ready to Serve Cocktail \u2013 Pre Mixed<\/p>\n","protected":false},"featured_media":108587,"template":"","meta":{"_acf_changed":false,"rs_blank_template":"","rs_page_bg_color":"","slide_template_v7":""},"product_brand":[],"product_cat":[4590,2402],"product_tag":[],"class_list":{"0":"post-108494","1":"product","2":"type-product","3":"status-publish","4":"has-post-thumbnail","6":"product_cat-ready-to-drink-sv","7":"product_cat-sprit-sv","8":"pa_land-estland-sv","9":"pa_procent-12-5-sv","10":"pa_producent-punch-club-sv","11":"pa_serveringstemperatur-8-10-sv","12":"pa_volume-150-sv","14":"first","15":"instock","16":"sale","17":"taxable","18":"shipping-taxable","19":"purchasable","20":"product-type-simple"},"bundled_by":[],"bundle_stock_status":"instock","bundle_stock_quantity":null,"bundle_virtual":false,"bundle_layout":"","bundle_add_to_cart_form_location":"","bundle_editable_in_cart":false,"bundle_sold_individually_context":"","bundle_item_grouping":"","bundle_min_size":"","bundle_max_size":"","bundle_price":[],"bundled_items":[],"bundle_sell_ids":[],"acf":[],"_links":{"self":[{"href":"https:\/\/www.raschvin.com\/sv\/wp-json\/wp\/v2\/product\/108494","targetHints":{"allow":["GET"]}}],"collection":[{"href":"https:\/\/www.raschvin.com\/sv\/wp-json\/wp\/v2\/product"}],"about":[{"href":"https:\/\/www.raschvin.com\/sv\/wp-json\/wp\/v2\/types\/product"}],"wp:featuredmedia":[{"embeddable":true,"href":"https:\/\/www.raschvin.com\/sv\/wp-json\/wp\/v2\/media\/108587"}],"wp:attachment":[{"href":"https:\/\/www.raschvin.com\/sv\/wp-json\/wp\/v2\/media?parent=108494"}],"wp:term":[{"taxonomy":"product_brand","embeddable":true,"href":"https:\/\/www.raschvin.com\/sv\/wp-json\/wp\/v2\/product_brand?post=108494"},{"taxonomy":"product_cat","embeddable":true,"href":"https:\/\/www.raschvin.com\/sv\/wp-json\/wp\/v2\/product_cat?post=108494"},{"taxonomy":"product_tag","embeddable":true,"href":"https:\/\/www.raschvin.com\/sv\/wp-json\/wp\/v2\/product_tag?post=108494"}],"curies":[{"name":"wp","href":"https:\/\/api.w.org\/{rel}","templated":true}]}}