{"id":108490,"date":"2025-12-02T10:12:01","date_gmt":"2025-12-02T09:12:01","guid":{"rendered":"https:\/\/www.raschvin.com\/?post_type=product&#038;p=108490"},"modified":"2025-12-02T10:16:49","modified_gmt":"2025-12-02T09:16:49","slug":"punch-club-cosmopolitan-bib-150-cl-125-kopier","status":"publish","type":"product","link":"https:\/\/www.raschvin.com\/sv\/produkt\/punch-club-cosmopolitan-bib-150-cl-125-kopier\/","title":{"rendered":"Punch Club \u2013 Mango Punch BIB 150 cl. 12,5%"},"content":{"rendered":"<p data-start=\"1026\" data-end=\"1365\">Punch Club Mango Punch \u00e4r en f\u00e4rdigblandad cocktail med tydlig tropisk profil, framtagen f\u00f6r dig som vill ha mycket smak utan kr\u00e5ngel. H\u00e4r st\u00e5r mango i fokus med en saftig, solmogen fruktighet som f\u00f6r tankarna till exotisk nektar. Den mjuka s\u00f6tman balanseras av en frisk syra, vilket g\u00f6r drinken l\u00e4skande och l\u00e4ttdrucken snarare \u00e4n tung.<\/p>\n<p data-start=\"1367\" data-end=\"1630\">I smaken hittar man inslag av annan exotisk frukt och en mild alkoholv\u00e4rme som knyter ihop helheten p\u00e5 ett snyggt s\u00e4tt. Punch Club Mango Punch passar perfekt till fester, f\u00f6rfester, grillkv\u00e4llar, sommarh\u00e4ng eller som enkel signaturdrink n\u00e4r du har m\u00e5nga g\u00e4ster.<\/p>\n<p data-start=\"1632\" data-end=\"1952\">Serveras b\u00e4st v\u00e4l kyld \u00f6ver is, g\u00e4rna i ett h\u00f6gt glas. Den kan drickas som den \u00e4r eller toppas med lite sodavatten f\u00f6r en l\u00e4ttare och mer spritsig k\u00e4nsla. Den fungerar utm\u00e4rkt i b\u00e5l n\u00e4r du vill kunna servera m\u00e5nga p\u00e5 kort tid. Resultatet \u00e4r en smakrik, okomplicerad och publikfriande cocktail som de flesta uppskattar.<\/p>\n","protected":false},"excerpt":{"rendered":"<p>Ready to Serve Cocktail \u2013 Pre Mixed<\/p>\n","protected":false},"featured_media":108584,"template":"","meta":{"_acf_changed":false,"rs_blank_template":"","rs_page_bg_color":"","slide_template_v7":""},"product_brand":[],"product_cat":[4590,2402],"product_tag":[],"class_list":{"0":"post-108490","1":"product","2":"type-product","3":"status-publish","4":"has-post-thumbnail","6":"product_cat-ready-to-drink-sv","7":"product_cat-sprit-sv","8":"pa_land-estland-sv","9":"pa_procent-12-5-sv","10":"pa_producent-punch-club-sv","11":"pa_serveringstemperatur-8-10-sv","12":"pa_volume-150-sv","14":"first","15":"instock","16":"sale","17":"taxable","18":"shipping-taxable","19":"purchasable","20":"product-type-simple"},"bundled_by":[],"bundle_stock_status":"instock","bundle_stock_quantity":null,"bundle_virtual":false,"bundle_layout":"","bundle_add_to_cart_form_location":"","bundle_editable_in_cart":false,"bundle_sold_individually_context":"","bundle_item_grouping":"","bundle_min_size":"","bundle_max_size":"","bundle_price":[],"bundled_items":[],"bundle_sell_ids":[],"acf":[],"_links":{"self":[{"href":"https:\/\/www.raschvin.com\/sv\/wp-json\/wp\/v2\/product\/108490","targetHints":{"allow":["GET"]}}],"collection":[{"href":"https:\/\/www.raschvin.com\/sv\/wp-json\/wp\/v2\/product"}],"about":[{"href":"https:\/\/www.raschvin.com\/sv\/wp-json\/wp\/v2\/types\/product"}],"wp:featuredmedia":[{"embeddable":true,"href":"https:\/\/www.raschvin.com\/sv\/wp-json\/wp\/v2\/media\/108584"}],"wp:attachment":[{"href":"https:\/\/www.raschvin.com\/sv\/wp-json\/wp\/v2\/media?parent=108490"}],"wp:term":[{"taxonomy":"product_brand","embeddable":true,"href":"https:\/\/www.raschvin.com\/sv\/wp-json\/wp\/v2\/product_brand?post=108490"},{"taxonomy":"product_cat","embeddable":true,"href":"https:\/\/www.raschvin.com\/sv\/wp-json\/wp\/v2\/product_cat?post=108490"},{"taxonomy":"product_tag","embeddable":true,"href":"https:\/\/www.raschvin.com\/sv\/wp-json\/wp\/v2\/product_tag?post=108490"}],"curies":[{"name":"wp","href":"https:\/\/api.w.org\/{rel}","templated":true}]}}