{"id":107960,"date":"2025-11-28T09:46:33","date_gmt":"2025-11-28T08:46:33","guid":{"rendered":"https:\/\/www.raschvin.com\/?post_type=product&#038;p=107960"},"modified":"2025-11-28T09:48:48","modified_gmt":"2025-11-28T08:48:48","slug":"o-p-anderson-original-eco-100-cl-40-kopier","status":"publish","type":"product","link":"https:\/\/www.raschvin.com\/sv\/produkt\/o-p-anderson-original-eco-100-cl-40-kopier\/","title":{"rendered":"O.P Anderson Original (ECO) 70 cl. 40%"},"content":{"rendered":"<p>UPP. Anderson Aquavit, lanserad 1891 till \u00e4ra av det svenska industristilen med samma namn, \u00e4r en otvetydig kommentar med anteckningar av andra aromatiska kryddor, inklusive f\u00e4nk\u00e5l. En snatch av anis ger b\u00e5de doft och smakar en skarp pift som g\u00f6r denna stora svenska klassiker f\u00f6r n\u00e5got ganska speciellt.<\/p>\n<p>UPP. Anderson Aquavit \u00e4r en l\u00e4mplig f\u00f6ljeslagare till de flesta r\u00e4tter, men speciellt sponsel, r\u00f6kt lax och v\u00e4lmogna ostar, \u00e4r denna aquavite bra. P\u00e5 grund av den komplexa och kraftfulla smaken, O.P. Anderson Aquavit, som skapas f\u00f6r de flesta kryddiga r\u00e4tter, medan du b\u00f6r undvika r\u00e4tter med ett s\u00f6tare f\u00e4ngelse. Serveras inte f\u00f6r kyld.<\/p>\n<p>Helt klassisk svensk aquavit efter ett original recept med komplexet, anis och f\u00e4nk\u00e5l. Spice arrayen lagras p\u00e5 ekfat i minst sex m\u00e5nader, vilket garanterar och mer rund smak och g\u00f6r aquavite mycket mjuk, trevlig och tillm\u00f6tesg\u00e5ende.<\/p>\n<p>Olof Peter Anderson f\u00f6ddes 1797 i Trollh\u00e4ttan i Sverige och kom till G\u00f6teborg 1814, d\u00e4r han b\u00f6rjade som en l\u00e4rling i Petter Gr\u00f6nbergs kemiska handel. \u00c5r 1823 startade han sitt eget f\u00f6retag som agerade med kemikalier och byggmaterial. F\u00f6r att s\u00e4lja sina varor etablerade han sig ocks\u00e5 som en fartygs\u00e4gare. Fr\u00e5n omkring 1850 driver han f\u00f6retaget tillsammans med Son Carl August, och f\u00f6retaget fokuserade p\u00e5 spritproduktion. Sedan O. P. Anderson Aquavit lanserades 1891, hade Olof Peter Anderson varit d\u00f6d i 15 \u00e5r och sonen valde att ringa fokalvinsten efter sin far.<\/p>\n","protected":false},"excerpt":{"rendered":"<p>Swedish Aquavit<\/p>\n","protected":false},"featured_media":107985,"template":"","meta":{"_acf_changed":false,"rs_blank_template":"","rs_page_bg_color":"","slide_template_v7":""},"product_brand":[],"product_cat":[2393,2743],"product_tag":[],"class_list":{"0":"post-107960","1":"product","2":"type-product","3":"status-publish","4":"has-post-thumbnail","6":"product_cat-akvavit-snaps-sv","7":"product_cat-brannvin-sv","8":"pa_land-sverige-sv","9":"pa_oekologisk-organisk","10":"pa_procent-40-sv-2","11":"pa_producent-altia-sv","12":"pa_volume-70-sv-2","14":"first","15":"instock","16":"sale","17":"taxable","18":"shipping-taxable","19":"purchasable","20":"product-type-simple"},"bundled_by":[],"bundle_stock_status":"instock","bundle_stock_quantity":null,"bundle_virtual":false,"bundle_layout":"","bundle_add_to_cart_form_location":"","bundle_editable_in_cart":false,"bundle_sold_individually_context":"","bundle_item_grouping":"","bundle_min_size":"","bundle_max_size":"","bundle_price":[],"bundled_items":[],"bundle_sell_ids":[],"acf":[],"_links":{"self":[{"href":"https:\/\/www.raschvin.com\/sv\/wp-json\/wp\/v2\/product\/107960","targetHints":{"allow":["GET"]}}],"collection":[{"href":"https:\/\/www.raschvin.com\/sv\/wp-json\/wp\/v2\/product"}],"about":[{"href":"https:\/\/www.raschvin.com\/sv\/wp-json\/wp\/v2\/types\/product"}],"wp:featuredmedia":[{"embeddable":true,"href":"https:\/\/www.raschvin.com\/sv\/wp-json\/wp\/v2\/media\/107985"}],"wp:attachment":[{"href":"https:\/\/www.raschvin.com\/sv\/wp-json\/wp\/v2\/media?parent=107960"}],"wp:term":[{"taxonomy":"product_brand","embeddable":true,"href":"https:\/\/www.raschvin.com\/sv\/wp-json\/wp\/v2\/product_brand?post=107960"},{"taxonomy":"product_cat","embeddable":true,"href":"https:\/\/www.raschvin.com\/sv\/wp-json\/wp\/v2\/product_cat?post=107960"},{"taxonomy":"product_tag","embeddable":true,"href":"https:\/\/www.raschvin.com\/sv\/wp-json\/wp\/v2\/product_tag?post=107960"}],"curies":[{"name":"wp","href":"https:\/\/api.w.org\/{rel}","templated":true}]}}