{"id":107821,"date":"2025-11-27T07:36:40","date_gmt":"2025-11-27T06:36:40","guid":{"rendered":"https:\/\/www.raschvin.com\/produkt\/do-you-feel-lucky-zinfandel-75-cl\/"},"modified":"2025-11-27T07:36:40","modified_gmt":"2025-11-27T06:36:40","slug":"do-you-feel-lucky-zinfandel-75-cl","status":"publish","type":"product","link":"https:\/\/www.raschvin.com\/sv\/produkt\/do-you-feel-lucky-zinfandel-75-cl\/","title":{"rendered":"Do You Feel Lucky? ZINFANDEL 75 cl."},"content":{"rendered":"<p data-start=\"1623\" data-end=\"1778\">Do you feel lucky? Satsa p\u00e5 detta himmelska Zinfandelvin i en duell \u2013 det \u00e4r det s\u00e4kra valet! Vinet \u00e4r vackert och dramatiskt och passar till varje m\u00e5ltid.<\/p>\n<ul data-start=\"1781\" data-end=\"2178\">\n<li data-start=\"1781\" data-end=\"1970\">\n<p data-start=\"1783\" data-end=\"1970\">VinAvisen (15-05-2023)<br data-start=\"1805\" data-end=\"1808\" \/>Det finns toner av kaffe, kakaob\u00f6nor och ek i doften av detta h\u00e4rliga r\u00f6dvin. Smaken \u00e4r \u00f6ppen och fyllig med fin mogen frukt, fattoner, vanilj och fina kryddor&#8230;<\/p>\n<\/li>\n<li data-start=\"1972\" data-end=\"2178\">\n<p data-start=\"1974\" data-end=\"2178\">Luca Maroni (04-10-2023)<br data-start=\"1998\" data-end=\"2001\" \/>Produkten har tilldelats detta prestigefyllda omd\u00f6me. Erk\u00e4nnandet visar att det r\u00f6r sig om toppkvalitet, vilket speglar v\u00e5rt engagemang f\u00f6r att leverera exceptionella produkter.<\/p>\n<\/li>\n<\/ul>\n<p data-start=\"2180\" data-end=\"2199\">Dj\u00e4rv och dramatisk<\/p>\n<p data-start=\"2201\" data-end=\"2658\">Vinets dramatiska m\u00f6rka och lila nyanser \u00e4r inbjudande, och doften av bl\u00e5b\u00e4r, plommon och lakrits kommer att kittla sinnena. En touch av amerikansk ek passar utm\u00e4rkt ihop med vinets sammetslena textur. Syltade m\u00f6rka frukter och kryddiga aromer ger ett h\u00e4rligt djup i smaken och g\u00f6r vinet till en utm\u00e4rkt f\u00f6ljeslagare till varje m\u00e5ltid. Do You Feel LUCKY Zinfandel f\u00e5r dig att k\u00e4nna dig lyckligt lottad, och den l\u00e5ngvariga eftersmaken g\u00f6r att du vill ha mer!<\/p>\n<p data-start=\"2660\" data-end=\"2824\">Detta dj\u00e4rva och storslagna Zinfandelvin \u00e4r en utm\u00e4rkt partner till varje m\u00e5ltid \u2013 fr\u00e5n italiensk pizza till en amerikansk burgare.<br data-start=\"2791\" data-end=\"2794\" \/>Serveringstemperatur: 16\u201318 \u00b0C<\/p>\n<p data-start=\"2826\" data-end=\"2839\">Framst\u00e4llning<\/p>\n<p data-start=\"2841\" data-end=\"3218\" data-is-last-node=\"\" data-is-only-node=\"\">F\u00f6ljer du dig lycklig? Det borde du verkligen g\u00f6ra! Do You Feel Lucky \u00e4r ett unikt r\u00f6dvin som framst\u00e4lls med traditionella metoder men med en speciell twist. Efter den malolaktiska j\u00e4sningen lagras 50 % av blandningen p\u00e5 amerikanska ekfat f\u00f6r att ge extra komplexitet och fyllighet. Druvorna \u00e4r handplockade fr\u00e5n nio \u00e5r gamla vinstockar som v\u00e4xer i kalk- och lerhaltiga jordar.<\/p>\n","protected":false},"excerpt":{"rendered":"<p>Do you feel lucky? Satsa p\u00e5 detta himmelska Zinfandelvin i en duell \u2013 det \u00e4r det s\u00e4kra valet! Vinet \u00e4r vackert och dramatiskt och passar till varje m\u00e5ltid. VinAvisen (15-05-2023)Det&#8230;<\/p>\n","protected":false},"featured_media":107834,"template":"","meta":{"_acf_changed":false,"rs_blank_template":"","rs_page_bg_color":"","slide_template_v7":""},"product_brand":[],"product_cat":[2788,2798],"product_tag":[],"class_list":{"0":"post-107821","1":"product","2":"type-product","3":"status-publish","4":"has-post-thumbnail","6":"product_cat-vin-sv","7":"product_cat-roedvin-sv","8":"pa_drue-zinfandel-sv","9":"pa_land-italien-sv","10":"pa_procent-14-sv","11":"pa_region-puglia-sv","12":"pa_serveringstemperatur-16-18-sv","13":"pa_volume-75-sv","15":"first","16":"instock","17":"taxable","18":"shipping-taxable","19":"purchasable","20":"product-type-simple"},"bundled_by":[],"bundle_stock_status":"instock","bundle_stock_quantity":null,"bundle_virtual":false,"bundle_layout":"","bundle_add_to_cart_form_location":"","bundle_editable_in_cart":false,"bundle_sold_individually_context":"","bundle_item_grouping":"","bundle_min_size":"","bundle_max_size":"","bundle_price":[],"bundled_items":[],"bundle_sell_ids":[],"acf":[],"_links":{"self":[{"href":"https:\/\/www.raschvin.com\/sv\/wp-json\/wp\/v2\/product\/107821","targetHints":{"allow":["GET"]}}],"collection":[{"href":"https:\/\/www.raschvin.com\/sv\/wp-json\/wp\/v2\/product"}],"about":[{"href":"https:\/\/www.raschvin.com\/sv\/wp-json\/wp\/v2\/types\/product"}],"wp:featuredmedia":[{"embeddable":true,"href":"https:\/\/www.raschvin.com\/sv\/wp-json\/wp\/v2\/media\/107834"}],"wp:attachment":[{"href":"https:\/\/www.raschvin.com\/sv\/wp-json\/wp\/v2\/media?parent=107821"}],"wp:term":[{"taxonomy":"product_brand","embeddable":true,"href":"https:\/\/www.raschvin.com\/sv\/wp-json\/wp\/v2\/product_brand?post=107821"},{"taxonomy":"product_cat","embeddable":true,"href":"https:\/\/www.raschvin.com\/sv\/wp-json\/wp\/v2\/product_cat?post=107821"},{"taxonomy":"product_tag","embeddable":true,"href":"https:\/\/www.raschvin.com\/sv\/wp-json\/wp\/v2\/product_tag?post=107821"}],"curies":[{"name":"wp","href":"https:\/\/api.w.org\/{rel}","templated":true}]}}