{"id":107818,"date":"2025-11-27T07:24:26","date_gmt":"2025-11-27T06:24:26","guid":{"rendered":"https:\/\/www.raschvin.com\/produkt\/ace-one-victoria-shiraz-2024-75-cl\/"},"modified":"2025-11-27T07:24:26","modified_gmt":"2025-11-27T06:24:26","slug":"ace-one-victoria-shiraz-2024-75-cl","status":"publish","type":"product","link":"https:\/\/www.raschvin.com\/sv\/produkt\/ace-one-victoria-shiraz-2024-75-cl\/","title":{"rendered":"Ace One Victoria Shiraz 2024 75 cl."},"content":{"rendered":"<p data-start=\"1875\" data-end=\"2057\">Vi l\u00e4gger trumfkortet p\u00e5 bordet med denna australiska p\u00e4rla fr\u00e5n Victoria. Ett fylligt och harmoniskt Shirazvin med mogna b\u00e4r, choklad och vanilj \u2013 runt, mjukt och fullt av karakt\u00e4r.<\/p>\n<ul data-start=\"2059\" data-end=\"2265\">\n<li data-start=\"2059\" data-end=\"2265\">\n<p data-start=\"2061\" data-end=\"2265\">Luca Maroni (21-10-2025)<br data-start=\"2085\" data-end=\"2088\" \/>Produkten har tilldelats detta prestigefyllda omd\u00f6me. Erk\u00e4nnandet visar att det r\u00f6r sig om toppkvalitet, vilket speglar v\u00e5rt engagemang f\u00f6r att leverera exceptionella produkter.<\/p>\n<\/li>\n<\/ul>\n<p data-start=\"2267\" data-end=\"2287\">Fyllig och harmonisk<\/p>\n<p data-start=\"2289\" data-end=\"2762\">Djupt r\u00f6d i f\u00e4rgen med m\u00f6rk k\u00e4rna. Det f\u00f6rsta man k\u00e4nner i doften \u00e4r mineralitet med en parfymerad blommig ton. D\u00e4refter kommer djupa underliggande nyanser av vanilj och mogna r\u00f6da b\u00e4r. Smaken \u00e4r v\u00e4lstrukturerad med stor fyllighet. H\u00e4r finns intryck av s\u00f6t, mogen frukt och mycket mjuka tanniner som balanseras av toner av choklad och vanilj fr\u00e5n fatlagringen. Vinet har fin intensitet och en fruktsyra som balanserar elegant i eftersmaken.<br data-start=\"2729\" data-end=\"2732\" \/>Serveringstemperatur: 16\u201318 \u00b0C<\/p>\n<p data-start=\"2764\" data-end=\"2777\">Framst\u00e4llning<\/p>\n<p data-start=\"2779\" data-end=\"3152\">Detta r\u00f6dvin \u00e4r framst\u00e4llt av druvor sk\u00f6rdade fr\u00e5n noggrant utvalda ving\u00e5rdar i Victoria, Australien \u2013 ett omr\u00e5de k\u00e4nt f\u00f6r sina varierande mikroklimat, svalkande vindar och utm\u00e4rkta odlingsf\u00f6rh\u00e5llanden. Vinstockarnas mogna \u00e5lder bidrar till druvornas koncentration och djup, medan den omsorgsfulla vinifieringen lyfter fram vinets balans, komplexitet och eleganta struktur.<\/p>\n<p data-start=\"3154\" data-end=\"3171\">CO2 \u2013 Milj\u00f6v\u00e4nlig<\/p>\n<p data-start=\"3173\" data-end=\"3543\" data-is-last-node=\"\" data-is-only-node=\"\">Transport av vin i bulk fr\u00e5n ursprungslandet till buteljering i Danmark ger en avsev\u00e4rt l\u00e4gre CO2-belastning j\u00e4mf\u00f6rt med vin som importeras p\u00e5 flaska. Som ett erk\u00e4nnande av det minskade CO2-avtrycket, men ocks\u00e5 s\u00e4kringen av vinets kvalitet och de ekonomiska f\u00f6rdelarna med bulktransport, utg\u00f6r bulkvin en st\u00e4ndigt v\u00e4xande del av v\u00e5r verksamhet. L\u00e4s mer p\u00e5 v\u00e5r webbplats.<\/p>\n","protected":false},"excerpt":{"rendered":"<p>Wine of Australia<\/p>\n","protected":false},"featured_media":107828,"template":"","meta":{"_acf_changed":false,"rs_blank_template":"","rs_page_bg_color":"","slide_template_v7":""},"product_brand":[],"product_cat":[2788,2798],"product_tag":[],"class_list":{"0":"post-107818","1":"product","2":"type-product","3":"status-publish","4":"has-post-thumbnail","6":"product_cat-vin-sv","7":"product_cat-roedvin-sv","8":"pa_aargang-2024-sv","9":"pa_drue-shiraz-sv","10":"pa_land-australien-sv","11":"pa_region-victoria-sv","12":"pa_serveringstemperatur-16-18-sv","13":"pa_volume-75-sv","15":"first","16":"instock","17":"taxable","18":"shipping-taxable","19":"purchasable","20":"product-type-simple"},"bundled_by":[],"bundle_stock_status":"instock","bundle_stock_quantity":null,"bundle_virtual":false,"bundle_layout":"","bundle_add_to_cart_form_location":"","bundle_editable_in_cart":false,"bundle_sold_individually_context":"","bundle_item_grouping":"","bundle_min_size":"","bundle_max_size":"","bundle_price":[],"bundled_items":[],"bundle_sell_ids":[],"acf":[],"_links":{"self":[{"href":"https:\/\/www.raschvin.com\/sv\/wp-json\/wp\/v2\/product\/107818","targetHints":{"allow":["GET"]}}],"collection":[{"href":"https:\/\/www.raschvin.com\/sv\/wp-json\/wp\/v2\/product"}],"about":[{"href":"https:\/\/www.raschvin.com\/sv\/wp-json\/wp\/v2\/types\/product"}],"wp:featuredmedia":[{"embeddable":true,"href":"https:\/\/www.raschvin.com\/sv\/wp-json\/wp\/v2\/media\/107828"}],"wp:attachment":[{"href":"https:\/\/www.raschvin.com\/sv\/wp-json\/wp\/v2\/media?parent=107818"}],"wp:term":[{"taxonomy":"product_brand","embeddable":true,"href":"https:\/\/www.raschvin.com\/sv\/wp-json\/wp\/v2\/product_brand?post=107818"},{"taxonomy":"product_cat","embeddable":true,"href":"https:\/\/www.raschvin.com\/sv\/wp-json\/wp\/v2\/product_cat?post=107818"},{"taxonomy":"product_tag","embeddable":true,"href":"https:\/\/www.raschvin.com\/sv\/wp-json\/wp\/v2\/product_tag?post=107818"}],"curies":[{"name":"wp","href":"https:\/\/api.w.org\/{rel}","templated":true}]}}