{"id":107755,"date":"2025-11-26T20:56:11","date_gmt":"2025-11-26T19:56:11","guid":{"rendered":"https:\/\/www.raschvin.com\/produkt\/diamond-hill-moscato-75-cl\/"},"modified":"2025-11-26T20:56:11","modified_gmt":"2025-11-26T19:56:11","slug":"diamond-hill-moscato-75-cl","status":"publish","type":"product","link":"https:\/\/www.raschvin.com\/sv\/produkt\/diamond-hill-moscato-75-cl\/","title":{"rendered":"Diamond Hill Moscato 75 cl."},"content":{"rendered":"<p data-start=\"2606\" data-end=\"2702\">Aromatisk och livlig Moscato med frisk s\u00f6tma, mjuk fruktighet och en ren, sprudlande avslutning.<\/p>\n<p data-start=\"2704\" data-end=\"2758\">Passar till: Kraftigt kryddade r\u00e4tter, Sushi, Aperitif<\/p>\n<p data-start=\"2760\" data-end=\"2775\">S\u00f6t och fruktig<\/p>\n<p data-start=\"2777\" data-end=\"3233\">Doften \u00f6ppnar med inbjudande aromer av persika, aprikos, melon och en frisk citrusnot, flankeras av subtila florala undertoner. Smaken \u00e4r fyllig och s\u00f6t utan att bli tung, l\u00e4tt p\u00e4rlande och med en livlig syra som ger balans och friskhet. Eftersmaken \u00e4r krispig och l\u00e5ng, med inslag av honung och tropiska frukter, vilket g\u00f6r vinet perfekt till kryddstark mat, sushi, fruktbaserade desserter eller som en charmerande aperitif.<br data-start=\"3202\" data-end=\"3205\" \/>Serveringstemperatur: 6\u20138 \u00b0C<\/p>\n<p data-start=\"3235\" data-end=\"3248\">Framst\u00e4llning<\/p>\n<p data-start=\"3250\" data-end=\"3852\">Diamond Hill Moscato \u00e4r gjord p\u00e5 noggrant utvalda druvor fr\u00e5n solrika ving\u00e5rdar i South Eastern Australia, d\u00e4r det varma klimatet och de v\u00e4ldr\u00e4nerade ler- och sandjordarna ger optimala f\u00f6ruts\u00e4ttningar f\u00f6r aromatiska och saftiga druvor. Sk\u00f6rden sker tidigt p\u00e5 morgonen f\u00f6r att bevara friskheten och de fina aromerna. Vinifieringen sker vid kontrollerat l\u00e5g temperatur, vilket bevarar druvornas karakteristiska s\u00f6tma och den l\u00e4tt p\u00e4rlande strukturen. Resultatet \u00e4r ett elegant, fruktintensivt vin med b\u00e5de djup och livlig friskhet, som g\u00f6r det m\u00e5ngsidigt och l\u00e4tt att anpassa till m\u00e5nga olika tillf\u00e4llen.<\/p>\n<p data-start=\"3854\" data-end=\"3871\">CO2 \u2013 Milj\u00f6v\u00e4nlig<\/p>\n<p data-start=\"3873\" data-end=\"4243\">Transport av vin i bulk fr\u00e5n ursprungslandet till buteljering i Danmark ger en avsev\u00e4rt l\u00e4gre CO2-belastning j\u00e4mf\u00f6rt med vin som importeras p\u00e5 flaska. Som ett erk\u00e4nnande av det minskade CO2-avtrycket, men ocks\u00e5 s\u00e4kringen av vinets kvalitet och de ekonomiska f\u00f6rdelarna med bulktransport, utg\u00f6r bulkvin en st\u00e4ndigt v\u00e4xande del av v\u00e5r verksamhet. L\u00e4s mer p\u00e5 v\u00e5r webbplats.<\/p>\n<p data-start=\"4245\" data-end=\"4259\">Om producenten<\/p>\n<p data-start=\"4261\" data-end=\"4654\">Sedan millennieskiftet har Diamond Hill varit en garant f\u00f6r kvalitetsvin. Id\u00e9skaparna bakom Diamond Hill ville visa att Australien kan erbjuda mycket mer \u00e4n bara Shiraz. Det stora kontinenten kan faktiskt stoltsera med \u00f6ver 70 olika druvsorter. Diamond Hill valde att koncentrera sig p\u00e5 South Eastern Australia och beslutade att fokusera p\u00e5 totalt fem olika viner fr\u00e5n uts\u00f6kta l\u00e4gen i omr\u00e5det.<\/p>\n<p data-start=\"4656\" data-end=\"4975\" data-is-last-node=\"\" data-is-only-node=\"\">Med tv\u00e5 r\u00f6dviner, tv\u00e5 vitviner och ett ros\u00e9vin visar Diamond Hill p\u00e5 b\u00e4sta s\u00e4tt upp essensen och m\u00e5ngfalden i vinerna fr\u00e5n South Eastern Australia. Var och en av deras viner \u00e4r en liten dyrbar sten, symboliserad av den v\u00e4lk\u00e4nda diamantformade logotypen. Genom \u00e5ren har Diamond Hill f\u00e5tt fina utm\u00e4rkelser f\u00f6r sina viner.<\/p>\n","protected":false},"excerpt":{"rendered":"<p>South Eastern Australia<\/p>\n","protected":false},"featured_media":107774,"template":"","meta":{"_acf_changed":false,"rs_blank_template":"","rs_page_bg_color":"","slide_template_v7":""},"product_brand":[],"product_cat":[2788,2792],"product_tag":[],"class_list":{"0":"post-107755","1":"product","2":"type-product","3":"status-publish","4":"has-post-thumbnail","6":"product_cat-vin-sv","7":"product_cat-vitt-vin","8":"pa_drue-moscato-sv","9":"pa_land-australien-sv","10":"pa_procent-8-sv","11":"pa_producent-taster-wine-sv","12":"pa_region-south-eastern-australia","13":"pa_serveringstemperatur-6-8-sv","14":"pa_volume-75-sv","16":"first","17":"instock","18":"taxable","19":"shipping-taxable","20":"purchasable","21":"product-type-simple"},"bundled_by":[],"bundle_stock_status":"instock","bundle_stock_quantity":null,"bundle_virtual":false,"bundle_layout":"","bundle_add_to_cart_form_location":"","bundle_editable_in_cart":false,"bundle_sold_individually_context":"","bundle_item_grouping":"","bundle_min_size":"","bundle_max_size":"","bundle_price":[],"bundled_items":[],"bundle_sell_ids":[],"acf":[],"_links":{"self":[{"href":"https:\/\/www.raschvin.com\/sv\/wp-json\/wp\/v2\/product\/107755","targetHints":{"allow":["GET"]}}],"collection":[{"href":"https:\/\/www.raschvin.com\/sv\/wp-json\/wp\/v2\/product"}],"about":[{"href":"https:\/\/www.raschvin.com\/sv\/wp-json\/wp\/v2\/types\/product"}],"wp:featuredmedia":[{"embeddable":true,"href":"https:\/\/www.raschvin.com\/sv\/wp-json\/wp\/v2\/media\/107774"}],"wp:attachment":[{"href":"https:\/\/www.raschvin.com\/sv\/wp-json\/wp\/v2\/media?parent=107755"}],"wp:term":[{"taxonomy":"product_brand","embeddable":true,"href":"https:\/\/www.raschvin.com\/sv\/wp-json\/wp\/v2\/product_brand?post=107755"},{"taxonomy":"product_cat","embeddable":true,"href":"https:\/\/www.raschvin.com\/sv\/wp-json\/wp\/v2\/product_cat?post=107755"},{"taxonomy":"product_tag","embeddable":true,"href":"https:\/\/www.raschvin.com\/sv\/wp-json\/wp\/v2\/product_tag?post=107755"}],"curies":[{"name":"wp","href":"https:\/\/api.w.org\/{rel}","templated":true}]}}