{"id":107751,"date":"2025-11-26T20:46:13","date_gmt":"2025-11-26T19:46:13","guid":{"rendered":"https:\/\/www.raschvin.com\/produkt\/the-mark-riesling-2023-75-cl\/"},"modified":"2025-11-26T20:46:13","modified_gmt":"2025-11-26T19:46:13","slug":"the-mark-riesling-2023-75-cl","status":"publish","type":"product","link":"https:\/\/www.raschvin.com\/sv\/produkt\/the-mark-riesling-2023-75-cl\/","title":{"rendered":"THE MARK Riesling 2023 75 cl."},"content":{"rendered":"<p data-start=\"2957\" data-end=\"3100\">Airport Ranchs vinmakare har satt sin pr\u00e4gel p\u00e5 detta l\u00e4ckra, krispiga Rieslingvin med toner av tropisk frukt och en aromatisk, ren avslutning.<\/p>\n<p data-start=\"3102\" data-end=\"3193\">Passar till: Fet fisk, Mager fisk, Skaldjur, Asiatiska r\u00e4tter, Kyckling och Kalkon, Dessert<\/p>\n<ul data-start=\"3196\" data-end=\"3620\">\n<li data-start=\"3196\" data-end=\"3402\">\n<p data-start=\"3198\" data-end=\"3402\">Luca Maroni (23-01-2025)<br data-start=\"3222\" data-end=\"3225\" \/>Produkten har tilldelats detta prestigefyllda omd\u00f6me. Erk\u00e4nnandet visar att det r\u00f6r sig om toppkvalitet, vilket speglar v\u00e5rt engagemang f\u00f6r att leverera exceptionella produkter.<\/p>\n<\/li>\n<li data-start=\"3405\" data-end=\"3620\">\n<p data-start=\"3407\" data-end=\"3620\">Berliner Wein Trophy (07-03-2025)<br data-start=\"3440\" data-end=\"3443\" \/>Produkten har tilldelats detta prestigefyllda omd\u00f6me. Erk\u00e4nnandet visar att det r\u00f6r sig om toppkvalitet, vilket speglar v\u00e5rt engagemang f\u00f6r att leverera exceptionella produkter.<\/p>\n<\/li>\n<\/ul>\n<p data-start=\"3622\" data-end=\"3639\">Frisk och krispig<\/p>\n<p data-start=\"3641\" data-end=\"4037\">The Mark Riesling bjuder p\u00e5 h\u00e4rligt friska och livliga aromer av honung, mogna aprikoser, persika och inslag av mandarin. Inledningen \u00e4r en tydlig syra, varefter toner av stj\u00e4rnfrukt och kiwi tr\u00e4der fram med inslag av citronskal, f\u00f6r att slutligen rundas av av en harmonisk syra som \u00e4r fint omsluten av vinets naturliga rests\u00f6tma. Avslutningen \u00e4r ren och krispig.<br data-start=\"4004\" data-end=\"4007\" \/>Serveringstemperatur: 10\u201312 \u00b0C<\/p>\n<p data-start=\"4039\" data-end=\"4052\">Framst\u00e4llning<\/p>\n<p data-start=\"4054\" data-end=\"4913\">Druvorna till The Mark Riesling \u00e4r noggrant utvalda och sk\u00f6rdade fr\u00e5n Airport Ranch Vineyards i hj\u00e4rtat av Yakima Valley. The Mark Riesling visar p\u00e5 b\u00e4sta s\u00e4tt vad Rieslingdruvan kan utvecklas till i Yakima Valley. Druvorna sk\u00f6rdas fullt mogna tidigt p\u00e5 morgonen under den andra veckan i oktober. Vid ankomst till vineriet sorteras druvorna s\u00e5 att endast de b\u00e4sta anv\u00e4nds. Druvorna pressas och juicen f\u00e5r vila i 72 timmar innan f\u00e4llningen avl\u00e4gsnas och j\u00e4sningen startar. En helt speciell j\u00e4ststam, isolerad fr\u00e5n tyska Rieslingdruvor, tills\u00e4tts. J\u00e4sningen sker vid 14 \u00b0C i n\u00e4stan fyra veckor innan den stoppas f\u00f6r att bevara vinets naturliga rests\u00f6tma. Efter j\u00e4sningen r\u00f6rs vinet upp p\u00e5 sin naturliga j\u00e4stf\u00e4llning tv\u00e5 g\u00e5nger i m\u00e5naden under tv\u00e5 m\u00e5nader f\u00f6r att ge vinet fyllighet. Slutligen stabiliseras och filtreras vinet innan det \u00e4r klart f\u00f6r buteljering.<\/p>\n<p data-start=\"4915\" data-end=\"5401\">\u00c5rg\u00e5ng 2022 var en berg- och dalbana. V\u00e4xts\u00e4songen b\u00f6rjade med en mild vinter, men frost och en sval v\u00e5r f\u00f6rsenade b\u00e5de knoppning och blomning. V\u00e4rmen kom inte f\u00f6rr\u00e4n i mitten av juli och resulterade i rekordstor tillv\u00e4xt i ving\u00e5rdarna. V\u00e4rmen fortsatte in p\u00e5 h\u00f6sten och f\u00f6rl\u00e4ngde d\u00e4rmed den tid som druvorna h\u00e4ngde kvar p\u00e5 vinstockarna, vilket mognade druvorna optimalt med otroliga smaknyanser. \u00c5rg\u00e5ng 2022 uppvisar mogna och fruktdrivna aromer och kan avnjutas redan nu eller lagras.<\/p>\n<p data-start=\"5403\" data-end=\"5417\">Om producenten<\/p>\n<p data-start=\"5419\" data-end=\"5748\" data-is-last-node=\"\" data-is-only-node=\"\">I samarbete med Airport Ranch Vineyards har vi utvecklat serien \u201dThe Mark\u201d, som s\u00e4tter ett tydligt avtryck p\u00e5 amerikanskt vin. Druvorna sk\u00f6rdas i det sp\u00e4nnande vindistriktet Yakima Valley i Washington State, d\u00e4r 300 soltimmar om \u00e5ret utvecklar druvorna till perfektion.<br data-start=\"5688\" data-end=\"5691\" \/>Druvorna \u00e4r omsorgsfullt utvalda till v\u00e5r serie The Mark.<\/p>\n","protected":false},"excerpt":{"rendered":"<p>Washington State \u2013 USA<\/p>\n","protected":false},"featured_media":107780,"template":"","meta":{"_acf_changed":false,"rs_blank_template":"","rs_page_bg_color":"","slide_template_v7":""},"product_brand":[],"product_cat":[2788,2792],"product_tag":[],"class_list":{"0":"post-107751","1":"product","2":"type-product","3":"status-publish","4":"has-post-thumbnail","6":"product_cat-vin-sv","7":"product_cat-vitt-vin","8":"pa_aargang-2023-sv","9":"pa_drue-riesling-sv","10":"pa_land-usa-sv","11":"pa_procent-12-sv","12":"pa_producent-airport-ranch-vineyards","13":"pa_region-yakima-valley","14":"pa_serveringstemperatur-10-12-sv-2","15":"pa_volume-75-sv","17":"first","18":"instock","19":"taxable","20":"shipping-taxable","21":"purchasable","22":"product-type-simple"},"bundled_by":[],"bundle_stock_status":"instock","bundle_stock_quantity":null,"bundle_virtual":false,"bundle_layout":"","bundle_add_to_cart_form_location":"","bundle_editable_in_cart":false,"bundle_sold_individually_context":"","bundle_item_grouping":"","bundle_min_size":"","bundle_max_size":"","bundle_price":[],"bundled_items":[],"bundle_sell_ids":[],"acf":[],"_links":{"self":[{"href":"https:\/\/www.raschvin.com\/sv\/wp-json\/wp\/v2\/product\/107751","targetHints":{"allow":["GET"]}}],"collection":[{"href":"https:\/\/www.raschvin.com\/sv\/wp-json\/wp\/v2\/product"}],"about":[{"href":"https:\/\/www.raschvin.com\/sv\/wp-json\/wp\/v2\/types\/product"}],"wp:featuredmedia":[{"embeddable":true,"href":"https:\/\/www.raschvin.com\/sv\/wp-json\/wp\/v2\/media\/107780"}],"wp:attachment":[{"href":"https:\/\/www.raschvin.com\/sv\/wp-json\/wp\/v2\/media?parent=107751"}],"wp:term":[{"taxonomy":"product_brand","embeddable":true,"href":"https:\/\/www.raschvin.com\/sv\/wp-json\/wp\/v2\/product_brand?post=107751"},{"taxonomy":"product_cat","embeddable":true,"href":"https:\/\/www.raschvin.com\/sv\/wp-json\/wp\/v2\/product_cat?post=107751"},{"taxonomy":"product_tag","embeddable":true,"href":"https:\/\/www.raschvin.com\/sv\/wp-json\/wp\/v2\/product_tag?post=107751"}],"curies":[{"name":"wp","href":"https:\/\/api.w.org\/{rel}","templated":true}]}}