{"id":107748,"date":"2025-11-26T20:38:58","date_gmt":"2025-11-26T19:38:58","guid":{"rendered":"https:\/\/www.raschvin.com\/produkt\/the-mark-merlot-cabernet-75-cl\/"},"modified":"2025-11-26T20:38:58","modified_gmt":"2025-11-26T19:38:58","slug":"the-mark-merlot-cabernet-75-cl","status":"publish","type":"product","link":"https:\/\/www.raschvin.com\/sv\/produkt\/the-mark-merlot-cabernet-75-cl\/","title":{"rendered":"THE MARK Merlot Cabernet 75 cl."},"content":{"rendered":"<p data-start=\"1875\" data-end=\"2068\"><strong data-start=\"1875\" data-end=\"1903\">Luca Maroni (08-01-2024)<\/strong><br data-start=\"1903\" data-end=\"1906\" \/>Vinet har tilldelats detta prestigefyllda omd\u00f6me. Erk\u00e4nnandet visar att det r\u00f6r sig om toppkvalitet och speglar v\u00e5r ambition att leverera exceptionella produkter.<\/p>\n<hr data-start=\"2070\" data-end=\"2073\" \/>\n<h3 data-start=\"2075\" data-end=\"2097\">Silkeslen och rund<\/h3>\n<p data-start=\"2099\" data-end=\"2500\">Detta l\u00e4ckra blend av 80 % Merlot och 20 % Cabernet Sauvignon bjuder p\u00e5 en rad aromer av m\u00f6rk frukt. Mest tydliga \u00e4r svarta vinb\u00e4r, s\u00f6ta plommon och bj\u00f6rnb\u00e4r, men \u00e4ven k\u00f6rsb\u00e4r, bakade fikon och karamell pr\u00e4glar den eleganta doften. I munnen \u00e4r vinet mjukt, med toner av r\u00f6kta dadlar och en hint av svart te. Den silkeslena och behagligt l\u00e5ngvariga avslutningen vittnar om ett vin med stor potential.<\/p>\n<p data-start=\"2502\" data-end=\"2536\"><strong data-start=\"2502\" data-end=\"2527\">Serveringstemperatur:<\/strong> 16\u201318 \u00b0C<\/p>\n<hr data-start=\"2538\" data-end=\"2541\" \/>\n<h3 data-start=\"2543\" data-end=\"2560\">Framst\u00e4llning<\/h3>\n<p data-start=\"2562\" data-end=\"2928\">Druvorna kommer fr\u00e5n noggrant utvalda parceller i Airport Ranch Vineyard i hj\u00e4rtat av Yakima Valley i Washington State. N\u00e4r druvorna \u00e4r fullt mogna sk\u00f6rdas de. De tv\u00e5 druvsorterna macereras separat f\u00f6r att f\u00e5 ut det b\u00e4sta av druvornas aromer. J\u00e4sningen sker med skal i 12\u201316 dagar, d\u00e4refter avl\u00e4gsnas skalen och pressas varsamt f\u00f6r att f\u00e5 ut den sista m\u00e4ngden vin.<\/p>\n<p data-start=\"2930\" data-end=\"3231\">Den malolaktiska j\u00e4sningen sker p\u00e5 en kombination av nya franska ekfat (25 %) och fat som \u00e4r 3\u20135 \u00e5r gamla (75 %). D\u00e4refter r\u00f6rs j\u00e4stf\u00e4llningen upp tv\u00e5 g\u00e5nger i m\u00e5naden under tre m\u00e5nader, vilket ger vinet en rund, naturlig mjukhet. Vinet lagras i 16 m\u00e5nader innan det f\u00e4rdigst\u00e4lls och tappas p\u00e5 flaska.<\/p>\n<hr data-start=\"3233\" data-end=\"3236\" \/>\n<h3 data-start=\"3238\" data-end=\"3256\">Om producenten<\/h3>\n<p data-start=\"3258\" data-end=\"3541\">I samarbete med Airport Ranch Vineyards har vi utvecklat serien \u201dThe Mark\u201d, som s\u00e4tter ett tydligt fingeravtryck p\u00e5 amerikanskt vin. Druvorna sk\u00f6rdas i det sp\u00e4nnande vindistriktet Yakima Valley i Washington State, d\u00e4r 300 soldagar om \u00e5ret l\u00e5ter druvorna utvecklas till full\u00e4ndning.<\/p>\n<p data-start=\"3543\" data-end=\"3608\">Druvorna \u00e4r omsorgsfullt utvalda s\u00e4rskilt f\u00f6r v\u00e5r serie The Mark.<\/p>\n","protected":false},"excerpt":{"rendered":"<p>Washington State &#8211; USA<\/p>\n","protected":false},"featured_media":107765,"template":"","meta":{"_acf_changed":false,"rs_blank_template":"","rs_page_bg_color":"","slide_template_v7":""},"product_brand":[],"product_cat":[2788,2798],"product_tag":[],"class_list":{"0":"post-107748","1":"product","2":"type-product","3":"status-publish","4":"has-post-thumbnail","6":"product_cat-vin-sv","7":"product_cat-roedvin-sv","8":"pa_drue-cabernet-sauvignon-sv","9":"pa_drue-merlot-sv","10":"pa_land-usa-sv","11":"pa_procent-14-5-sv","12":"pa_producent-airport-ranch-vineyards","13":"pa_region-washington-state-sv","14":"pa_serveringstemperatur-16-18-sv","15":"pa_volume-75-sv","17":"first","18":"instock","19":"taxable","20":"shipping-taxable","21":"purchasable","22":"product-type-simple"},"bundled_by":[],"bundle_stock_status":"instock","bundle_stock_quantity":null,"bundle_virtual":false,"bundle_layout":"","bundle_add_to_cart_form_location":"","bundle_editable_in_cart":false,"bundle_sold_individually_context":"","bundle_item_grouping":"","bundle_min_size":"","bundle_max_size":"","bundle_price":[],"bundled_items":[],"bundle_sell_ids":[],"acf":[],"_links":{"self":[{"href":"https:\/\/www.raschvin.com\/sv\/wp-json\/wp\/v2\/product\/107748","targetHints":{"allow":["GET"]}}],"collection":[{"href":"https:\/\/www.raschvin.com\/sv\/wp-json\/wp\/v2\/product"}],"about":[{"href":"https:\/\/www.raschvin.com\/sv\/wp-json\/wp\/v2\/types\/product"}],"wp:featuredmedia":[{"embeddable":true,"href":"https:\/\/www.raschvin.com\/sv\/wp-json\/wp\/v2\/media\/107765"}],"wp:attachment":[{"href":"https:\/\/www.raschvin.com\/sv\/wp-json\/wp\/v2\/media?parent=107748"}],"wp:term":[{"taxonomy":"product_brand","embeddable":true,"href":"https:\/\/www.raschvin.com\/sv\/wp-json\/wp\/v2\/product_brand?post=107748"},{"taxonomy":"product_cat","embeddable":true,"href":"https:\/\/www.raschvin.com\/sv\/wp-json\/wp\/v2\/product_cat?post=107748"},{"taxonomy":"product_tag","embeddable":true,"href":"https:\/\/www.raschvin.com\/sv\/wp-json\/wp\/v2\/product_tag?post=107748"}],"curies":[{"name":"wp","href":"https:\/\/api.w.org\/{rel}","templated":true}]}}