{"id":107740,"date":"2025-11-26T20:09:34","date_gmt":"2025-11-26T19:09:34","guid":{"rendered":"https:\/\/www.raschvin.com\/produkt\/diamond-hill-shriaz-rose-75-cl\/"},"modified":"2025-11-26T20:09:34","modified_gmt":"2025-11-26T19:09:34","slug":"diamond-hill-shriaz-rose-75-cl","status":"publish","type":"product","link":"https:\/\/www.raschvin.com\/sv\/produkt\/diamond-hill-shriaz-rose-75-cl\/","title":{"rendered":"Diamond Hill Shriaz Ros\u00e9 75 cl."},"content":{"rendered":"<p data-start=\"2289\" data-end=\"2359\">Krispig, frisk och t\u00e4t ros\u00e9 med saftiga b\u00e4r och l\u00e4tt kryddiga toner.<\/p>\n<p data-start=\"2361\" data-end=\"2407\"><strong data-start=\"2361\" data-end=\"2377\">Passar till:<\/strong> aperitif, sallader, skaldjur.<\/p>\n<hr data-start=\"2409\" data-end=\"2412\" \/>\n<p data-start=\"2414\" data-end=\"2616\"><strong data-start=\"2414\" data-end=\"2448\">Japan Awards 2023 (19-09-2023)<\/strong><br data-start=\"2448\" data-end=\"2451\" \/>Vinet har tilldelats denna prestigefyllda utm\u00e4rkelse. Erk\u00e4nnandet visar att det r\u00f6r sig om toppkvalitet och speglar v\u00e5r str\u00e4van att leverera exceptionella produkter.<\/p>\n<p data-start=\"2618\" data-end=\"2824\"><strong data-start=\"2618\" data-end=\"2656\">Singapore Awards 2023 (19-09-2023)<\/strong><br data-start=\"2656\" data-end=\"2659\" \/>Vinet har tilldelats denna prestigefyllda utm\u00e4rkelse. Erk\u00e4nnandet visar att det r\u00f6r sig om toppkvalitet och speglar v\u00e5r str\u00e4van att leverera exceptionella produkter.<\/p>\n<p data-start=\"2826\" data-end=\"3012\"><strong data-start=\"2826\" data-end=\"2854\">Luca Maroni (25-05-2023)<\/strong><br data-start=\"2854\" data-end=\"2857\" \/>Vinet har f\u00e5tt detta fina omd\u00f6me. Erk\u00e4nnandet visar att det r\u00f6r sig om toppkvalitet och speglar v\u00e5r ambition att leverera verkligt exceptionella produkter.<\/p>\n<hr data-start=\"3014\" data-end=\"3017\" \/>\n<h3 data-start=\"3019\" data-end=\"3048\">Krispig, frisk och saftig<\/h3>\n<p data-start=\"3050\" data-end=\"3311\">Diamond Hill Shiraz Ros\u00e9 bjuder p\u00e5 en h\u00e4rligt rik fruktsmak av mogna, saftiga b\u00e4r tillsammans med l\u00e4tt kryddiga toner. Det \u00e4r ett mycket behagligt vin med en underbar doft av f\u00e4rska jordgubbar och sommar. I glaset \u00e4r vinet t\u00e4tt och klart med en tydlig r\u00f6d f\u00e4rg.<\/p>\n<p data-start=\"3313\" data-end=\"3474\">Vinet \u00e4r h\u00e4rligt uppfriskande och b\u00f6r njutas v\u00e4l kylt, till exempel till sallader, ljust k\u00f6tt, pasta eller som v\u00e4lkomstdrink.<br data-start=\"3438\" data-end=\"3441\" \/><strong data-start=\"3441\" data-end=\"3466\">Serveringstemperatur:<\/strong> 8\u201310 \u00b0C<\/p>\n<hr data-start=\"3476\" data-end=\"3479\" \/>\n<h3 data-start=\"3481\" data-end=\"3498\">Framst\u00e4llning<\/h3>\n<p data-start=\"3500\" data-end=\"3801\">Druvorna mognar under det klara solskenet och \u00e4r fullt mogna vid sk\u00f6rden i februari. Efter sk\u00f6rd tidigt p\u00e5 morgonen transporteras de fortfarande svala klasarna till avstj\u00e4lkning och pressning. J\u00e4sningen sker vid l\u00e5g, kontrollerad temperatur f\u00f6r att bevara druvornas fruktrikedom i det f\u00e4rdiga vinet.<\/p>\n<p data-start=\"3803\" data-end=\"4059\">Skalen f\u00e5r ligga kvar tillsammans med musten i n\u00e5gra timmar f\u00f6r att extrahera smak, f\u00e4rg och struktur. Den starka australiska solen ger druvorna h\u00f6gt f\u00e4rginneh\u00e5ll i skalen, vilket ofta resulterar i ros\u00e9viner med djup f\u00e4rg \u2013 och detta vin \u00e4r inget undantag.<\/p>\n<hr data-start=\"4061\" data-end=\"4064\" \/>\n<h3 data-start=\"4066\" data-end=\"4088\">CO\u2082 \u2013 milj\u00f6v\u00e4nligt<\/h3>\n<p data-start=\"4090\" data-end=\"4390\">Transport av vin i bulk fr\u00e5n ursprungslandet till buteljering i Danmark inneb\u00e4r en avsev\u00e4rt l\u00e4gre CO\u2082-belastning j\u00e4mf\u00f6rt med import av f\u00e4rdigbuteljerat vin. Med h\u00e4nsyn till detta l\u00e4gre klimatavtryck \u2013 samt kvalitetss\u00e4kring och ekonomiska f\u00f6rdelar \u2013 utg\u00f6r bulkvin en allt st\u00f6rre del av v\u00e5r verksamhet.<\/p>\n","protected":false},"excerpt":{"rendered":"<p>South Eastern Australia<\/p>\n","protected":false},"featured_media":107786,"template":"","meta":{"_acf_changed":false,"rs_blank_template":"","rs_page_bg_color":"","slide_template_v7":""},"product_brand":[],"product_cat":[2796,7779,2788],"product_tag":[],"class_list":{"0":"post-107740","1":"product","2":"type-product","3":"status-publish","4":"has-post-thumbnail","6":"product_cat-rosevin-sv","7":"product_cat-sommar-rose","8":"product_cat-vin-sv","9":"pa_drue-shiraz-sv","10":"pa_land-australien-sv","11":"pa_procent-13-sv","12":"pa_producent-taster-wine-sv","13":"pa_region-south-eastern-australia","14":"pa_serveringstemperatur-8-10-sv","15":"pa_volume-75-sv","17":"first","18":"instock","19":"taxable","20":"shipping-taxable","21":"purchasable","22":"product-type-simple"},"bundled_by":[],"bundle_stock_status":"instock","bundle_stock_quantity":null,"bundle_virtual":false,"bundle_layout":"","bundle_add_to_cart_form_location":"","bundle_editable_in_cart":false,"bundle_sold_individually_context":"","bundle_item_grouping":"","bundle_min_size":"","bundle_max_size":"","bundle_price":[],"bundled_items":[],"bundle_sell_ids":[],"acf":[],"_links":{"self":[{"href":"https:\/\/www.raschvin.com\/sv\/wp-json\/wp\/v2\/product\/107740","targetHints":{"allow":["GET"]}}],"collection":[{"href":"https:\/\/www.raschvin.com\/sv\/wp-json\/wp\/v2\/product"}],"about":[{"href":"https:\/\/www.raschvin.com\/sv\/wp-json\/wp\/v2\/types\/product"}],"wp:featuredmedia":[{"embeddable":true,"href":"https:\/\/www.raschvin.com\/sv\/wp-json\/wp\/v2\/media\/107786"}],"wp:attachment":[{"href":"https:\/\/www.raschvin.com\/sv\/wp-json\/wp\/v2\/media?parent=107740"}],"wp:term":[{"taxonomy":"product_brand","embeddable":true,"href":"https:\/\/www.raschvin.com\/sv\/wp-json\/wp\/v2\/product_brand?post=107740"},{"taxonomy":"product_cat","embeddable":true,"href":"https:\/\/www.raschvin.com\/sv\/wp-json\/wp\/v2\/product_cat?post=107740"},{"taxonomy":"product_tag","embeddable":true,"href":"https:\/\/www.raschvin.com\/sv\/wp-json\/wp\/v2\/product_tag?post=107740"}],"curies":[{"name":"wp","href":"https:\/\/api.w.org\/{rel}","templated":true}]}}