{"id":107693,"date":"2025-11-26T17:21:45","date_gmt":"2025-11-26T16:21:45","guid":{"rendered":"https:\/\/www.raschvin.com\/produkt\/diamond-hill-chardonnay-75-cl\/"},"modified":"2025-11-26T17:21:45","modified_gmt":"2025-11-26T16:21:45","slug":"diamond-hill-chardonnay-75-cl","status":"publish","type":"product","link":"https:\/\/www.raschvin.com\/sv\/produkt\/diamond-hill-chardonnay-75-cl\/","title":{"rendered":"Diamond Hill Chardonnay 75 cl."},"content":{"rendered":"<p data-start=\"2673\" data-end=\"2740\">H\u00e4rlig vitvin med fin fruktfyllnad och en s\u00f6t doft av gr\u00f6n frukt.<\/p>\n<p data-start=\"2742\" data-end=\"2813\"><strong data-start=\"2742\" data-end=\"2758\">Passar till:<\/strong> feta fiskr\u00e4tter, kyckling och kalkon, pasta och pizza.<\/p>\n<hr data-start=\"2815\" data-end=\"2818\" \/>\n<p data-start=\"2820\" data-end=\"3026\"><strong data-start=\"2820\" data-end=\"2858\">Asia Wine Trophy 2023 (13-09-2023)<\/strong><br data-start=\"2858\" data-end=\"2861\" \/>Vinet har tilldelats denna prestigefyllda utm\u00e4rkelse. Erk\u00e4nnandet visar att det r\u00f6r sig om toppkvalitet och speglar v\u00e5r str\u00e4van att leverera exceptionella produkter.<\/p>\n<p data-start=\"3028\" data-end=\"3234\"><strong data-start=\"3028\" data-end=\"3066\">Singapore Awards 2023 (19-09-2023)<\/strong><br data-start=\"3066\" data-end=\"3069\" \/>Vinet har tilldelats denna prestigefyllda utm\u00e4rkelse. Erk\u00e4nnandet visar att det r\u00f6r sig om toppkvalitet och speglar v\u00e5r str\u00e4van att leverera exceptionella produkter.<\/p>\n<p data-start=\"3236\" data-end=\"3438\"><strong data-start=\"3236\" data-end=\"3270\">Japan Awards 2023 (19-09-2023)<\/strong><br data-start=\"3270\" data-end=\"3273\" \/>Vinet har tilldelats denna prestigefyllda utm\u00e4rkelse. Erk\u00e4nnandet visar att det r\u00f6r sig om toppkvalitet och speglar v\u00e5r str\u00e4van att leverera exceptionella produkter.<\/p>\n<hr data-start=\"3440\" data-end=\"3443\" \/>\n<h3 data-start=\"3445\" data-end=\"3474\">S\u00f6taktig och rik p\u00e5 frukt<\/h3>\n<p data-start=\"3476\" data-end=\"3669\">Diamond Hill Chardonnay, Australia, har en vacker djupt gul f\u00e4rg. Doften domineras av s\u00f6taktiga, mogna blommiga toner och gr\u00f6n frukt. Smaken \u00e4r fyllig och fyller munnen med smak av mogen frukt.<\/p>\n<p data-start=\"3671\" data-end=\"3775\">Vinet \u00e4r en utm\u00e4rkt f\u00f6ljeslagare till \u201callt gott fr\u00e5n havet\u201d, kalv, fj\u00e4derf\u00e4 samt milda och mjuka ostar.<\/p>\n<p data-start=\"3777\" data-end=\"3811\"><strong data-start=\"3777\" data-end=\"3802\">Serveringstemperatur:<\/strong> 10\u201312 \u00b0C<\/p>\n<hr data-start=\"3813\" data-end=\"3816\" \/>\n<h3 data-start=\"3818\" data-end=\"3835\">Framst\u00e4llning<\/h3>\n<p data-start=\"3837\" data-end=\"4137\">Druvorna mognar under det klara solskenet och \u00e4r fullt mogna vid sk\u00f6rden i februari. Efter sk\u00f6rd tidigt p\u00e5 morgonen transporteras de fortfarande svala klasarna till avstj\u00e4lkning och pressning. J\u00e4sningen sker vid l\u00e5g, kontrollerad temperatur f\u00f6r att bevara druvornas fr\u00e4scha frukt i det f\u00e4rdiga vinet.<\/p>\n<hr data-start=\"4139\" data-end=\"4142\" \/>\n<h3 data-start=\"4144\" data-end=\"4166\">CO\u2082 \u2013 milj\u00f6v\u00e4nligt<\/h3>\n<p data-start=\"4168\" data-end=\"4468\">Transport av vin i bulk fr\u00e5n ursprungslandet till buteljering i Danmark inneb\u00e4r en avsev\u00e4rt l\u00e4gre CO\u2082-belastning j\u00e4mf\u00f6rt med import av f\u00e4rdigbuteljerat vin. Med h\u00e4nsyn till detta l\u00e4gre klimatavtryck \u2013 samt kvalitetss\u00e4kring och ekonomiska f\u00f6rdelar \u2013 utg\u00f6r bulkvin en allt st\u00f6rre del av v\u00e5r verksamhet.<\/p>\n<hr data-start=\"4470\" data-end=\"4473\" \/>\n<h3 data-start=\"4475\" data-end=\"4493\">Om producenten<\/h3>\n<p data-start=\"4495\" data-end=\"4876\">Sedan millennieskiftet har Diamond Hill varit en garanti f\u00f6r kvalitetsvin. Id\u00e9skaparna bakom Diamond Hill ville visa att Australien kan leverera mycket mer \u00e4n bara Shiraz \u2013 den stora kontinenten rymmer faktiskt \u00f6ver 70 olika druvsorter. Diamond Hill valde att koncentrera sig p\u00e5 South Eastern Australia och att fokusera p\u00e5 fem olika viner fr\u00e5n noggrant utvalda ving\u00e5rdar i omr\u00e5det.<\/p>\n<p data-start=\"4878\" data-end=\"5196\">Med sina tv\u00e5 r\u00f6dviner, tv\u00e5 vitviner och ett ros\u00e9vin visar Diamond Hill p\u00e5 b\u00e4sta s\u00e4tt upp essensen och m\u00e5ngfalden i vinerna fr\u00e5n South Eastern Australia. Varje vin \u00e4r som en liten dyrbar sten, symboliserad av den v\u00e4lk\u00e4nda diamantformade logotypen. Genom \u00e5ren har Diamond Hill f\u00e5tt m\u00e5nga fina utm\u00e4rkelser f\u00f6r sina viner.<\/p>\n","protected":false},"excerpt":{"rendered":"<p>South Eastern Australia<\/p>\n","protected":false},"featured_media":107710,"template":"","meta":{"_acf_changed":false,"rs_blank_template":"","rs_page_bg_color":"","slide_template_v7":""},"product_brand":[],"product_cat":[2788,2792],"product_tag":[],"class_list":{"0":"post-107693","1":"product","2":"type-product","3":"status-publish","4":"has-post-thumbnail","6":"product_cat-vin-sv","7":"product_cat-vitt-vin","8":"pa_drue-chardonnay-sv","9":"pa_land-australien-sv","10":"pa_procent-13-sv","11":"pa_producent-taster-wine-sv","12":"pa_region-south-eastern-australia","13":"pa_serveringstemperatur-10-12-sv-2","14":"pa_volume-75-sv","16":"first","17":"instock","18":"taxable","19":"shipping-taxable","20":"purchasable","21":"product-type-simple"},"bundled_by":[],"bundle_stock_status":"instock","bundle_stock_quantity":null,"bundle_virtual":false,"bundle_layout":"","bundle_add_to_cart_form_location":"","bundle_editable_in_cart":false,"bundle_sold_individually_context":"","bundle_item_grouping":"","bundle_min_size":"","bundle_max_size":"","bundle_price":[],"bundled_items":[],"bundle_sell_ids":[],"acf":[],"_links":{"self":[{"href":"https:\/\/www.raschvin.com\/sv\/wp-json\/wp\/v2\/product\/107693","targetHints":{"allow":["GET"]}}],"collection":[{"href":"https:\/\/www.raschvin.com\/sv\/wp-json\/wp\/v2\/product"}],"about":[{"href":"https:\/\/www.raschvin.com\/sv\/wp-json\/wp\/v2\/types\/product"}],"wp:featuredmedia":[{"embeddable":true,"href":"https:\/\/www.raschvin.com\/sv\/wp-json\/wp\/v2\/media\/107710"}],"wp:attachment":[{"href":"https:\/\/www.raschvin.com\/sv\/wp-json\/wp\/v2\/media?parent=107693"}],"wp:term":[{"taxonomy":"product_brand","embeddable":true,"href":"https:\/\/www.raschvin.com\/sv\/wp-json\/wp\/v2\/product_brand?post=107693"},{"taxonomy":"product_cat","embeddable":true,"href":"https:\/\/www.raschvin.com\/sv\/wp-json\/wp\/v2\/product_cat?post=107693"},{"taxonomy":"product_tag","embeddable":true,"href":"https:\/\/www.raschvin.com\/sv\/wp-json\/wp\/v2\/product_tag?post=107693"}],"curies":[{"name":"wp","href":"https:\/\/api.w.org\/{rel}","templated":true}]}}