{"id":107689,"date":"2025-11-26T17:09:34","date_gmt":"2025-11-26T16:09:34","guid":{"rendered":"https:\/\/www.raschvin.com\/?post_type=product&#038;p=107689"},"modified":"2025-11-26T17:13:55","modified_gmt":"2025-11-26T16:13:55","slug":"diamond-hill-shiraz-merlot-75-cl-kopier","status":"publish","type":"product","link":"https:\/\/www.raschvin.com\/sv\/produkt\/diamond-hill-shiraz-merlot-75-cl-kopier\/","title":{"rendered":"Diamond Hill Cabernet Merlot 75 cl."},"content":{"rendered":"<p data-start=\"2670\" data-end=\"2733\">Vackert balanserat r\u00f6dvin med fin frukt och en aning torrhet.<\/p>\n<p data-start=\"2735\" data-end=\"2782\"><strong data-start=\"2735\" data-end=\"2751\">Passar till:<\/strong> lamm, n\u00f6tk\u00f6tt, kraftiga ostar.<\/p>\n<hr data-start=\"2784\" data-end=\"2787\" \/>\n<p data-start=\"2789\" data-end=\"2985\"><strong data-start=\"2789\" data-end=\"2823\">Japan Awards 2023 (19-09-2023)<\/strong><br data-start=\"2823\" data-end=\"2826\" \/>Vinet har tilldelats detta prestigefyllda pris. Utm\u00e4rkelsen visar att det r\u00f6r sig om toppkvalitet och speglar v\u00e5r str\u00e4van att leverera exceptionella produkter.<\/p>\n<p data-start=\"2987\" data-end=\"3187\"><strong data-start=\"2987\" data-end=\"3025\">Singapore Awards 2023 (19-09-2023)<\/strong><br data-start=\"3025\" data-end=\"3028\" \/>Vinet har tilldelats detta prestigefyllda pris. Utm\u00e4rkelsen visar att det r\u00f6r sig om toppkvalitet och speglar v\u00e5r str\u00e4van att leverera exceptionella produkter.<\/p>\n<p data-start=\"3189\" data-end=\"3414\"><strong data-start=\"3189\" data-end=\"3218\">Super Avisen (10-05-2018)<\/strong><br data-start=\"3218\" data-end=\"3221\" \/>Vi provade vinet till ost. Vinet lyfte ostens smak p\u00e5 ett riktigt bra s\u00e4tt. F\u00e4rgen \u00e4r djupt rubinr\u00f6d och st\u00e4mmer v\u00e4l \u00f6verens med vinets karakt\u00e4r. Eftersmaken \u00e4r h\u00e4rlig \u2013 behaglig och full\u00e4ndad.<\/p>\n<hr data-start=\"3416\" data-end=\"3419\" \/>\n<h3 data-start=\"3421\" data-end=\"3448\">Harmoniskt och fruktigt<\/h3>\n<p data-start=\"3450\" data-end=\"3706\">Diamond Hill Cabernet Sauvignon Merlot skimrar rubinr\u00f6tt i glaset. Doften bjuder p\u00e5 nyanser av svarta vinb\u00e4r och andra mogna skogsb\u00e4r. Smaken \u00e4r fint balanserad, med rik frukt och en liten ton av torrhet. Vinet har en h\u00e4rligt l\u00e5ng eftersmak fylld av frukt.<\/p>\n<p data-start=\"3708\" data-end=\"3742\"><strong data-start=\"3708\" data-end=\"3733\">Serveringstemperatur:<\/strong> 14\u201316 \u00b0C<\/p>\n<hr data-start=\"3744\" data-end=\"3747\" \/>\n<h3 data-start=\"3749\" data-end=\"3766\">Framst\u00e4llning<\/h3>\n<p data-start=\"3768\" data-end=\"4070\">Druvorna mognar under det klara solskenet och vid sk\u00f6rden i februari \u00e4r de fullt mogna. Efter sk\u00f6rd tidigt p\u00e5 morgonen transporteras de fortfarande svala klasarna till avstj\u00e4lkning och pressning. J\u00e4sningen sker vid l\u00e5g, kontrollerad temperatur f\u00f6r att bevara druvornas fruktrikedom i det f\u00e4rdiga vinet.<\/p>\n<hr data-start=\"4072\" data-end=\"4075\" \/>\n<h3 data-start=\"4077\" data-end=\"4099\">CO\u2082 \u2013 milj\u00f6v\u00e4nligt<\/h3>\n<p data-start=\"4101\" data-end=\"4404\">Transport av vin i bulk fr\u00e5n ursprungslandet f\u00f6r buteljering i Danmark inneb\u00e4r en avsev\u00e4rt l\u00e4gre CO\u2082-belastning j\u00e4mf\u00f6rt med att importera f\u00e4rdigbuteljerat vin. Med h\u00e4nsyn till detta l\u00e4gre klimatavtryck \u2013 samt kvalitetss\u00e4kring och ekonomiska f\u00f6rdelar \u2013 utg\u00f6r bulkvin en allt st\u00f6rre del av v\u00e5r verksamhet.<\/p>\n<hr data-start=\"4406\" data-end=\"4409\" \/>\n<h3 data-start=\"4411\" data-end=\"4429\">Om producenten<\/h3>\n<p data-start=\"4431\" data-end=\"4810\">Sedan millennieskiftet har Diamond Hill varit en garant f\u00f6r kvalitetsvin. Id\u00e9skaparna bakom Diamond Hill ville visa att Australien kan erbjuda mycket mer \u00e4n bara Shiraz \u2013 den stora kontinenten rymmer faktiskt \u00f6ver 70 olika druvsorter. Diamond Hill valde att koncentrera sig p\u00e5 South Eastern Australia och att fokusera p\u00e5 fem olika viner fr\u00e5n noggrant utvalda ving\u00e5rdar i omr\u00e5det.<\/p>\n<p data-start=\"4812\" data-end=\"5133\">Med sina tv\u00e5 r\u00f6dviner, tv\u00e5 vitviner och ett ros\u00e9vin demonstrerar Diamond Hill p\u00e5 b\u00e4sta s\u00e4tt essensen och m\u00e5ngfalden i vinerna fr\u00e5n South Eastern Australia. Varje vin \u00e4r som en liten dyrbar sten, symboliserad av den v\u00e4lk\u00e4nda diamantformade logotypen. Genom \u00e5ren har Diamond Hill f\u00e5tt m\u00e5nga fina utm\u00e4rkelser f\u00f6r sina viner.<\/p>\n","protected":false},"excerpt":{"rendered":"<p>South Eastern Australia<\/p>\n","protected":false},"featured_media":107704,"template":"","meta":{"_acf_changed":false,"rs_blank_template":"","rs_page_bg_color":"","slide_template_v7":""},"product_brand":[],"product_cat":[2788,2798],"product_tag":[],"class_list":{"0":"post-107689","1":"product","2":"type-product","3":"status-publish","4":"has-post-thumbnail","6":"product_cat-vin-sv","7":"product_cat-roedvin-sv","8":"pa_drue-cabernet-sv","9":"pa_drue-merlot-sv","10":"pa_land-australien-sv","11":"pa_procent-14-sv","12":"pa_producent-taster-wine-sv","13":"pa_region-south-eastern-australia","14":"pa_serveringstemperatur-14-16-sv","15":"pa_volume-75-sv","17":"first","18":"instock","19":"taxable","20":"shipping-taxable","21":"purchasable","22":"product-type-simple"},"bundled_by":[],"bundle_stock_status":"instock","bundle_stock_quantity":null,"bundle_virtual":false,"bundle_layout":"","bundle_add_to_cart_form_location":"","bundle_editable_in_cart":false,"bundle_sold_individually_context":"","bundle_item_grouping":"","bundle_min_size":"","bundle_max_size":"","bundle_price":[],"bundled_items":[],"bundle_sell_ids":[],"acf":[],"_links":{"self":[{"href":"https:\/\/www.raschvin.com\/sv\/wp-json\/wp\/v2\/product\/107689","targetHints":{"allow":["GET"]}}],"collection":[{"href":"https:\/\/www.raschvin.com\/sv\/wp-json\/wp\/v2\/product"}],"about":[{"href":"https:\/\/www.raschvin.com\/sv\/wp-json\/wp\/v2\/types\/product"}],"wp:featuredmedia":[{"embeddable":true,"href":"https:\/\/www.raschvin.com\/sv\/wp-json\/wp\/v2\/media\/107704"}],"wp:attachment":[{"href":"https:\/\/www.raschvin.com\/sv\/wp-json\/wp\/v2\/media?parent=107689"}],"wp:term":[{"taxonomy":"product_brand","embeddable":true,"href":"https:\/\/www.raschvin.com\/sv\/wp-json\/wp\/v2\/product_brand?post=107689"},{"taxonomy":"product_cat","embeddable":true,"href":"https:\/\/www.raschvin.com\/sv\/wp-json\/wp\/v2\/product_cat?post=107689"},{"taxonomy":"product_tag","embeddable":true,"href":"https:\/\/www.raschvin.com\/sv\/wp-json\/wp\/v2\/product_tag?post=107689"}],"curies":[{"name":"wp","href":"https:\/\/api.w.org\/{rel}","templated":true}]}}