{"id":107685,"date":"2025-11-26T17:05:21","date_gmt":"2025-11-26T16:05:21","guid":{"rendered":"https:\/\/www.raschvin.com\/produkt\/diamond-hill-shiraz-merlot-75-cl\/"},"modified":"2025-11-26T17:05:21","modified_gmt":"2025-11-26T16:05:21","slug":"diamond-hill-shiraz-merlot-75-cl","status":"publish","type":"product","link":"https:\/\/www.raschvin.com\/sv\/produkt\/diamond-hill-shiraz-merlot-75-cl\/","title":{"rendered":"Diamond Hill Shiraz Merlot 75 cl."},"content":{"rendered":"<p data-start=\"2700\" data-end=\"2749\">Ett kraftfullt r\u00f6dvin som smakar sol och v\u00e4rme.<\/p>\n<p data-start=\"2751\" data-end=\"2817\"><strong data-start=\"2751\" data-end=\"2767\">Passar till:<\/strong> kraftigt kryddade r\u00e4tter, milda ostar, r\u00f6tt k\u00f6tt.<\/p>\n<hr data-start=\"2819\" data-end=\"2822\" \/>\n<p data-start=\"2824\" data-end=\"3020\"><strong data-start=\"2824\" data-end=\"2858\">Japan Awards 2023 (19-09-2023)<\/strong><br data-start=\"2858\" data-end=\"2861\" \/>Vinet har tilldelats detta prestigefyllda pris. Utm\u00e4rkelsen visar att det r\u00f6r sig om toppkvalitet och speglar v\u00e5r str\u00e4van att leverera exceptionella produkter.<\/p>\n<p data-start=\"3022\" data-end=\"3222\"><strong data-start=\"3022\" data-end=\"3060\">Singapore Awards 2023 (19-09-2023)<\/strong><br data-start=\"3060\" data-end=\"3063\" \/>Vinet har tilldelats detta prestigefyllda pris. Utm\u00e4rkelsen visar att det r\u00f6r sig om toppkvalitet och speglar v\u00e5r str\u00e4van att leverera exceptionella produkter.<\/p>\n<p data-start=\"3224\" data-end=\"3410\"><strong data-start=\"3224\" data-end=\"3252\">Luca Maroni (25-05-2023)<\/strong><br data-start=\"3252\" data-end=\"3255\" \/>Vinet har f\u00e5tt detta fina omd\u00f6me. Erk\u00e4nnandet visar att det r\u00f6r sig om toppkvalitet och speglar v\u00e5r ambition att leverera verkligt exceptionella produkter.<\/p>\n<hr data-start=\"3412\" data-end=\"3415\" \/>\n<h3 data-start=\"3417\" data-end=\"3443\">Kraftfullt och fylligt<\/h3>\n<p data-start=\"3445\" data-end=\"3686\">Diamond Hill Shiraz Merlot har en vacker m\u00f6rkr\u00f6d f\u00e4rg med violetta skiftningar och en stor doft av mogna frukter. Smaken \u00e4r kraftfull, med kryddig fyllighet och mogna tanniner fr\u00e5n Shiraz-druvan, kombinerat med mjukhet och v\u00e4rme fr\u00e5n Merlot.<\/p>\n<p data-start=\"3688\" data-end=\"3776\">Vinet \u00e4r en utm\u00e4rkt f\u00f6ljeslagare till r\u00f6tt k\u00f6tt, kryddstarka r\u00e4tter, lamm, kalv och ost.<\/p>\n<p data-start=\"3778\" data-end=\"3812\"><strong data-start=\"3778\" data-end=\"3803\">Serveringstemperatur:<\/strong> 16\u201318 \u00b0C<\/p>\n<hr data-start=\"3814\" data-end=\"3817\" \/>\n<h3 data-start=\"3819\" data-end=\"3836\">Framst\u00e4llning<\/h3>\n<p data-start=\"3838\" data-end=\"4142\">Druvorna mognar under det klara solskenet och vid sk\u00f6rden i februari \u00e4r de fullt mogna. Efter plockning tidigt p\u00e5 morgonen transporteras de fortfarande svala klasarna till avstj\u00e4lkning och pressning. J\u00e4sningen sker vid l\u00e5g, kontrollerad temperatur f\u00f6r att bevara druvornas fruktighet i det f\u00e4rdiga vinet.<\/p>\n<hr data-start=\"4144\" data-end=\"4147\" \/>\n<h3 data-start=\"4149\" data-end=\"4171\">CO\u2082 \u2013 milj\u00f6v\u00e4nligt<\/h3>\n<p data-start=\"4173\" data-end=\"4475\">Transport av vin i bulk fr\u00e5n ursprungslandet till buteljering i Danmark inneb\u00e4r en avsev\u00e4rt l\u00e4gre CO\u2082-belastning j\u00e4mf\u00f6rt med import av f\u00e4rdigbuteljerat vin. Med h\u00e4nsyn till detta l\u00e4gre klimatavtryck \u2013 samt kvalitetss\u00e4kring och ekonomiska f\u00f6rdelar \u2013 blir bulkvin en allt viktigare del av v\u00e5r verksamhet.<\/p>\n<hr data-start=\"4477\" data-end=\"4480\" \/>\n<h3 data-start=\"4482\" data-end=\"4500\">Om producenten<\/h3>\n<p data-start=\"4502\" data-end=\"4879\">Sedan millennieskiftet har Diamond Hill varit en garanti f\u00f6r kvalitetsvin. Id\u00e9skaparna bakom Diamond Hill ville visa att Australien kan erbjuda mycket mer \u00e4n bara Shiraz \u2013 det enorma kontinenten rymmer faktiskt \u00f6ver 70 olika druvsorter. Diamond Hill valde att fokusera p\u00e5 South Eastern Australia och koncentrerar sig p\u00e5 fem noggrant utvalda viner fr\u00e5n utm\u00e4rkta l\u00e4gen i omr\u00e5det.<\/p>\n<p data-start=\"4881\" data-end=\"5202\">Med sina tv\u00e5 r\u00f6dviner, tv\u00e5 vitviner och ett ros\u00e9vin demonstrerar Diamond Hill p\u00e5 b\u00e4sta s\u00e4tt essensen och m\u00e5ngfalden i vinerna fr\u00e5n South Eastern Australia. Varje vin \u00e4r som en liten dyrbar sten, symboliserad av den v\u00e4lk\u00e4nda diamantformade logotypen. Genom \u00e5ren har Diamond Hill f\u00e5tt m\u00e5nga fina utm\u00e4rkelser f\u00f6r sina viner.<\/p>\n","protected":false},"excerpt":{"rendered":"<p>South Eastern Australia<\/p>\n","protected":false},"featured_media":107701,"template":"","meta":{"_acf_changed":false,"rs_blank_template":"","rs_page_bg_color":"","slide_template_v7":""},"product_brand":[],"product_cat":[2788,2798],"product_tag":[],"class_list":{"0":"post-107685","1":"product","2":"type-product","3":"status-publish","4":"has-post-thumbnail","6":"product_cat-vin-sv","7":"product_cat-roedvin-sv","8":"pa_drue-merlot-sv","9":"pa_drue-shiraz-sv","10":"pa_land-australien-sv","11":"pa_procent-13-5-sv","12":"pa_producent-taster-wine-sv","13":"pa_region-south-eastern-australia","14":"pa_serveringstemperatur-16-18-sv","15":"pa_volume-75-sv","17":"first","18":"instock","19":"taxable","20":"shipping-taxable","21":"purchasable","22":"product-type-simple"},"bundled_by":[],"bundle_stock_status":"instock","bundle_stock_quantity":null,"bundle_virtual":false,"bundle_layout":"","bundle_add_to_cart_form_location":"","bundle_editable_in_cart":false,"bundle_sold_individually_context":"","bundle_item_grouping":"","bundle_min_size":"","bundle_max_size":"","bundle_price":[],"bundled_items":[],"bundle_sell_ids":[],"acf":[],"_links":{"self":[{"href":"https:\/\/www.raschvin.com\/sv\/wp-json\/wp\/v2\/product\/107685","targetHints":{"allow":["GET"]}}],"collection":[{"href":"https:\/\/www.raschvin.com\/sv\/wp-json\/wp\/v2\/product"}],"about":[{"href":"https:\/\/www.raschvin.com\/sv\/wp-json\/wp\/v2\/types\/product"}],"wp:featuredmedia":[{"embeddable":true,"href":"https:\/\/www.raschvin.com\/sv\/wp-json\/wp\/v2\/media\/107701"}],"wp:attachment":[{"href":"https:\/\/www.raschvin.com\/sv\/wp-json\/wp\/v2\/media?parent=107685"}],"wp:term":[{"taxonomy":"product_brand","embeddable":true,"href":"https:\/\/www.raschvin.com\/sv\/wp-json\/wp\/v2\/product_brand?post=107685"},{"taxonomy":"product_cat","embeddable":true,"href":"https:\/\/www.raschvin.com\/sv\/wp-json\/wp\/v2\/product_cat?post=107685"},{"taxonomy":"product_tag","embeddable":true,"href":"https:\/\/www.raschvin.com\/sv\/wp-json\/wp\/v2\/product_tag?post=107685"}],"curies":[{"name":"wp","href":"https:\/\/api.w.org\/{rel}","templated":true}]}}