{"id":107566,"date":"2025-11-25T21:07:03","date_gmt":"2025-11-25T20:07:03","guid":{"rendered":"https:\/\/www.raschvin.com\/produkt\/mafi-rosso-il-grande-vino-2024-75-cl\/"},"modified":"2025-11-25T21:07:03","modified_gmt":"2025-11-25T20:07:03","slug":"mafi-rosso-il-grande-vino-2024-75-cl","status":"publish","type":"product","link":"https:\/\/www.raschvin.com\/sv\/produkt\/mafi-rosso-il-grande-vino-2024-75-cl\/","title":{"rendered":"MAFI ROSSO Il Grande Vino 2024 75 cl."},"content":{"rendered":"<p data-start=\"3374\" data-end=\"3554\"><strong data-start=\"3374\" data-end=\"3554\">Mafi-Rosso \u2013 en fullblodig italienare; harmonisk, fyllig och fruktig med rej\u00e4l kraft i uttrycket. Ett vin som, likt en \u00e4kta Don, samlar det b\u00e4sta av allt som Italien bjuder p\u00e5.<\/strong><\/p>\n<p data-start=\"3556\" data-end=\"3598\"><strong data-start=\"3556\" data-end=\"3572\">Passar till:<\/strong> grillat, pasta och pizza.<\/p>\n<hr data-start=\"3600\" data-end=\"3603\" \/>\n<h4 data-start=\"3605\" data-end=\"3653\">Fyllig och potent \u2013 som en \u00e4kta mafiaboss<\/h4>\n<p data-start=\"3655\" data-end=\"3864\">Mafi-Rosso \u2013 <em data-start=\"3668\" data-end=\"3684\">Il Grande Vino<\/em> har en djupt m\u00f6rkr\u00f6d f\u00e4rg och en intensiv doft med inbjudande b\u00e4raromer. Doften i sig kan f\u00e5 \u00e4ven det mest f\u00f6rsiktiga lamm att lita p\u00e5 en mafiaboss \u2013 v\u00e4nta bara tills du smakar.<\/p>\n<p data-start=\"3866\" data-end=\"4040\">I munnen \u00e4r vinet fylligt och gener\u00f6st, med massor av frukt och l\u00e4ckra kryddiga undertoner, elegant inb\u00e4ddade i toner fr\u00e5n delvis lagring p\u00e5 ek. Ett vin som passar varje Don.<\/p>\n<p data-start=\"4042\" data-end=\"4078\"><strong data-start=\"4042\" data-end=\"4067\">Serveringstemperatur:<\/strong> 16\u201318 \u00b0C<\/p>\n<hr data-start=\"4080\" data-end=\"4083\" \/>\n<h4 data-start=\"4085\" data-end=\"4103\">Framst\u00e4llning<\/h4>\n<p data-start=\"4105\" data-end=\"4453\">Mafi-Rosso <em data-start=\"4116\" data-end=\"4147\">Il Grande Vino Rosso d\u2019Italia<\/em> g\u00f6rs p\u00e5 druvor fr\u00e5n utvalda vindistrikt runt om i Italien, d\u00e4rav beteckningen <em data-start=\"4226\" data-end=\"4257\">\u201cMigliore Selezione d\u2019Italia\u201d<\/em>. Druvorna v\u00e4xer fr\u00e4mst i sand- och lerjord, d\u00e4r m\u00e5nga soltimmar ger h\u00e4rligt mogna druvor med mycket kraft. Resultatet \u00e4r ett vin med intensiv smak, fin komplexitet och relativt h\u00f6g alkoholhalt.<\/p>\n<p data-start=\"4455\" data-end=\"4808\">Druvorna sk\u00f6rdas varsamt under andra halvan av oktober. D\u00e4refter f\u00e5r druvskalen ligga i musten i fyra dagar vid 4 \u00b0C, innan j\u00e4sningen sker vid kontrollerad temperatur i 10\u201312 dagar. En del av vinet lagras i sex m\u00e5nader p\u00e5 ekfat, innan den slutliga blenden tappas p\u00e5 flaska och f\u00e5r sin karakt\u00e4ristiska etikett \u2013 en f\u00f6r varje medlem i Mafi-Rosso-familjen.<\/p>\n<hr data-start=\"4810\" data-end=\"4813\" \/>\n<h4 data-start=\"4815\" data-end=\"4856\">Producenten \u2013 \u201cfamiljen\u201d bakom vinet<\/h4>\n<p data-start=\"4858\" data-end=\"4992\">Vi bjuder stolt in dig att njuta syndikatets frukter med detta kraftfulla r\u00f6dvin och att l\u00e4ra k\u00e4nna medlemmarna i Mafi-Rosso-familjen:<\/p>\n<ul data-start=\"4994\" data-end=\"6033\">\n<li data-start=\"4994\" data-end=\"5142\">\n<p data-start=\"4996\" data-end=\"5142\"><strong data-start=\"4996\" data-end=\"5050\">Il Don \u2013 Capo di Capi (Gudfadern \u2013 Boss of Bosses)<\/strong><br data-start=\"5050\" data-end=\"5053\" \/>Ledare f\u00f6r alla familjer och den m\u00e4ktigaste av alla bossar.<br data-start=\"5114\" data-end=\"5117\" \/><em data-start=\"5119\" data-end=\"5140\">(1 av 18 etiketter)<\/em><\/p>\n<\/li>\n<li data-start=\"5144\" data-end=\"5286\">\n<p data-start=\"5146\" data-end=\"5286\"><strong data-start=\"5146\" data-end=\"5164\">CapoMandamento<\/strong><br data-start=\"5164\" data-end=\"5167\" \/>Boss\/Don f\u00f6r sin egen familj och h\u00f6gsta beslutande instans i alla fr\u00e5gor som r\u00f6r familjen.<br data-start=\"5259\" data-end=\"5262\" \/><em data-start=\"5264\" data-end=\"5284\">(1 av 9 etiketter)<\/em><\/p>\n<\/li>\n<li data-start=\"5288\" data-end=\"5413\">\n<p data-start=\"5290\" data-end=\"5413\"><strong data-start=\"5290\" data-end=\"5315\">SottoCapo (Underboss)<\/strong><br data-start=\"5315\" data-end=\"5318\" \/>Nummer tv\u00e5 i hierarkin, ansvarig f\u00f6r att s\u00e4kra familjens int\u00e4kter.<br data-start=\"5386\" data-end=\"5389\" \/><em data-start=\"5391\" data-end=\"5411\">(1 av 6 etiketter)<\/em><\/p>\n<\/li>\n<li data-start=\"5415\" data-end=\"5640\">\n<p data-start=\"5417\" data-end=\"5640\"><strong data-start=\"5417\" data-end=\"5444\">Consigliere (R\u00e5dgivare)<\/strong><br data-start=\"5444\" data-end=\"5447\" \/>Bossens n\u00e4rmaste r\u00e5dgivare och ansvarig f\u00f6r att \u00f6vervaka familjens aktiviteter. Han \u00e4r nummer tre i rang men normalt aldrig direkt involverad i sj\u00e4lva verksamheten.<br data-start=\"5613\" data-end=\"5616\" \/><em data-start=\"5618\" data-end=\"5638\">(1 av 6 etiketter)<\/em><\/p>\n<\/li>\n<li data-start=\"5642\" data-end=\"5853\">\n<p data-start=\"5644\" data-end=\"5853\"><strong data-start=\"5644\" data-end=\"5658\">CapoRegime<\/strong><br data-start=\"5658\" data-end=\"5661\" \/>Ledare f\u00f6r ett team av <em data-start=\"5686\" data-end=\"5695\">Soldati<\/em> och ansvarig f\u00f6r den dagliga aff\u00e4rsverksamheten. Rapporterar direkt till underbossen och utf\u00f6r familjens uppdrag p\u00e5 dennes v\u00e4gnar.<br data-start=\"5826\" data-end=\"5829\" \/><em data-start=\"5831\" data-end=\"5851\">(2 av 9 etiketter)<\/em><\/p>\n<\/li>\n<li data-start=\"5855\" data-end=\"6033\">\n<p data-start=\"5857\" data-end=\"6033\"><strong data-start=\"5857\" data-end=\"5877\">Soldato (Soldat)<\/strong><br data-start=\"5877\" data-end=\"5880\" \/>En \u201cmade man\u201d som har svurit tystnadsplikt och bevisat sitt v\u00e4rde genom den yttersta handlingen f\u00f6r att tas upp i familjen.<br data-start=\"6005\" data-end=\"6008\" \/><em data-start=\"6010\" data-end=\"6031\">(5 av 18 etiketter)<\/em><\/p>\n<\/li>\n<\/ul>\n<p data-start=\"6035\" data-end=\"6332\">Med sina uppseendev\u00e4ckande, varierande etiketter representerar Mafi-Rosso allt det vi \u00e4lskar med Italien: fylligt, potent och storslaget \u2013 men samtidigt mjukt, fruktigt och harmoniskt. Ett vin som \u00e4r lika potent som en <em data-start=\"6254\" data-end=\"6263\">Soldato<\/em>, lika elegant som en <em data-start=\"6285\" data-end=\"6298\">Consigliere<\/em> och lika enast\u00e5ende som <em data-start=\"6323\" data-end=\"6331\">Il Don<\/em>.<\/p>\n<hr data-start=\"6334\" data-end=\"6337\" \/>\n<p data-start=\"6339\" data-end=\"6555\"><em data-start=\"6339\" data-end=\"6365\">Luca Maroni (21-10-2025)<\/em><br data-start=\"6365\" data-end=\"6368\" \/>Vinet har f\u00e5tt denna prestigefyllda recension av Luca Maroni. Erk\u00e4nnandet visar att det r\u00f6r sig om toppkvalitet och speglar v\u00e5r ambition att leverera vin p\u00e5 en verkligt exceptionell niv\u00e5.<\/p>\n","protected":false},"excerpt":{"rendered":"<p>Vino Rosso Italy<\/p>\n","protected":false},"featured_media":107571,"template":"","meta":{"_acf_changed":false,"rs_blank_template":"","rs_page_bg_color":"","slide_template_v7":""},"product_brand":[],"product_cat":[2788,2798],"product_tag":[],"class_list":{"0":"post-107566","1":"product","2":"type-product","3":"status-publish","4":"has-post-thumbnail","6":"product_cat-vin-sv","7":"product_cat-roedvin-sv","8":"pa_aargang-2024-sv","9":"pa_land-italien-sv","10":"pa_procent-14-5-sv","11":"pa_producent-mafi-rosso","12":"pa_serveringstemperatur-16-18-sv","13":"pa_volume-75-sv","15":"first","16":"instock","17":"taxable","18":"shipping-taxable","19":"purchasable","20":"product-type-simple"},"bundled_by":[],"bundle_stock_status":"instock","bundle_stock_quantity":null,"bundle_virtual":false,"bundle_layout":"","bundle_add_to_cart_form_location":"","bundle_editable_in_cart":false,"bundle_sold_individually_context":"","bundle_item_grouping":"","bundle_min_size":"","bundle_max_size":"","bundle_price":[],"bundled_items":[],"bundle_sell_ids":[],"acf":[],"_links":{"self":[{"href":"https:\/\/www.raschvin.com\/sv\/wp-json\/wp\/v2\/product\/107566","targetHints":{"allow":["GET"]}}],"collection":[{"href":"https:\/\/www.raschvin.com\/sv\/wp-json\/wp\/v2\/product"}],"about":[{"href":"https:\/\/www.raschvin.com\/sv\/wp-json\/wp\/v2\/types\/product"}],"wp:featuredmedia":[{"embeddable":true,"href":"https:\/\/www.raschvin.com\/sv\/wp-json\/wp\/v2\/media\/107571"}],"wp:attachment":[{"href":"https:\/\/www.raschvin.com\/sv\/wp-json\/wp\/v2\/media?parent=107566"}],"wp:term":[{"taxonomy":"product_brand","embeddable":true,"href":"https:\/\/www.raschvin.com\/sv\/wp-json\/wp\/v2\/product_brand?post=107566"},{"taxonomy":"product_cat","embeddable":true,"href":"https:\/\/www.raschvin.com\/sv\/wp-json\/wp\/v2\/product_cat?post=107566"},{"taxonomy":"product_tag","embeddable":true,"href":"https:\/\/www.raschvin.com\/sv\/wp-json\/wp\/v2\/product_tag?post=107566"}],"curies":[{"name":"wp","href":"https:\/\/api.w.org\/{rel}","templated":true}]}}