{"id":107181,"date":"2025-11-24T12:03:31","date_gmt":"2025-11-24T11:03:31","guid":{"rendered":"https:\/\/www.raschvin.com\/produkt\/paul-john-christmas-edition-2021-70-cl-46\/"},"modified":"2025-11-24T12:03:31","modified_gmt":"2025-11-24T11:03:31","slug":"paul-john-christmas-edition-2021-70-cl-46","status":"publish","type":"product","link":"https:\/\/www.raschvin.com\/sv\/produkt\/paul-john-christmas-edition-2021-70-cl-46\/","title":{"rendered":"Paul John \u2013 Christmas Edition 2021 70 cl. 46%"},"content":{"rendered":"<p data-start=\"175\" data-end=\"544\"><strong data-start=\"175\" data-end=\"211\">Paul John Christmas Edition 2021<\/strong> \u00e4r en indisk single malt fr\u00e5n Goa, buteljerad vid 46 %. Det \u00e4r den fj\u00e4rde julutg\u00e5van fr\u00e5n Paul John och den \u00e4r skapad f\u00f6r att k\u00e4nnas som en flytande juldessert i glaset. Whiskyn \u00e4r f\u00f6rst lagrad p\u00e5 ex-bourbonfat och d\u00e4refter finishlagrad p\u00e5 en blandning av port- och madeirafat, vilket ger massor av frukt, krydda och en l\u00e4tt r\u00f6kton.<\/p>\n<h3 data-start=\"546\" data-end=\"578\">Producent \u2013 Paul John, Goa<\/h3>\n<p data-start=\"579\" data-end=\"943\">Paul John \u00e4r ett av de mest omtalade destillerierna i \u201cnya v\u00e4rlden\u201d. Whiskyn g\u00f6rs p\u00e5 indisk sexradigt korn, destilleras i kopparpannor och lagras i tropiskt klimat i Goa, vilket p\u00e5skyndar mognaden och ger en oljig, fruktig stil. Till julutg\u00e5vorna plockar man s\u00e4rskilt ut fat med tydlig vin-\/dessertvinskarakt\u00e4r och ofta en l\u00e4tt peat, f\u00f6r att accentuera julk\u00e4nslan.<\/p>\n<h3 data-start=\"945\" data-end=\"955\">Doft<\/h3>\n<p data-start=\"956\" data-end=\"986\">Doften \u00e4r varm, s\u00f6t och julig:<\/p>\n<ul data-start=\"988\" data-end=\"1180\">\n<li data-start=\"988\" data-end=\"1017\">\n<p data-start=\"990\" data-end=\"1017\">karamell och butterscotch<\/p>\n<\/li>\n<li data-start=\"1018\" data-end=\"1062\">\n<p data-start=\"1020\" data-end=\"1062\">apelsinmarmelad och kanderat apelsinskal<\/p>\n<\/li>\n<li data-start=\"1063\" data-end=\"1095\">\n<p data-start=\"1065\" data-end=\"1095\">r\u00f6da b\u00e4r, plommon och russin<\/p>\n<\/li>\n<li data-start=\"1096\" data-end=\"1135\">\n<p data-start=\"1098\" data-end=\"1135\">en touch kokos, malt och m\u00f6rk sirap<\/p>\n<\/li>\n<li data-start=\"1136\" data-end=\"1180\">\n<p data-start=\"1138\" data-end=\"1180\">f\u00f6rsiktigt insvept i l\u00e4tt r\u00f6k och krydda<\/p>\n<\/li>\n<\/ul>\n<h3 data-start=\"1182\" data-end=\"1192\">Smak<\/h3>\n<p data-start=\"1193\" data-end=\"1252\">I munnen \u00e4r whiskyn kr\u00e4mig, medelfyllig och mycket smakrik:<\/p>\n<ul data-start=\"1254\" data-end=\"1534\">\n<li data-start=\"1254\" data-end=\"1305\">\n<p data-start=\"1256\" data-end=\"1305\">gr\u00e4ddig s\u00f6tma med kola, butterscotch och vanilj<\/p>\n<\/li>\n<li data-start=\"1306\" data-end=\"1354\">\n<p data-start=\"1308\" data-end=\"1354\">tropisk frukt, apelsin, r\u00f6da b\u00e4r och tranb\u00e4r<\/p>\n<\/li>\n<li data-start=\"1355\" data-end=\"1419\">\n<p data-start=\"1357\" data-end=\"1419\">kryddiga toner av kanel, ingef\u00e4ra, allkrydda och lite peppar<\/p>\n<\/li>\n<li data-start=\"1420\" data-end=\"1470\">\n<p data-start=\"1422\" data-end=\"1470\">l\u00e4tt r\u00f6k och maltig kornighet som ger struktur<\/p>\n<\/li>\n<li data-start=\"1471\" data-end=\"1534\">\n<p data-start=\"1473\" data-end=\"1534\">en k\u00e4nsla av julkaka\/fruitcake, med n\u00f6tter och brunt socker<\/p>\n<\/li>\n<\/ul>\n<h3 data-start=\"1536\" data-end=\"1563\">Eftersmak &amp; servering<\/h3>\n<p data-start=\"1564\" data-end=\"1606\">Eftersmaken \u00e4r l\u00e5ng, varm och kryddig med:<\/p>\n<ul data-start=\"1608\" data-end=\"1726\">\n<li data-start=\"1608\" data-end=\"1634\">\n<p data-start=\"1610\" data-end=\"1634\">kakao och mj\u00f6lkchoklad<\/p>\n<\/li>\n<li data-start=\"1635\" data-end=\"1672\">\n<p data-start=\"1637\" data-end=\"1672\">l\u00e4tt peat, kryddnejlika och kanel<\/p>\n<\/li>\n<li data-start=\"1673\" data-end=\"1726\">\n<p data-start=\"1675\" data-end=\"1726\">en kvarh\u00e4ngande fruktighet av b\u00e4r och apelsinskal<\/p>\n<\/li>\n<\/ul>\n<p data-start=\"1728\" data-end=\"1857\">Serveras med f\u00f6rdel rent i tulpanformat glas, g\u00e4rna som efter-maten-dram eller till julgodis, chokladdesserter och lagrade ostar.<\/p>\n","protected":false},"excerpt":{"rendered":"<p>Indian Single Malt Whisky<\/p>\n","protected":false},"featured_media":107263,"template":"","meta":{"_acf_changed":false,"rs_blank_template":"","rs_page_bg_color":"","slide_template_v7":""},"product_brand":[],"product_cat":[2387,4463,4651,2392],"product_tag":[],"class_list":{"0":"post-107181","1":"product","2":"type-product","3":"status-publish","4":"has-post-thumbnail","6":"product_cat-avec-sv","7":"product_cat-jul","8":"product_cat-single-malt-sv","9":"product_cat-whisky-sv","10":"pa_aargang-2021-sv","11":"pa_land-indien-sv","12":"pa_procent-46-sv","13":"pa_producent-john-distilleries-sv","14":"pa_region-goa-sv","15":"pa_volume-70-sv-2","17":"first","18":"instock","19":"sale","20":"taxable","21":"shipping-taxable","22":"purchasable","23":"product-type-simple"},"bundled_by":[],"bundle_stock_status":"instock","bundle_stock_quantity":null,"bundle_virtual":false,"bundle_layout":"","bundle_add_to_cart_form_location":"","bundle_editable_in_cart":false,"bundle_sold_individually_context":"","bundle_item_grouping":"","bundle_min_size":"","bundle_max_size":"","bundle_price":[],"bundled_items":[],"bundle_sell_ids":[],"acf":[],"_links":{"self":[{"href":"https:\/\/www.raschvin.com\/sv\/wp-json\/wp\/v2\/product\/107181","targetHints":{"allow":["GET"]}}],"collection":[{"href":"https:\/\/www.raschvin.com\/sv\/wp-json\/wp\/v2\/product"}],"about":[{"href":"https:\/\/www.raschvin.com\/sv\/wp-json\/wp\/v2\/types\/product"}],"wp:featuredmedia":[{"embeddable":true,"href":"https:\/\/www.raschvin.com\/sv\/wp-json\/wp\/v2\/media\/107263"}],"wp:attachment":[{"href":"https:\/\/www.raschvin.com\/sv\/wp-json\/wp\/v2\/media?parent=107181"}],"wp:term":[{"taxonomy":"product_brand","embeddable":true,"href":"https:\/\/www.raschvin.com\/sv\/wp-json\/wp\/v2\/product_brand?post=107181"},{"taxonomy":"product_cat","embeddable":true,"href":"https:\/\/www.raschvin.com\/sv\/wp-json\/wp\/v2\/product_cat?post=107181"},{"taxonomy":"product_tag","embeddable":true,"href":"https:\/\/www.raschvin.com\/sv\/wp-json\/wp\/v2\/product_tag?post=107181"}],"curies":[{"name":"wp","href":"https:\/\/api.w.org\/{rel}","templated":true}]}}