{"id":107147,"date":"2025-11-24T09:25:25","date_gmt":"2025-11-24T08:25:25","guid":{"rendered":"https:\/\/www.raschvin.com\/?post_type=product&#038;p=107147"},"modified":"2025-11-24T09:33:36","modified_gmt":"2025-11-24T08:33:36","slug":"hendricks-5-cl-414-kopier","status":"publish","type":"product","link":"https:\/\/www.raschvin.com\/sv\/produkt\/hendricks-5-cl-414-kopier\/","title":{"rendered":"Hendrick\u2019s Gin 3 cl. (Tasting Sample) 41,4%"},"content":{"rendered":"<p>Hendrick&#8217;s \u00e4r ett namn synonymt med gins \u00e5terupplivade f\u00f6rm\u00f6genheter i allm\u00e4nhet. Den \u00e4r helt olik allt annat som erbjuds, med en distinkt v\u00e4lsmakande, doftande profil rik p\u00e5 gurka och rosenblad. Servera denna 5cl portion med en kvalitetstonic och garnera den med en skiva gurka.<\/p>\n<p>Hendricks Gin tillverkas p\u00e5 traditionellt s\u00e4tt med hj\u00e4lp av enb\u00e4r och koriander. Det speciella med den \u00e4r att \u00e4ven gurka och rosenblad tills\u00e4tts vilket ger denna gin en h\u00e4rlig mild och fr\u00e4sch smak. Det \u00e4r s\u00e5klart gott med gin och tonic.<br \/>\nF\u00f6rslag:<br \/>\nGin och tonic med en twist.<br \/>\n\u2013 Hendricks gin<br \/>\n\u2013 Indiskt tonicvatten<br \/>\n\u2013 Gurkskivor<br \/>\n&#8211; M\u00f6jligen. gurkajuice.<br \/>\nH\u00e4ll upp gin i ett h\u00f6gt glas med isbitar och fyll p\u00e5 med tonic.<br \/>\nR\u00f6r om och garnera med finskurna gurkskivor<br \/>\nDet kan finnas tills\u00e4tt 1 cl pressad gurkjuice f\u00f6r att framh\u00e4va gurksmaken.<\/p>\n","protected":false},"excerpt":{"rendered":"<p>Premium Botanical Gin<\/p>\n","protected":false},"featured_media":103468,"template":"","meta":{"_acf_changed":false,"rs_blank_template":"","rs_page_bg_color":"","slide_template_v7":""},"product_brand":[],"product_cat":[8830,8625],"product_tag":[],"class_list":{"0":"post-107147","1":"product","2":"type-product","3":"status-publish","4":"has-post-thumbnail","6":"product_cat-gin-smakprove","7":"product_cat-samples-sv","8":"pa_land-skottland","9":"pa_procent-41-4-sv","10":"pa_producent-girvan-distillery-sv","11":"pa_volume-3-sv","13":"first","14":"instock","15":"taxable","16":"shipping-taxable","17":"purchasable","18":"product-type-simple"},"bundled_by":[],"bundle_stock_status":"instock","bundle_stock_quantity":null,"bundle_virtual":false,"bundle_layout":"","bundle_add_to_cart_form_location":"","bundle_editable_in_cart":false,"bundle_sold_individually_context":"","bundle_item_grouping":"","bundle_min_size":"","bundle_max_size":"","bundle_price":[],"bundled_items":[],"bundle_sell_ids":[],"acf":[],"_links":{"self":[{"href":"https:\/\/www.raschvin.com\/sv\/wp-json\/wp\/v2\/product\/107147","targetHints":{"allow":["GET"]}}],"collection":[{"href":"https:\/\/www.raschvin.com\/sv\/wp-json\/wp\/v2\/product"}],"about":[{"href":"https:\/\/www.raschvin.com\/sv\/wp-json\/wp\/v2\/types\/product"}],"wp:featuredmedia":[{"embeddable":true,"href":"https:\/\/www.raschvin.com\/sv\/wp-json\/wp\/v2\/media\/103468"}],"wp:attachment":[{"href":"https:\/\/www.raschvin.com\/sv\/wp-json\/wp\/v2\/media?parent=107147"}],"wp:term":[{"taxonomy":"product_brand","embeddable":true,"href":"https:\/\/www.raschvin.com\/sv\/wp-json\/wp\/v2\/product_brand?post=107147"},{"taxonomy":"product_cat","embeddable":true,"href":"https:\/\/www.raschvin.com\/sv\/wp-json\/wp\/v2\/product_cat?post=107147"},{"taxonomy":"product_tag","embeddable":true,"href":"https:\/\/www.raschvin.com\/sv\/wp-json\/wp\/v2\/product_tag?post=107147"}],"curies":[{"name":"wp","href":"https:\/\/api.w.org\/{rel}","templated":true}]}}