{"id":107132,"date":"2025-11-24T09:03:44","date_gmt":"2025-11-24T08:03:44","guid":{"rendered":"https:\/\/www.raschvin.com\/?post_type=product&#038;p=107132"},"modified":"2025-11-24T09:06:52","modified_gmt":"2025-11-24T08:06:52","slug":"springbank-18-years-70-cl-46-kopier","status":"publish","type":"product","link":"https:\/\/www.raschvin.com\/sv\/produkt\/springbank-18-years-70-cl-46-kopier\/","title":{"rendered":"Springbank 18 Years 3 cl. (Tasting Sample) 46%"},"content":{"rendered":"<p>H\u00f6stsl\u00e4pp 2023<\/p>\n<p>Springbank 18 Year Old \u00e4r en single malt whisky fr\u00e5n ett av Skottlands mest legendariska destillerier. P\u00e5 Springbank g\u00f6rs allt manuellt och &#8221;in house&#8221;, fr\u00e5n maltning av kornet till buteljering. Kvantiteterna \u00e4r ganska sm\u00e5, men \u00e5 andra sidan \u00e4r kvaliteten p\u00e5 topp och Springbank har en trogen skara whiskyfantaster, bl.a. p\u00e5 grund av fantastiska flaskor som denna 18-\u00e5riga whisky buteljerad med 46 % alkohol, utan tillsatt f\u00e4rg eller kylfiltrering.<\/p>\n<p>F\u00e4rg: Djupt b\u00e4rnsten.<br \/>\nDoft: S\u00f6t doft av russin, honung, l\u00f6nnsirap. Bakom finns den v\u00e4lk\u00e4nda Springbank-karakt\u00e4ren med r\u00f6k och torv och varv.<br \/>\nSmaknoter: L\u00e4tt r\u00f6k sv\u00e4var \u00f6ver hackade hasseln\u00f6tter och bl\u00e5b\u00e4rssylt.<\/p>\n<p>Serveringsf\u00f6rslag: B\u00f6r avnjutas snyggt.<\/p>\n<p>Hos Springbank produceras 3 distinkta typer av whisky, som skiljer sig \u00e5t p\u00e5 ett antal parametrar. Den klassiska Springbank har en l\u00e4tt torvr\u00f6k. R\u00f6kniv\u00e5n anges (n\u00e5got oprecist) med ett m\u00e5tt p\u00e5 fenol i det f\u00e4rdiga m\u00e4ltade kornet och \u00e4r cirka 10-15 &#8221;parts per million&#8221; (malten torkas i 6 timmar med torvr\u00f6k och 30 timmar med varmluft). Springbank destilleras ocks\u00e5 2,5 g\u00e5nger. &#8221;Longrow&#8221; &#8211; en starkt r\u00f6kt variant gjordes f\u00f6rsta g\u00e5ngen 1973. H\u00e4r \u00e4r r\u00f6ken uppe i 50-55 ppm, malten torkas i 48 timmar med torvr\u00f6k, och den destilleras tv\u00e5 g\u00e5nger. Den nyaste varianten, Hazelburn, s\u00e5g dagens ljus 1997 n\u00e4r de f\u00f6rsta g\u00e5ngen provade helt or\u00f6kt och trippeldestillerad whisky. Av de cirka 175 000 literna som det lilla Campbeltown-destilleriet producerar per \u00e5r \u00e4r 80 % Springbank, cirka 10 % Longrow och 10 % Hazelburn.<\/p>\n<p>Oavsett vilken variant du \u00e4r ute efter \u00e4r Springbank v\u00e4rt att l\u00e4ra k\u00e4nna. Det \u00e4r favoritdestilleriet f\u00f6r m\u00e5nga whiskyn\u00f6rdar och av goda sk\u00e4l! Som det enda destilleriet i Skottland maltar de sj\u00e4lva allt korn de beh\u00f6ver. F\u00e4rg tills\u00e4tts aldrig och whiskyn \u00e4r inte kylfiltrerad.<\/p>\n","protected":false},"excerpt":{"rendered":"<p>Campbeltown Single Malt Scotch Whisky<\/p>\n","protected":false},"featured_media":103462,"template":"","meta":{"_acf_changed":false,"rs_blank_template":"","rs_page_bg_color":"","slide_template_v7":""},"product_brand":[],"product_cat":[8625,8822],"product_tag":[],"class_list":{"0":"post-107132","1":"product","2":"type-product","3":"status-publish","4":"has-post-thumbnail","6":"product_cat-samples-sv","7":"product_cat-whisky-smakprove","8":"pa_land-skottland","9":"pa_procent-46-sv","10":"pa_producent-springbank-sv","11":"pa_region-campbeltown-sv","12":"pa_volume-3-sv","14":"first","15":"instock","16":"taxable","17":"shipping-taxable","18":"purchasable","19":"product-type-simple"},"bundled_by":[],"bundle_stock_status":"instock","bundle_stock_quantity":0,"bundle_virtual":false,"bundle_layout":"","bundle_add_to_cart_form_location":"","bundle_editable_in_cart":false,"bundle_sold_individually_context":"","bundle_item_grouping":"","bundle_min_size":"","bundle_max_size":"","bundle_price":[],"bundled_items":[],"bundle_sell_ids":[],"acf":[],"_links":{"self":[{"href":"https:\/\/www.raschvin.com\/sv\/wp-json\/wp\/v2\/product\/107132","targetHints":{"allow":["GET"]}}],"collection":[{"href":"https:\/\/www.raschvin.com\/sv\/wp-json\/wp\/v2\/product"}],"about":[{"href":"https:\/\/www.raschvin.com\/sv\/wp-json\/wp\/v2\/types\/product"}],"wp:featuredmedia":[{"embeddable":true,"href":"https:\/\/www.raschvin.com\/sv\/wp-json\/wp\/v2\/media\/103462"}],"wp:attachment":[{"href":"https:\/\/www.raschvin.com\/sv\/wp-json\/wp\/v2\/media?parent=107132"}],"wp:term":[{"taxonomy":"product_brand","embeddable":true,"href":"https:\/\/www.raschvin.com\/sv\/wp-json\/wp\/v2\/product_brand?post=107132"},{"taxonomy":"product_cat","embeddable":true,"href":"https:\/\/www.raschvin.com\/sv\/wp-json\/wp\/v2\/product_cat?post=107132"},{"taxonomy":"product_tag","embeddable":true,"href":"https:\/\/www.raschvin.com\/sv\/wp-json\/wp\/v2\/product_tag?post=107132"}],"curies":[{"name":"wp","href":"https:\/\/api.w.org\/{rel}","templated":true}]}}