{"id":106859,"date":"2025-11-22T08:00:55","date_gmt":"2025-11-22T07:00:55","guid":{"rendered":"https:\/\/www.raschvin.com\/?post_type=product&#038;p=106859"},"modified":"2025-11-22T08:05:33","modified_gmt":"2025-11-22T07:05:33","slug":"2025-julekalender-portvin-mac-port-24x5-cl-1933-kopier","status":"publish","type":"product","link":"https:\/\/www.raschvin.com\/sv\/produkt\/2025-julekalender-portvin-mac-port-24x5-cl-1933-kopier\/","title":{"rendered":"2025 Portvinsjulekalender \u2013 VIN GAVEN Port 24\u00d75 cl. 19,33%"},"content":{"rendered":"<p data-start=\"606\" data-end=\"898\">Portvinsjulkalender 2025 inneh\u00e5ller 24 olika portviner om 5 cl vardera.<br data-start=\"691\" data-end=\"694\" \/>F\u00f6ljande stilar ing\u00e5r: White, Ros\u00e9, Ruby, Tawny, White Reserve, Ruby Reserve, Tawny Reserve, Lagrima r\u00f6d, LBV, Colheita fr\u00e5n 00-talet, 10-\u00e5rig White &amp; Tawny, 20-\u00e5rig, 30-\u00e5rig, 40-\u00e5rig samt Vintage 2023.<\/p>\n<p data-start=\"900\" data-end=\"944\">F\u00f6ljande producenter finns representerade:<\/p>\n<ul data-start=\"945\" data-end=\"1177\">\n<li data-start=\"945\" data-end=\"974\">\n<p data-start=\"947\" data-end=\"974\">8 varianter fr\u00e5n Martha\u2019s<\/p>\n<\/li>\n<li data-start=\"975\" data-end=\"1002\">\n<p data-start=\"977\" data-end=\"1002\">5 varianter fr\u00e5n Borges<\/p>\n<\/li>\n<li data-start=\"1003\" data-end=\"1032\">\n<p data-start=\"1005\" data-end=\"1032\">2 varianter fr\u00e5n Taylor\u2019s<\/p>\n<\/li>\n<li data-start=\"1033\" data-end=\"1059\">\n<p data-start=\"1035\" data-end=\"1059\">2 varianter fr\u00e5n Rozes<\/p>\n<\/li>\n<li data-start=\"1060\" data-end=\"1086\">\n<p data-start=\"1062\" data-end=\"1086\">3 varianter fr\u00e5n Dalva<\/p>\n<\/li>\n<li data-start=\"1087\" data-end=\"1120\">\n<p data-start=\"1089\" data-end=\"1120\">2 varianter fr\u00e5n Vista Alegre<\/p>\n<\/li>\n<li data-start=\"1121\" data-end=\"1154\">\n<p data-start=\"1123\" data-end=\"1154\">1 variant fr\u00e5n Quinta do Pego<\/p>\n<\/li>\n<li data-start=\"1155\" data-end=\"1177\">\n<p data-start=\"1157\" data-end=\"1177\">1 variant fr\u00e5n Dow\u2019s<\/p>\n<\/li>\n<\/ul>\n","protected":false},"excerpt":{"rendered":"<p>Premium Port Wine Giftpack-Calender<\/p>\n","protected":false},"featured_media":106862,"template":"","meta":{"_acf_changed":false,"rs_blank_template":"","rs_page_bg_color":"","slide_template_v7":""},"product_brand":[],"product_cat":[2754,2753,4463,4465,2758],"product_tag":[],"class_list":{"0":"post-106859","1":"product","2":"type-product","3":"status-publish","4":"has-post-thumbnail","6":"product_cat-foeretagspresenter","7":"product_cat-gaavor","8":"product_cat-jul","9":"product_cat-julkalender","10":"product_cat-provsmakning-set","11":"pa_aargang-2025-sv","12":"pa_land-portugal-sv","13":"pa_procent-19-33-sv","14":"pa_producent-vingaven","15":"pa_region-douro-sv","16":"pa_volume-120-sv","18":"first","19":"instock","20":"sale","21":"taxable","22":"shipping-taxable","23":"purchasable","24":"product-type-simple"},"bundled_by":[],"bundle_stock_status":"instock","bundle_stock_quantity":null,"bundle_virtual":false,"bundle_layout":"","bundle_add_to_cart_form_location":"","bundle_editable_in_cart":false,"bundle_sold_individually_context":"","bundle_item_grouping":"","bundle_min_size":"","bundle_max_size":"","bundle_price":[],"bundled_items":[],"bundle_sell_ids":[],"acf":[],"_links":{"self":[{"href":"https:\/\/www.raschvin.com\/sv\/wp-json\/wp\/v2\/product\/106859","targetHints":{"allow":["GET"]}}],"collection":[{"href":"https:\/\/www.raschvin.com\/sv\/wp-json\/wp\/v2\/product"}],"about":[{"href":"https:\/\/www.raschvin.com\/sv\/wp-json\/wp\/v2\/types\/product"}],"wp:featuredmedia":[{"embeddable":true,"href":"https:\/\/www.raschvin.com\/sv\/wp-json\/wp\/v2\/media\/106862"}],"wp:attachment":[{"href":"https:\/\/www.raschvin.com\/sv\/wp-json\/wp\/v2\/media?parent=106859"}],"wp:term":[{"taxonomy":"product_brand","embeddable":true,"href":"https:\/\/www.raschvin.com\/sv\/wp-json\/wp\/v2\/product_brand?post=106859"},{"taxonomy":"product_cat","embeddable":true,"href":"https:\/\/www.raschvin.com\/sv\/wp-json\/wp\/v2\/product_cat?post=106859"},{"taxonomy":"product_tag","embeddable":true,"href":"https:\/\/www.raschvin.com\/sv\/wp-json\/wp\/v2\/product_tag?post=106859"}],"curies":[{"name":"wp","href":"https:\/\/api.w.org\/{rel}","templated":true}]}}