{"id":106855,"date":"2025-11-22T07:44:37","date_gmt":"2025-11-22T06:44:37","guid":{"rendered":"https:\/\/www.raschvin.com\/?post_type=product&#038;p=106855"},"modified":"2025-11-22T07:47:56","modified_gmt":"2025-11-22T06:47:56","slug":"teeling-whiskey-single-malt-70-cl-46-kopier","status":"publish","type":"product","link":"https:\/\/www.raschvin.com\/sv\/produkt\/teeling-whiskey-single-malt-70-cl-46-kopier\/","title":{"rendered":"Teeling Whiskey &#8211; Single Malt 3 cl. (Tasting Sample) 46%"},"content":{"rendered":"<p>Teeling Single Malt \u00e4r en irl\u00e4ndsk whisky med en speciell lagringshistoria. Den inneh\u00e5ller whisky med olika \u00e5ldrar (inklusive n\u00e5got fr\u00e5n 1991!) Och lagringen sker i ett imponerande antal olika blekna, som har inneburit ett brett utbud av v\u00e4rldsvin: R\u00f8dvinnon (Cabernet Sauvignon), Vitvin Tryck (fr\u00e5n Bourgogne), Sherry, Port Wine och Madeira. Otroligt nog, 2 + 2 ger mer \u00e4n 4 i det h\u00e4r fallet &#8211; Teelings single malt \u00e4r en kraftf\u00f6rest\u00e4llning av rang som visar att whisky inte beh\u00f6ver vara mycket gammal f\u00f6r att vara mycket bra. Tappade till 46% alkohol utan kylfiltrering.<br \/>\nF\u00e4rg: Golden.<br \/>\nFragrance: Mycket livlig med anteckningar av melon, fikon, toffee och citron.<br \/>\nSmak Anm\u00e4rkningar: Balanserad blandning av kryddor, karamelll, vanilj och citrus.<\/p>\n<p>Serveringsf\u00f6rslag: b\u00f6r avnjutas ren.<\/p>\n<p>Familjen Teeling har tillverkat irl\u00e4ndsk whisky sedan 1782, d\u00e5 Walter Teeling \u00f6ppnade sitt whiskydestilleri p\u00e5 Marrowbone Lane i Dublin. Dublin har traditionellt sett varit hj\u00e4rtat i Irlands whiskyproduktion. Historien om Irlands whiskyproduktion \u00e4r otroligt sp\u00e4nnande och dramatisk och \u00e4r till stor del kopplad till landets relation till England, p\u00e5 gott och ont. Hela 37 destillerier hade r\u00f6k i sina skorstenar i b\u00f6rjan av 1900-talet, men ett efter ett st\u00e4ngde destillerierna och sedan 1976 har ingen whisky destillerats i Dublin \u2013 f\u00f6rr\u00e4n nu! Teeling Whisky Distillery \u00e4r det f\u00f6rsta ny\u00f6ppnade destilleriet i Dublin p\u00e5 \u00f6ver 125 \u00e5r och familjen Teeling ser det som sitt uppdrag att f\u00f6ra tillbaka konsten att destillera till hj\u00e4rtat av Dublin!<\/p>\n<p>Den smakrika whiskyn kommer fr\u00e5n 3 gl\u00e4nsande pot stills, som \u00e4r uppkallade efter Jack Teelings 3 d\u00f6ttrar. 25 % av produktionen \u00e4r till\u00e4gnad whisky av experimentell karakt\u00e4r, vilket g\u00f6r Teeling till ett av de mest sp\u00e4nnande destillerierna att h\u00e5lla ett \u00f6ga p\u00e5 i framtiden.<\/p>\n","protected":false},"excerpt":{"rendered":"<p>Single Malt Irish Whiskey<\/p>\n","protected":false},"featured_media":103462,"template":"","meta":{"_acf_changed":false,"rs_blank_template":"","rs_page_bg_color":"","slide_template_v7":""},"product_brand":[],"product_cat":[8625,8822],"product_tag":[],"class_list":{"0":"post-106855","1":"product","2":"type-product","3":"status-publish","4":"has-post-thumbnail","6":"product_cat-samples-sv","7":"product_cat-whisky-smakprove","8":"pa_land-irland-sv","9":"pa_procent-46-sv","10":"pa_producent-teeling-sv","11":"pa_region-dublin-sv","12":"pa_volume-3-sv","14":"first","15":"instock","16":"taxable","17":"shipping-taxable","18":"purchasable","19":"product-type-simple"},"bundled_by":[],"bundle_stock_status":"instock","bundle_stock_quantity":null,"bundle_virtual":false,"bundle_layout":"","bundle_add_to_cart_form_location":"","bundle_editable_in_cart":false,"bundle_sold_individually_context":"","bundle_item_grouping":"","bundle_min_size":"","bundle_max_size":"","bundle_price":[],"bundled_items":[],"bundle_sell_ids":[],"acf":[],"_links":{"self":[{"href":"https:\/\/www.raschvin.com\/sv\/wp-json\/wp\/v2\/product\/106855","targetHints":{"allow":["GET"]}}],"collection":[{"href":"https:\/\/www.raschvin.com\/sv\/wp-json\/wp\/v2\/product"}],"about":[{"href":"https:\/\/www.raschvin.com\/sv\/wp-json\/wp\/v2\/types\/product"}],"wp:featuredmedia":[{"embeddable":true,"href":"https:\/\/www.raschvin.com\/sv\/wp-json\/wp\/v2\/media\/103462"}],"wp:attachment":[{"href":"https:\/\/www.raschvin.com\/sv\/wp-json\/wp\/v2\/media?parent=106855"}],"wp:term":[{"taxonomy":"product_brand","embeddable":true,"href":"https:\/\/www.raschvin.com\/sv\/wp-json\/wp\/v2\/product_brand?post=106855"},{"taxonomy":"product_cat","embeddable":true,"href":"https:\/\/www.raschvin.com\/sv\/wp-json\/wp\/v2\/product_cat?post=106855"},{"taxonomy":"product_tag","embeddable":true,"href":"https:\/\/www.raschvin.com\/sv\/wp-json\/wp\/v2\/product_tag?post=106855"}],"curies":[{"name":"wp","href":"https:\/\/api.w.org\/{rel}","templated":true}]}}