{"id":106852,"date":"2025-11-22T07:40:07","date_gmt":"2025-11-22T06:40:07","guid":{"rendered":"https:\/\/www.raschvin.com\/?post_type=product&#038;p=106852"},"modified":"2025-11-22T07:43:20","modified_gmt":"2025-11-22T06:43:20","slug":"louis-jadot-marc-de-bourgogne-a-la-mascotte-70-cl-40-kopier","status":"publish","type":"product","link":"https:\/\/www.raschvin.com\/sv\/produkt\/louis-jadot-marc-de-bourgogne-a-la-mascotte-70-cl-40-kopier\/","title":{"rendered":"Louis Jadot &#8211; Marc de Bourgogne A la Mascotte 3 cl. (Tasting Sample) 40%"},"content":{"rendered":"<p>Denna Marc \u00e4r gjord p\u00e5 druvor b\u00e5de fr\u00e5n C\u00f4te de Beaune och fr\u00e5n C\u00f4te de Nuits, med b\u00e5de Chardonnay- och Pinot Noir-druvor, \u00e5terigen fr\u00e5n b\u00e5de Premier Cru och Grand Cru ving\u00e5rdar. Det \u00e4r en Marc utan \u00e5rg\u00e5ngsbeteckning och faktiskt en blandning, inte bara av olika druvsorter utan \u00e4ven av olika \u00e5rg\u00e5ngar, med druvor fr\u00e5n \u00e5rg\u00e5ngar som \u00e4r mellan 5 och 30 \u00e5r gamla. Lagringen sker p\u00e5 ekfat av varierande \u00e5lder. I faten sker en l\u00e5ngsam avdunstning som ger Marcen fina, mjuka toner av karamell och eleganta tanniner fr\u00e5n faten. Perfekt som avslutning p\u00e5 en h\u00e4rlig kv\u00e4llsm\u00e5ltid och passar utm\u00e4rkt till exempelvis \u00e4ppelpaj eller ost.<\/p>\n<p>Maison Louis Jadot<br \/>\nLouis Jadot tillh\u00f6r en av Bourgognes mest historiska och prestigefyllda vinproducenter f\u00f6r b\u00e5de vita och r\u00f6da viner. Louis Henri Denis Jadot kom till Beaune fr\u00e5n Belgien i slutet av 1700-talet och k\u00f6pte flera ving\u00e5rdar, inklusive den legendariska monopol-ving\u00e5rden \u201dBeaune 1er Cru Clos des Ursules,\u201d som \u00e4n idag \u00e4r ett av husets signaturviner. Maison Louis Jadot grundades 1859. Vinhuset \u00e4ger totalt 150 hektar ving\u00e5rdar, varav 70 hektar ligger i C\u00f4te d\u2019Or. Idag misstar vissa Louis Jadot f\u00f6r att vara en n\u00e9gociant som k\u00f6per druvor fr\u00e5n lokala odlare, men upp till 70 % av vinerna kommer faktiskt fr\u00e5n husets egna ving\u00e5rdar. Att Louis Jadot idag \u00e4r en av de mest respekterade vinproducenterna i Bourgogne beror till stor del p\u00e5 de framst\u00e5ende och hyllade vinerna som skapats och profilerats av den legendariska och karismatiska vinmakaren Jacques Lardi\u00e8re sedan 1970. Han gick i pension 2012 och \u00f6verl\u00e4t ansvaret till Fr\u00e9d\u00e9ric Barnier, som med stor respekt f\u00f6r Lardi\u00e8res arbete har tagit \u00f6ver arvet och uppgiften. Att samtliga viner h\u00e5ller en extremt h\u00f6g niv\u00e5 har bland annat resulterat i att Louis Jadots viner finns representerade p\u00e5 19 av Frankrikes 27 trestj\u00e4rniga Michelin-restauranger.*<\/p>\n","protected":false},"excerpt":{"rendered":"<p>Marc de France<\/p>\n","protected":false},"featured_media":103462,"template":"","meta":{"_acf_changed":false,"rs_blank_template":"","rs_page_bg_color":"","slide_template_v7":""},"product_brand":[],"product_cat":[8857,8625],"product_tag":[],"class_list":{"0":"post-106852","1":"product","2":"type-product","3":"status-publish","4":"has-post-thumbnail","6":"product_cat-armagnac-marc-smakprove","7":"product_cat-samples-sv","8":"pa_drue-chardonnay-sv","9":"pa_drue-pinot-noir-sv","10":"pa_land-frankrike","11":"pa_procent-40-sv-2","12":"pa_producent-maison-louis-jadot-sv","13":"pa_region-bourgogne-sv","14":"pa_volume-3-sv","16":"first","17":"instock","18":"taxable","19":"shipping-taxable","20":"purchasable","21":"product-type-simple"},"bundled_by":[],"bundle_stock_status":"instock","bundle_stock_quantity":null,"bundle_virtual":false,"bundle_layout":"","bundle_add_to_cart_form_location":"","bundle_editable_in_cart":false,"bundle_sold_individually_context":"","bundle_item_grouping":"","bundle_min_size":"","bundle_max_size":"","bundle_price":[],"bundled_items":[],"bundle_sell_ids":[],"acf":[],"_links":{"self":[{"href":"https:\/\/www.raschvin.com\/sv\/wp-json\/wp\/v2\/product\/106852","targetHints":{"allow":["GET"]}}],"collection":[{"href":"https:\/\/www.raschvin.com\/sv\/wp-json\/wp\/v2\/product"}],"about":[{"href":"https:\/\/www.raschvin.com\/sv\/wp-json\/wp\/v2\/types\/product"}],"wp:featuredmedia":[{"embeddable":true,"href":"https:\/\/www.raschvin.com\/sv\/wp-json\/wp\/v2\/media\/103462"}],"wp:attachment":[{"href":"https:\/\/www.raschvin.com\/sv\/wp-json\/wp\/v2\/media?parent=106852"}],"wp:term":[{"taxonomy":"product_brand","embeddable":true,"href":"https:\/\/www.raschvin.com\/sv\/wp-json\/wp\/v2\/product_brand?post=106852"},{"taxonomy":"product_cat","embeddable":true,"href":"https:\/\/www.raschvin.com\/sv\/wp-json\/wp\/v2\/product_cat?post=106852"},{"taxonomy":"product_tag","embeddable":true,"href":"https:\/\/www.raschvin.com\/sv\/wp-json\/wp\/v2\/product_tag?post=106852"}],"curies":[{"name":"wp","href":"https:\/\/api.w.org\/{rel}","templated":true}]}}