{"id":106848,"date":"2025-11-22T07:27:10","date_gmt":"2025-11-22T06:27:10","guid":{"rendered":"https:\/\/www.raschvin.com\/?post_type=product&#038;p=106848"},"modified":"2025-11-22T07:29:47","modified_gmt":"2025-11-22T06:29:47","slug":"glitter-fisk-emerald-apple-lemon-70-cl-15-kopier","status":"publish","type":"product","link":"https:\/\/www.raschvin.com\/sv\/produkt\/glitter-fisk-emerald-apple-lemon-70-cl-15-kopier\/","title":{"rendered":"Glitter FISK Emerald &#8211; Apple &#038; Lemon 3 cl. (Tasting Sample) 15%"},"content":{"rendered":"<p>NYHET! GLITTER FISK EMERALD<\/p>\n<p>Nu lanseras uppf\u00f6ljaren till de glittriga lik\u00f6rsucc\u00e9erna Diamond, Gold och Ruby!<br \/>\nNya Glitter Fisk Emerald \u00e4r en skimrande lik\u00f6r med smak av gr\u00f6na syrliga \u00e4pplen och citron. F\u00f6rgyller dina drinkar, b\u00e5de till smak och utseende!<br \/>\nServeras v\u00e4l kyld och skakas innan servering f\u00f6r b\u00e4sta glittereffekt.<\/p>\n<p>Drinktips! Fyll ett glas med is, h\u00e4ll i 5 cl Glitter Fisk Emerald och toppa upp med fruktsoda. Garnera med en \u00e4ppelskiva och servera sedan dina g\u00e4ster en h\u00e4rligt glittrande smaragdgr\u00f6n drink.<\/p>\n","protected":false},"excerpt":{"rendered":"<p>Drink Mixer \u2013 Danish Liqueur<\/p>\n","protected":false},"featured_media":106121,"template":"","meta":{"_acf_changed":false,"rs_blank_template":"","rs_page_bg_color":"","slide_template_v7":""},"product_brand":[],"product_cat":[8818,8836,8625],"product_tag":[],"class_list":{"0":"post-106848","1":"product","2":"type-product","3":"status-publish","4":"has-post-thumbnail","6":"product_cat-likor-smakprove","7":"product_cat-shots-smakprove","8":"product_cat-samples-sv","9":"pa_land-danmark-sv","10":"pa_procent-15-sv","11":"pa_producent-united-drinks-a-s-sv","12":"pa_volume-3-sv","14":"first","15":"instock","16":"taxable","17":"shipping-taxable","18":"purchasable","19":"product-type-simple"},"bundled_by":[],"bundle_stock_status":"instock","bundle_stock_quantity":null,"bundle_virtual":false,"bundle_layout":"","bundle_add_to_cart_form_location":"","bundle_editable_in_cart":false,"bundle_sold_individually_context":"","bundle_item_grouping":"","bundle_min_size":"","bundle_max_size":"","bundle_price":[],"bundled_items":[],"bundle_sell_ids":[],"acf":[],"_links":{"self":[{"href":"https:\/\/www.raschvin.com\/sv\/wp-json\/wp\/v2\/product\/106848","targetHints":{"allow":["GET"]}}],"collection":[{"href":"https:\/\/www.raschvin.com\/sv\/wp-json\/wp\/v2\/product"}],"about":[{"href":"https:\/\/www.raschvin.com\/sv\/wp-json\/wp\/v2\/types\/product"}],"wp:featuredmedia":[{"embeddable":true,"href":"https:\/\/www.raschvin.com\/sv\/wp-json\/wp\/v2\/media\/106121"}],"wp:attachment":[{"href":"https:\/\/www.raschvin.com\/sv\/wp-json\/wp\/v2\/media?parent=106848"}],"wp:term":[{"taxonomy":"product_brand","embeddable":true,"href":"https:\/\/www.raschvin.com\/sv\/wp-json\/wp\/v2\/product_brand?post=106848"},{"taxonomy":"product_cat","embeddable":true,"href":"https:\/\/www.raschvin.com\/sv\/wp-json\/wp\/v2\/product_cat?post=106848"},{"taxonomy":"product_tag","embeddable":true,"href":"https:\/\/www.raschvin.com\/sv\/wp-json\/wp\/v2\/product_tag?post=106848"}],"curies":[{"name":"wp","href":"https:\/\/api.w.org\/{rel}","templated":true}]}}