{"id":106845,"date":"2025-11-22T07:23:19","date_gmt":"2025-11-22T06:23:19","guid":{"rendered":"https:\/\/www.raschvin.com\/?post_type=product&#038;p=106845"},"modified":"2025-11-22T07:26:32","modified_gmt":"2025-11-22T06:26:32","slug":"salty-fisk-salte-fisk-shot-70-cl-30-kopier","status":"publish","type":"product","link":"https:\/\/www.raschvin.com\/sv\/produkt\/salty-fisk-salte-fisk-shot-70-cl-30-kopier\/","title":{"rendered":"SALTY FISK &#8211; Salte Fisk Shot 3 cl. (Tasting Sample) 30%"},"content":{"rendered":"<p>SALTY FISK \u00e4r en smakrik 30% vodkashot som kombinerar s\u00f6t lakrits med en l\u00e4cker salt eftersmak. Avnjuts b\u00e4st kyld i snapsglas.<\/p>\n","protected":false},"excerpt":{"rendered":"<p>Danish Licorice Vodka Shot <\/p>\n","protected":false},"featured_media":106012,"template":"","meta":{"_acf_changed":false,"rs_blank_template":"","rs_page_bg_color":"","slide_template_v7":""},"product_brand":[],"product_cat":[8836,8625],"product_tag":[],"class_list":{"0":"post-106845","1":"product","2":"type-product","3":"status-publish","4":"has-post-thumbnail","6":"product_cat-shots-smakprove","7":"product_cat-samples-sv","8":"pa_land-danmark-sv","9":"pa_procent-30-sv","10":"pa_producent-united-drinks-a-s-sv","11":"pa_volume-3-sv","13":"first","14":"instock","15":"taxable","16":"shipping-taxable","17":"purchasable","18":"product-type-simple"},"bundled_by":[],"bundle_stock_status":"instock","bundle_stock_quantity":null,"bundle_virtual":false,"bundle_layout":"","bundle_add_to_cart_form_location":"","bundle_editable_in_cart":false,"bundle_sold_individually_context":"","bundle_item_grouping":"","bundle_min_size":"","bundle_max_size":"","bundle_price":[],"bundled_items":[],"bundle_sell_ids":[],"acf":[],"_links":{"self":[{"href":"https:\/\/www.raschvin.com\/sv\/wp-json\/wp\/v2\/product\/106845","targetHints":{"allow":["GET"]}}],"collection":[{"href":"https:\/\/www.raschvin.com\/sv\/wp-json\/wp\/v2\/product"}],"about":[{"href":"https:\/\/www.raschvin.com\/sv\/wp-json\/wp\/v2\/types\/product"}],"wp:featuredmedia":[{"embeddable":true,"href":"https:\/\/www.raschvin.com\/sv\/wp-json\/wp\/v2\/media\/106012"}],"wp:attachment":[{"href":"https:\/\/www.raschvin.com\/sv\/wp-json\/wp\/v2\/media?parent=106845"}],"wp:term":[{"taxonomy":"product_brand","embeddable":true,"href":"https:\/\/www.raschvin.com\/sv\/wp-json\/wp\/v2\/product_brand?post=106845"},{"taxonomy":"product_cat","embeddable":true,"href":"https:\/\/www.raschvin.com\/sv\/wp-json\/wp\/v2\/product_cat?post=106845"},{"taxonomy":"product_tag","embeddable":true,"href":"https:\/\/www.raschvin.com\/sv\/wp-json\/wp\/v2\/product_tag?post=106845"}],"curies":[{"name":"wp","href":"https:\/\/api.w.org\/{rel}","templated":true}]}}