{"id":106297,"date":"2025-11-18T14:01:40","date_gmt":"2025-11-18T13:01:40","guid":{"rendered":"https:\/\/www.raschvin.com\/?post_type=product&#038;p=106297"},"modified":"2025-11-18T14:04:57","modified_gmt":"2025-11-18T13:04:57","slug":"teeling-whiskey-single-grain-70-cl-46-kopier","status":"publish","type":"product","link":"https:\/\/www.raschvin.com\/sv\/produkt\/teeling-whiskey-single-grain-70-cl-46-kopier\/","title":{"rendered":"Teeling Whiskey &#8211; Single Grain 3 cl. (Tasting Sample) 46%"},"content":{"rendered":"<p>&#8221;Den h\u00e4r \u00e4r charmig och k\u00e4nns v\u00e4ldigt rund. Sl\u00e5 p\u00e5 n\u00e4san gyllene sirap med en h\u00e4rlig vaniljsvamp och syltk\u00e4rna. R\u00f6da frukter. Kr\u00e4mig. Med tiden blir det mycket b\u00e4ttre ocks\u00e5, bakade \u00e4pplen, kanelglits, havregryn, lite kladdig med en h\u00e4rlig sammetslen konsistens. Mycket trevlig verkligen.&#8221;<br \/>\nWorld Whisky Awards 2019 &#8211; B\u00e4sta irl\u00e4ndska spannm\u00e5l<\/p>\n<p>Teeling Single Grain \u00e4r en whisky fr\u00e5n en av de &#8221;up-and-coming&#8221; stj\u00e4rnorna p\u00e5 den internationella whiskyscenen. Denna Single Grain whisky \u00e4r destillerad fr\u00e5n 95 % majs och lagras sedan uteslutande p\u00e5 r\u00f6dvinsfat fr\u00e5n Napa Valley i Kalifornien (undrar om det \u00e4r Cab?). Den buteljeras med 46% alkohol, naturligtvis utan kylfiltrering.<\/p>\n<p>F\u00e4rg: Amber.<br \/>\nDoft: Sm\u00f6r, vanilj, vindruvor och r\u00f6da \u00e4pplen.<br \/>\nSmaknoter: S\u00f6t och charmig med toner av farinsocker, vispgr\u00e4dde och r\u00f6da b\u00e4r (tranb\u00e4r, k\u00f6rsb\u00e4r).<\/p>\n<p>Serveringsf\u00f6rslag: Kan avnjutas snyggt eller i cocktails.<\/p>\n<p>Familjen Teeling har tillverkat irl\u00e4ndsk whisky sedan 1782, d\u00e5 Walter Teeling \u00f6ppnade sitt whiskydestilleri p\u00e5 Marrowbone Lane i Dublin. Dublin har traditionellt sett varit hj\u00e4rtat i Irlands whiskyproduktion. Historien om Irlands whiskyproduktion \u00e4r otroligt sp\u00e4nnande och dramatisk och \u00e4r till stor del kopplad till landets relation till England, p\u00e5 gott och ont. Hela 37 destillerier hade r\u00f6k i sina skorstenar i b\u00f6rjan av 1900-talet, men ett efter ett st\u00e4ngde destillerierna och sedan 1976 har ingen whisky destillerats i Dublin \u2013 f\u00f6rr\u00e4n nu! Teeling Whisky Distillery \u00e4r det f\u00f6rsta ny\u00f6ppnade destilleriet i Dublin p\u00e5 \u00f6ver 125 \u00e5r och familjen Teeling ser det som sitt uppdrag att f\u00f6ra tillbaka konsten att destillera till hj\u00e4rtat av Dublin!<\/p>\n<p>Den smakrika whiskyn kommer fr\u00e5n 3 gl\u00e4nsande pot stills, som \u00e4r uppkallade efter Jack Teelings 3 d\u00f6ttrar. 25 % av produktionen \u00e4r till\u00e4gnad whisky av experimentell karakt\u00e4r, vilket g\u00f6r Teeling till ett av de mest sp\u00e4nnande destillerierna att h\u00e5lla ett \u00f6ga p\u00e5 i framtiden.<\/p>\n","protected":false},"excerpt":{"rendered":"<p>Non Chill Filtered Irish Whiskey<\/p>\n","protected":false},"featured_media":103462,"template":"","meta":{"_acf_changed":false,"rs_blank_template":"","rs_page_bg_color":"","slide_template_v7":""},"product_brand":[],"product_cat":[8625,8822],"product_tag":[],"class_list":{"0":"post-106297","1":"product","2":"type-product","3":"status-publish","4":"has-post-thumbnail","6":"product_cat-samples-sv","7":"product_cat-whisky-smakprove","8":"pa_land-irland-sv","9":"pa_procent-46-sv","10":"pa_producent-teeling-sv","11":"pa_region-dublin-sv","12":"pa_traefad-napa-valley-red-wine-sv","13":"pa_volume-3-sv","15":"first","16":"instock","17":"taxable","18":"shipping-taxable","19":"purchasable","20":"product-type-simple"},"bundled_by":[],"bundle_stock_status":"instock","bundle_stock_quantity":null,"bundle_virtual":false,"bundle_layout":"","bundle_add_to_cart_form_location":"","bundle_editable_in_cart":false,"bundle_sold_individually_context":"","bundle_item_grouping":"","bundle_min_size":"","bundle_max_size":"","bundle_price":[],"bundled_items":[],"bundle_sell_ids":[],"acf":[],"_links":{"self":[{"href":"https:\/\/www.raschvin.com\/sv\/wp-json\/wp\/v2\/product\/106297","targetHints":{"allow":["GET"]}}],"collection":[{"href":"https:\/\/www.raschvin.com\/sv\/wp-json\/wp\/v2\/product"}],"about":[{"href":"https:\/\/www.raschvin.com\/sv\/wp-json\/wp\/v2\/types\/product"}],"wp:featuredmedia":[{"embeddable":true,"href":"https:\/\/www.raschvin.com\/sv\/wp-json\/wp\/v2\/media\/103462"}],"wp:attachment":[{"href":"https:\/\/www.raschvin.com\/sv\/wp-json\/wp\/v2\/media?parent=106297"}],"wp:term":[{"taxonomy":"product_brand","embeddable":true,"href":"https:\/\/www.raschvin.com\/sv\/wp-json\/wp\/v2\/product_brand?post=106297"},{"taxonomy":"product_cat","embeddable":true,"href":"https:\/\/www.raschvin.com\/sv\/wp-json\/wp\/v2\/product_cat?post=106297"},{"taxonomy":"product_tag","embeddable":true,"href":"https:\/\/www.raschvin.com\/sv\/wp-json\/wp\/v2\/product_tag?post=106297"}],"curies":[{"name":"wp","href":"https:\/\/api.w.org\/{rel}","templated":true}]}}