{"id":106293,"date":"2025-11-18T13:57:38","date_gmt":"2025-11-18T12:57:38","guid":{"rendered":"https:\/\/www.raschvin.com\/?post_type=product&#038;p=106293"},"modified":"2025-11-18T14:00:14","modified_gmt":"2025-11-18T13:00:14","slug":"longrow-peated-70-cl-46-kopier","status":"publish","type":"product","link":"https:\/\/www.raschvin.com\/sv\/produkt\/longrow-peated-70-cl-46-kopier\/","title":{"rendered":"Longrow Peated 3 cl. (Tasting Sample) 46%"},"content":{"rendered":"<p>Denna Longrow peat kommer fr\u00e5n Springbank Distillery i Campbeltown. &#8221;Longrow&#8221; \u00e4r namnet de ger sin starkt r\u00f6kt maltwhisky, som st\u00e5r cirka 10% av produktionen p\u00e5 destilleriet. Den \u00e4r uppkallad efter den ursprungliga Longrow Distiller, som var aktiv i Campbeltown mellan 1824 och 1896. Malt torv till ca 55 ppm, vilket ger en distinkt r\u00f6k i whiskyen.<\/p>\n<p>F\u00e4rg: Ljus gyllene<br \/>\nFragrance: Stor doft av skorstenen, saltvatten och drivved.<br \/>\nSmak Anm\u00e4rkningar: Smaken forts\u00e4tter i mineral noteringar av saltade citroner, oliver, sm\u00f6r och passionfrukt.<br \/>\nServeringsf\u00f6rslag: b\u00f6r avnjutas ren, eventuellt. med en droppe vatten.<\/p>\n<p>P\u00e5 Springbank producerar 3 olika typer av whisky som skiljer sig p\u00e5 ett antal parametrar. Den klassiska v\u00e5rbanken har en l\u00e4tt torkning. R\u00f6kniv\u00e5n indikeras (n\u00e5got felaktigt) med en m\u00e4tning av fenol i den f\u00e4rdiga kornen och \u00e4r ca 10-15 &#8221;delar per mil&#8221; (maltet torkas 6 timmar med torkning och 30 timmar med varmluft). Springbanken destilleras ocks\u00e5 2,5 g\u00e5nger. &#8221;Longrow&#8221; &#8211; En starkt r\u00f6kt variant gjordes f\u00f6rst 1973. H\u00e4r \u00e4r r\u00f6ken upp till 50-55 ppm, maltet torkas 48 timmar med torrskott, och det destilleras tv\u00e5 g\u00e5nger. Den senaste varianten, hasselburn, s\u00e5 idag 1997 n\u00e4r du f\u00f6rst f\u00f6rs\u00f6kte med helt r\u00f6kgas och trippel destillerad whisky. Av de cirka 175.000 liter producerar den lilla Campbelown Distiller ett \u00e5r, 80% springbank, ca 10% Longrow och 10% Hazelburn.<\/p>\n<p>Oavsett variant du har h\u00e4ngt till, \u00e4r Springbank v\u00e4rt att bekanta sig med. Det \u00e4r m\u00e5nga whisky torktumlare favoritgrillar och det av goda sk\u00e4l! Som det enda destilleriet i Skottland, \u00e4r de \u00e4ven om den korn som de beh\u00f6ver. L\u00e4gg aldrig till f\u00e4rg, och whiskyen kyls inte filtrerad.<\/p>\n","protected":false},"excerpt":{"rendered":"<p>Peated Campbeltown Single Malt Scotch Whisky<\/p>\n","protected":false},"featured_media":103462,"template":"","meta":{"_acf_changed":false,"rs_blank_template":"","rs_page_bg_color":"","slide_template_v7":""},"product_brand":[],"product_cat":[8625,8822],"product_tag":[],"class_list":{"0":"post-106293","1":"product","2":"type-product","3":"status-publish","4":"has-post-thumbnail","6":"product_cat-samples-sv","7":"product_cat-whisky-smakprove","8":"pa_land-skottland","9":"pa_procent-46-sv","10":"pa_producent-springbank-sv","11":"pa_region-campbeltown-sv","12":"pa_volume-3-sv","14":"first","15":"instock","16":"taxable","17":"shipping-taxable","18":"purchasable","19":"product-type-simple"},"bundled_by":[],"bundle_stock_status":"instock","bundle_stock_quantity":null,"bundle_virtual":false,"bundle_layout":"","bundle_add_to_cart_form_location":"","bundle_editable_in_cart":false,"bundle_sold_individually_context":"","bundle_item_grouping":"","bundle_min_size":"","bundle_max_size":"","bundle_price":[],"bundled_items":[],"bundle_sell_ids":[],"acf":[],"_links":{"self":[{"href":"https:\/\/www.raschvin.com\/sv\/wp-json\/wp\/v2\/product\/106293","targetHints":{"allow":["GET"]}}],"collection":[{"href":"https:\/\/www.raschvin.com\/sv\/wp-json\/wp\/v2\/product"}],"about":[{"href":"https:\/\/www.raschvin.com\/sv\/wp-json\/wp\/v2\/types\/product"}],"wp:featuredmedia":[{"embeddable":true,"href":"https:\/\/www.raschvin.com\/sv\/wp-json\/wp\/v2\/media\/103462"}],"wp:attachment":[{"href":"https:\/\/www.raschvin.com\/sv\/wp-json\/wp\/v2\/media?parent=106293"}],"wp:term":[{"taxonomy":"product_brand","embeddable":true,"href":"https:\/\/www.raschvin.com\/sv\/wp-json\/wp\/v2\/product_brand?post=106293"},{"taxonomy":"product_cat","embeddable":true,"href":"https:\/\/www.raschvin.com\/sv\/wp-json\/wp\/v2\/product_cat?post=106293"},{"taxonomy":"product_tag","embeddable":true,"href":"https:\/\/www.raschvin.com\/sv\/wp-json\/wp\/v2\/product_tag?post=106293"}],"curies":[{"name":"wp","href":"https:\/\/api.w.org\/{rel}","templated":true}]}}