{"id":106290,"date":"2025-11-18T13:53:39","date_gmt":"2025-11-18T12:53:39","guid":{"rendered":"https:\/\/www.raschvin.com\/?post_type=product&#038;p=106290"},"modified":"2025-11-18T13:56:12","modified_gmt":"2025-11-18T12:56:12","slug":"verano-watermelon-gin-70-cl-40-kopier","status":"publish","type":"product","link":"https:\/\/www.raschvin.com\/sv\/produkt\/verano-watermelon-gin-70-cl-40-kopier\/","title":{"rendered":"Verano Watermelon Gin 3 cl. (Tasting Sample) 40%"},"content":{"rendered":"<p>Det finns f\u00e5 saker p\u00e5 denna jord \u2013 ja, i detta universum \u2013 som \u00e4r mer uppfriskande \u00e4n vattenmelon. Denna gin fr\u00e5n Verano kanaliserar dessa uppfriskande smaker eftersom den har destillerats med f\u00e4rsk spansk vattenmelon! Det \u00e4r ocks\u00e5 l\u00e4ckert m\u00e5ngsidigt \u2013 vi kan se att det passar riktigt bra med l\u00e4sk, tonic, Prosecco&#8230; Listan forts\u00e4tter!<\/p>\n<p>L\u00e4tt, uppfriskande vattenmelon, med lite pepp fr\u00e5n citroncitrus och tallenb\u00e4r.<\/p>\n<p>Verano Watermelon \u00e4r en fruktig rosa gin infunderad med ett handgjort destillat av f\u00e4rsk spansk vattenmelon. Den har en uts\u00f6kt delikat s\u00f6t smak och s\u00f6tman i vattenmelonen \u00e4r perfekt balanserad f\u00f6r att skapa en saftig och uppfriskande rosa gin.<\/p>\n<p>Njut blandat med lemonad f\u00f6r en s\u00f6t och fruktig l\u00e4tt gincocktail eller blandad med mousserande tonicvatten f\u00f6r en fruktig twist p\u00e5 den klassiska Gin and Tonic-serveringen.<\/p>\n","protected":false},"excerpt":{"rendered":"<p>Spanish Inspired Flavoured Gin<\/p>\n","protected":false},"featured_media":106006,"template":"","meta":{"_acf_changed":false,"rs_blank_template":"","rs_page_bg_color":"","slide_template_v7":""},"product_brand":[],"product_cat":[8830,8625],"product_tag":[],"class_list":{"0":"post-106290","1":"product","2":"type-product","3":"status-publish","4":"has-post-thumbnail","6":"product_cat-gin-smakprove","7":"product_cat-samples-sv","8":"pa_land-skottland","9":"pa_procent-40-sv-2","10":"pa_producent-william-grants-sons-sv","11":"pa_region-speyside-sv","12":"pa_volume-3-sv","14":"first","15":"instock","16":"taxable","17":"shipping-taxable","18":"purchasable","19":"product-type-simple"},"bundled_by":[],"bundle_stock_status":"instock","bundle_stock_quantity":null,"bundle_virtual":false,"bundle_layout":"","bundle_add_to_cart_form_location":"","bundle_editable_in_cart":false,"bundle_sold_individually_context":"","bundle_item_grouping":"","bundle_min_size":"","bundle_max_size":"","bundle_price":[],"bundled_items":[],"bundle_sell_ids":[],"acf":[],"_links":{"self":[{"href":"https:\/\/www.raschvin.com\/sv\/wp-json\/wp\/v2\/product\/106290","targetHints":{"allow":["GET"]}}],"collection":[{"href":"https:\/\/www.raschvin.com\/sv\/wp-json\/wp\/v2\/product"}],"about":[{"href":"https:\/\/www.raschvin.com\/sv\/wp-json\/wp\/v2\/types\/product"}],"wp:featuredmedia":[{"embeddable":true,"href":"https:\/\/www.raschvin.com\/sv\/wp-json\/wp\/v2\/media\/106006"}],"wp:attachment":[{"href":"https:\/\/www.raschvin.com\/sv\/wp-json\/wp\/v2\/media?parent=106290"}],"wp:term":[{"taxonomy":"product_brand","embeddable":true,"href":"https:\/\/www.raschvin.com\/sv\/wp-json\/wp\/v2\/product_brand?post=106290"},{"taxonomy":"product_cat","embeddable":true,"href":"https:\/\/www.raschvin.com\/sv\/wp-json\/wp\/v2\/product_cat?post=106290"},{"taxonomy":"product_tag","embeddable":true,"href":"https:\/\/www.raschvin.com\/sv\/wp-json\/wp\/v2\/product_tag?post=106290"}],"curies":[{"name":"wp","href":"https:\/\/api.w.org\/{rel}","templated":true}]}}