{"id":106281,"date":"2025-11-18T13:38:11","date_gmt":"2025-11-18T12:38:11","guid":{"rendered":"https:\/\/www.raschvin.com\/?post_type=product&#038;p=106281"},"modified":"2025-11-18T13:43:01","modified_gmt":"2025-11-18T12:43:01","slug":"kavalan-solist-amontillado-3-cl-tasting-sample-563-kopier","status":"publish","type":"product","link":"https:\/\/www.raschvin.com\/sv\/produkt\/kavalan-solist-amontillado-3-cl-tasting-sample-563-kopier\/","title":{"rendered":"Kavalan Selection Ex-Bourbon Cask (Juuls Cask) 3 cl. (Tasting Sample) 57,1%"},"content":{"rendered":"<p data-start=\"673\" data-end=\"1079\">Kavalan Juuls Cask \u00e4r en single cask-buteljering fr\u00e5n det taiwanesiska superdestilleriet Kavalan. Whiskyn har legat cirka 6 \u00e5r p\u00e5 ett bourbonfat i Taiwans tropiska v\u00e4rme och \u00e4r redan efter denna relativt korta lagring perfekt mogen. Den \u00e4r buteljerad vid fatstyrka (57,1 %) i samband med Juuls Vin og Spiritus 90-\u00e5rsjubileum. Endast 180 flaskor fr\u00e5n fat nummer B101124062A har n\u00e5tt Danmark.<\/p>\n<p data-start=\"1081\" data-end=\"1245\">F\u00e4rg: Djup b\u00e4rnsten<br data-start=\"1100\" data-end=\"1103\" \/>Doft: Vanilj, rostade mandlar, kondenserad mj\u00f6lk och lemon curd.<br data-start=\"1167\" data-end=\"1170\" \/>Smaknoter: Fyllig och oljig munk\u00e4nsla. Citrus, aprikosmarmelad och kokos.<\/p>\n<p data-start=\"1247\" data-end=\"1326\">Serveringsf\u00f6rslag: Avnjuts b\u00e4st ren, eventuellt med n\u00e5gra droppar svalt vatten.<\/p>\n","protected":false},"excerpt":{"rendered":"<p>Single Malt Whisky \u2013 Taiwan<\/p>\n","protected":false},"featured_media":103462,"template":"","meta":{"_acf_changed":false,"rs_blank_template":"","rs_page_bg_color":"","slide_template_v7":""},"product_brand":[],"product_cat":[8625,8822],"product_tag":[],"class_list":{"0":"post-106281","1":"product","2":"type-product","3":"status-publish","4":"has-post-thumbnail","6":"product_cat-samples-sv","7":"product_cat-whisky-smakprove","8":"pa_land-taiwan-sv","9":"pa_procent-57-1-sv","10":"pa_producent-king-car-distillery-sv","11":"pa_traefad-bourbon-sv","12":"pa_volume-3-sv","14":"first","15":"instock","16":"taxable","17":"shipping-taxable","18":"purchasable","19":"product-type-simple"},"bundled_by":[],"bundle_stock_status":"instock","bundle_stock_quantity":null,"bundle_virtual":false,"bundle_layout":"","bundle_add_to_cart_form_location":"","bundle_editable_in_cart":false,"bundle_sold_individually_context":"","bundle_item_grouping":"","bundle_min_size":"","bundle_max_size":"","bundle_price":[],"bundled_items":[],"bundle_sell_ids":[],"acf":[],"_links":{"self":[{"href":"https:\/\/www.raschvin.com\/sv\/wp-json\/wp\/v2\/product\/106281","targetHints":{"allow":["GET"]}}],"collection":[{"href":"https:\/\/www.raschvin.com\/sv\/wp-json\/wp\/v2\/product"}],"about":[{"href":"https:\/\/www.raschvin.com\/sv\/wp-json\/wp\/v2\/types\/product"}],"wp:featuredmedia":[{"embeddable":true,"href":"https:\/\/www.raschvin.com\/sv\/wp-json\/wp\/v2\/media\/103462"}],"wp:attachment":[{"href":"https:\/\/www.raschvin.com\/sv\/wp-json\/wp\/v2\/media?parent=106281"}],"wp:term":[{"taxonomy":"product_brand","embeddable":true,"href":"https:\/\/www.raschvin.com\/sv\/wp-json\/wp\/v2\/product_brand?post=106281"},{"taxonomy":"product_cat","embeddable":true,"href":"https:\/\/www.raschvin.com\/sv\/wp-json\/wp\/v2\/product_cat?post=106281"},{"taxonomy":"product_tag","embeddable":true,"href":"https:\/\/www.raschvin.com\/sv\/wp-json\/wp\/v2\/product_tag?post=106281"}],"curies":[{"name":"wp","href":"https:\/\/api.w.org\/{rel}","templated":true}]}}