{"id":106272,"date":"2025-11-18T13:28:30","date_gmt":"2025-11-18T12:28:30","guid":{"rendered":"https:\/\/www.raschvin.com\/?post_type=product&#038;p=106272"},"modified":"2025-11-18T13:31:09","modified_gmt":"2025-11-18T12:31:09","slug":"jose-cuervo-1800-reserva-anejo-70-cl-38-kopier","status":"publish","type":"product","link":"https:\/\/www.raschvin.com\/sv\/produkt\/jose-cuervo-1800-reserva-anejo-70-cl-38-kopier\/","title":{"rendered":"1800 Anejo Reserva Tequila 3 cl. (Tasting Sample) 38%"},"content":{"rendered":"<p>Reserva Anejo \u00e4r en uts\u00f6kt och kryddig tequila, som best\u00e5r av 100% bl\u00e5 agave, som har blivit plockade i sin absoluta prime, som kan vara allt fr\u00e5n 8 till 12 \u00e5r. A\u00f1ejo har lagrat i franska ekar i minst 14 m\u00e5nader, vilket resulterar i en kryddig och v\u00e4lbalanserad tequila med smaken av rostad ek, vanilj och kr\u00e4mkaramelll.<\/p>\n<p>En h\u00e4rlig lyxig tequila, som l\u00e4tt kan avnjutas exakt som det \u00e4r &#8211; faktiskt \u00e4r det f\u00f6rmodligen det mest uppenbara s\u00e4ttet att dricka det.<\/p>\n","protected":false},"excerpt":{"rendered":"<p>Tequila 100% Blue Agave<\/p>\n","protected":false},"featured_media":103462,"template":"","meta":{"_acf_changed":false,"rs_blank_template":"","rs_page_bg_color":"","slide_template_v7":""},"product_brand":[],"product_cat":[8625,8839],"product_tag":[],"class_list":{"0":"post-106272","1":"product","2":"type-product","3":"status-publish","4":"has-post-thumbnail","6":"product_cat-samples-sv","7":"product_cat-tequila-mescal-smakprove","8":"pa_land-mexiko","9":"pa_procent-38-sv","10":"pa_producent-jose-cuervo-tequila-sv","11":"pa_region-jalisco-sv","12":"pa_volume-3-sv","14":"first","15":"instock","16":"taxable","17":"shipping-taxable","18":"purchasable","19":"product-type-simple"},"bundled_by":[],"bundle_stock_status":"instock","bundle_stock_quantity":null,"bundle_virtual":false,"bundle_layout":"","bundle_add_to_cart_form_location":"","bundle_editable_in_cart":false,"bundle_sold_individually_context":"","bundle_item_grouping":"","bundle_min_size":"","bundle_max_size":"","bundle_price":[],"bundled_items":[],"bundle_sell_ids":[],"acf":[],"_links":{"self":[{"href":"https:\/\/www.raschvin.com\/sv\/wp-json\/wp\/v2\/product\/106272","targetHints":{"allow":["GET"]}}],"collection":[{"href":"https:\/\/www.raschvin.com\/sv\/wp-json\/wp\/v2\/product"}],"about":[{"href":"https:\/\/www.raschvin.com\/sv\/wp-json\/wp\/v2\/types\/product"}],"wp:featuredmedia":[{"embeddable":true,"href":"https:\/\/www.raschvin.com\/sv\/wp-json\/wp\/v2\/media\/103462"}],"wp:attachment":[{"href":"https:\/\/www.raschvin.com\/sv\/wp-json\/wp\/v2\/media?parent=106272"}],"wp:term":[{"taxonomy":"product_brand","embeddable":true,"href":"https:\/\/www.raschvin.com\/sv\/wp-json\/wp\/v2\/product_brand?post=106272"},{"taxonomy":"product_cat","embeddable":true,"href":"https:\/\/www.raschvin.com\/sv\/wp-json\/wp\/v2\/product_cat?post=106272"},{"taxonomy":"product_tag","embeddable":true,"href":"https:\/\/www.raschvin.com\/sv\/wp-json\/wp\/v2\/product_tag?post=106272"}],"curies":[{"name":"wp","href":"https:\/\/api.w.org\/{rel}","templated":true}]}}