{"id":106269,"date":"2025-11-18T13:24:24","date_gmt":"2025-11-18T12:24:24","guid":{"rendered":"https:\/\/www.raschvin.com\/?post_type=product&#038;p=106269"},"modified":"2025-11-18T13:27:43","modified_gmt":"2025-11-18T12:27:43","slug":"kavalan-distillery-select-no-2-70-cl-40-kopier","status":"publish","type":"product","link":"https:\/\/www.raschvin.com\/sv\/produkt\/kavalan-distillery-select-no-2-70-cl-40-kopier\/","title":{"rendered":"Kavalan Distillery Select NO.2 3 cl. (Tasting Sample) 40%"},"content":{"rendered":"<p>Denna sp\u00e4nnande nya whisky fr\u00e5n Taiwans popul\u00e4ra Kavalan Distillery \u00e4r den andra utg\u00e5van i deras extern niv\u00e5 destilleri V\u00e4lj serie. Det \u00e4r en s\u00f6t och l\u00e4tt kryddad whisky som ger anteckningar av Butterscotch, f\u00e4rskt sm\u00e4lt toast, vanilj och tips om svartpeppar och kanel. Detta levereras med en j\u00e4mnhet som bara kan skapas av v\u00e4lutbildade, kunniga destillerier, och de p\u00e5 Kavalan har nyligen visat att de \u00e4r bara det.<\/p>\n<p>Rik, r\u00f6kig och kryddad<br \/>\nArom: \u00c4ldre Starfruit, Melon, Kanel, Nutmean, K\u00f6rsb\u00e4r, Jasmin och Pound Cake<br \/>\nSmak: Samma som aromer med nyanser av l\u00e4der, honung, krydddagar, sesam, torkad fikon och r\u00f6kt te.<\/p>\n<p>Kavalan slog in p\u00e5 whiskyscenen med sin f\u00f6rsta whisky 2008. P\u00e5 nolltid har destilleriet i Taiwan blivit v\u00e4rldsber\u00f6mt. Det tropiska klimatet med de h\u00f6ga temperaturerna i lagren (l\u00e4tt 42 grader!) g\u00f6r att whiskyn mognar snabbt och f\u00e5r smaken, djupet och komplexiteten hos den betydligt \u00e4ldre whiskyn. &#8221;Angelns andel&#8221; &#8211; m\u00e4ngden whisky som avdunstar per \u00e5r &#8211; ligger n\u00e4stan aldrig under 10-12% (mot runt 3% i Skottland) och kan vissa \u00e5r n\u00e5 15%!<\/p>\n<p>Eftersom Taiwan \u00e4r ett land helt utan whiskytradition kan Kavalan se sig fri fr\u00e5n att beh\u00f6va v\u00e4va ett nostalgiskt narrativ om gammalt hantverk och tradition. Tv\u00e4rtom, de \u00e4r uppfriskande stolta \u00f6ver att vara ett toppmodernt, industriellt destilleri. Faktum \u00e4r att det efter en expansion 2016 \u00e4r ett av v\u00e4rldens 10 st\u00f6rsta whiskydestillerier! Och whiskyn \u00e4r superb. I synnerhet \u00e4r Kavalan k\u00e4nt f\u00f6r sina sherrybomber, tung och fyllig whisky med oceaner av smak, kraft och djup.<\/p>\n","protected":false},"excerpt":{"rendered":"<p>Single Malt Whisky \u2013 Taiwan<\/p>\n","protected":false},"featured_media":103462,"template":"","meta":{"_acf_changed":false,"rs_blank_template":"","rs_page_bg_color":"","slide_template_v7":""},"product_brand":[],"product_cat":[8625,8822],"product_tag":[],"class_list":{"0":"post-106269","1":"product","2":"type-product","3":"status-publish","4":"has-post-thumbnail","6":"product_cat-samples-sv","7":"product_cat-whisky-smakprove","8":"pa_land-taiwan-sv","9":"pa_procent-40-sv-2","10":"pa_producent-kavalan-sv","11":"pa_volume-3-sv","13":"first","14":"instock","15":"taxable","16":"shipping-taxable","17":"purchasable","18":"product-type-simple"},"bundled_by":[],"bundle_stock_status":"instock","bundle_stock_quantity":null,"bundle_virtual":false,"bundle_layout":"","bundle_add_to_cart_form_location":"","bundle_editable_in_cart":false,"bundle_sold_individually_context":"","bundle_item_grouping":"","bundle_min_size":"","bundle_max_size":"","bundle_price":[],"bundled_items":[],"bundle_sell_ids":[],"acf":[],"_links":{"self":[{"href":"https:\/\/www.raschvin.com\/sv\/wp-json\/wp\/v2\/product\/106269","targetHints":{"allow":["GET"]}}],"collection":[{"href":"https:\/\/www.raschvin.com\/sv\/wp-json\/wp\/v2\/product"}],"about":[{"href":"https:\/\/www.raschvin.com\/sv\/wp-json\/wp\/v2\/types\/product"}],"wp:featuredmedia":[{"embeddable":true,"href":"https:\/\/www.raschvin.com\/sv\/wp-json\/wp\/v2\/media\/103462"}],"wp:attachment":[{"href":"https:\/\/www.raschvin.com\/sv\/wp-json\/wp\/v2\/media?parent=106269"}],"wp:term":[{"taxonomy":"product_brand","embeddable":true,"href":"https:\/\/www.raschvin.com\/sv\/wp-json\/wp\/v2\/product_brand?post=106269"},{"taxonomy":"product_cat","embeddable":true,"href":"https:\/\/www.raschvin.com\/sv\/wp-json\/wp\/v2\/product_cat?post=106269"},{"taxonomy":"product_tag","embeddable":true,"href":"https:\/\/www.raschvin.com\/sv\/wp-json\/wp\/v2\/product_tag?post=106269"}],"curies":[{"name":"wp","href":"https:\/\/api.w.org\/{rel}","templated":true}]}}