{"id":106259,"date":"2025-11-18T13:10:58","date_gmt":"2025-11-18T12:10:58","guid":{"rendered":"https:\/\/www.raschvin.com\/?post_type=product&#038;p=106259"},"modified":"2025-11-18T13:13:54","modified_gmt":"2025-11-18T12:13:54","slug":"del-maguey-crema-de-mezcal-70-cl-40-kopier","status":"publish","type":"product","link":"https:\/\/www.raschvin.com\/sv\/produkt\/del-maguey-crema-de-mezcal-70-cl-40-kopier\/","title":{"rendered":"Del Maguey &#8211; Crema de Mezcal 3 cl. (Tasting Sample) 40%"},"content":{"rendered":"<p>Del Maguey Crema de Mezcal \u00e4r en lik\u00f6r gjord p\u00e5 90% mezcal fr\u00e5n San Luis del Rio och 10% miel de agave &#8211; sirap pressad fr\u00e5n bakad agave. Tillsatsen av sirapen ger en delikat s\u00f6tma, som spelar fantastiskt bra med de djupa, r\u00f6kiga tonerna. Crema de Mezcal kan drickas ren, t.ex. som digestif efter en god middag, eller anv\u00e4ndas i cocktails som margaritas. Den \u00e4r buteljerad med 40% alkohol. F\u00e4rg: Klar. Doft: Vackra \u00f6rttoner av rosmarin, agave, v\u00e5t sand och tr\u00e4r\u00f6k. Smaknoter: Kr\u00e4mig och s\u00f6t, med toner av bakat \u00e4pple, citrus och mandel &#8211; allt insvept i r\u00f6k. Serveringsf\u00f6rslag: Njut rent eller skakat med f\u00e4rsk limejuice och glass i en r\u00f6kig twist p\u00e5 en margarita.<\/p>\n","protected":false},"excerpt":{"rendered":"<p>Mezcal &#8211; San Luis del Rio<\/p>\n","protected":false},"featured_media":103462,"template":"","meta":{"_acf_changed":false,"rs_blank_template":"","rs_page_bg_color":"","slide_template_v7":""},"product_brand":[],"product_cat":[8625,8839],"product_tag":[],"class_list":{"0":"post-106259","1":"product","2":"type-product","3":"status-publish","4":"has-post-thumbnail","6":"product_cat-samples-sv","7":"product_cat-tequila-mescal-smakprove","8":"pa_land-mexiko","9":"pa_procent-40-sv-2","10":"pa_producent-del-maguey-sv","11":"pa_region-oaxaca-sv","12":"pa_volume-3-sv","14":"first","15":"instock","16":"taxable","17":"shipping-taxable","18":"purchasable","19":"product-type-simple"},"bundled_by":[],"bundle_stock_status":"instock","bundle_stock_quantity":null,"bundle_virtual":false,"bundle_layout":"","bundle_add_to_cart_form_location":"","bundle_editable_in_cart":false,"bundle_sold_individually_context":"","bundle_item_grouping":"","bundle_min_size":"","bundle_max_size":"","bundle_price":[],"bundled_items":[],"bundle_sell_ids":[],"acf":[],"_links":{"self":[{"href":"https:\/\/www.raschvin.com\/sv\/wp-json\/wp\/v2\/product\/106259","targetHints":{"allow":["GET"]}}],"collection":[{"href":"https:\/\/www.raschvin.com\/sv\/wp-json\/wp\/v2\/product"}],"about":[{"href":"https:\/\/www.raschvin.com\/sv\/wp-json\/wp\/v2\/types\/product"}],"wp:featuredmedia":[{"embeddable":true,"href":"https:\/\/www.raschvin.com\/sv\/wp-json\/wp\/v2\/media\/103462"}],"wp:attachment":[{"href":"https:\/\/www.raschvin.com\/sv\/wp-json\/wp\/v2\/media?parent=106259"}],"wp:term":[{"taxonomy":"product_brand","embeddable":true,"href":"https:\/\/www.raschvin.com\/sv\/wp-json\/wp\/v2\/product_brand?post=106259"},{"taxonomy":"product_cat","embeddable":true,"href":"https:\/\/www.raschvin.com\/sv\/wp-json\/wp\/v2\/product_cat?post=106259"},{"taxonomy":"product_tag","embeddable":true,"href":"https:\/\/www.raschvin.com\/sv\/wp-json\/wp\/v2\/product_tag?post=106259"}],"curies":[{"name":"wp","href":"https:\/\/api.w.org\/{rel}","templated":true}]}}